{"id":45021,"date":"2023-12-12T10:47:06","date_gmt":"2023-12-12T09:47:06","guid":{"rendered":"https:\/\/pet-shopping.de\/shop\/produkt\/trixie-dog-activity-strategiespiel-flower-tower\/"},"modified":"2023-12-12T10:47:10","modified_gmt":"2023-12-12T09:47:10","slug":"trixie-dog-activity-strategiespiel-flower-tower","status":"publish","type":"product","link":"https:\/\/all-pets.de\/shop\/produkt\/trixie-dog-activity-strategiespiel-flower-tower\/","title":{"rendered":"Trixie Dog Activity Strategiespiel Flower Tower"},"content":{"rendered":"<ul>\n<li>Intelligenzspielzeug Level 3<\/li>\n<li>Spielturm mit 6 Kegeln sowie verschiedenen Ebenen, Vertiefungen und Schiebedeckeln <\/li>\n<li>rutschfest durch Gummiring<\/li>\n<li>Kunststoff<\/li>\n<li>inkl. Trainingsanleitung<\/li>\n<li>tierschutzkonform nach \u00a7 18 (AT)<\/li>\n<li>sp\u00fclmaschinenfest<\/li>\n<li>Ma\u00dfe: ca. 30 x 13 cm (Durchmesser x H\u00f6he)<\/li>\n<\/ul>\n","protected":false},"excerpt":{"rendered":"<p>Intelligenzspielzeug Level 3 Spielturm mit 6 Kegeln sowie verschiedenen Ebenen, Vertiefungen und Schiebedeckeln rutschfest durch Gummiring Kunststoff inkl. Trainingsanleitung tierschutzkonform nach \u00a7 18 (AT) sp\u00fclmaschinenfest Ma\u00dfe: ca. 30 x 13 cm (Durchmesser x H\u00f6he)<\/p>\n","protected":false},"featured_media":23421,"comment_status":"closed","ping_status":"open","template":"","meta":[],"product_cat":[13832],"product_tag":[],"class_list":{"0":"post-45021","1":"product","2":"type-product","3":"status-publish","4":"has-post-thumbnail","6":"product_cat-intelligenz-hundespielzeug-sport-intelligenz-spielzeughundewelt","8":"first","9":"instock","10":"taxable","11":"shipping-taxable","12":"purchasable","13":"product-type-simple"},"_links":{"self":[{"href":"https:\/\/all-pets.de\/shop\/wp-json\/wp\/v2\/product\/45021","targetHints":{"allow":["GET"]}}],"collection":[{"href":"https:\/\/all-pets.de\/shop\/wp-json\/wp\/v2\/product"}],"about":[{"href":"https:\/\/all-pets.de\/shop\/wp-json\/wp\/v2\/types\/product"}],"replies":[{"embeddable":true,"href":"https:\/\/all-pets.de\/shop\/wp-json\/wp\/v2\/comments?post=45021"}],"wp:featuredmedia":[{"embeddable":true,"href":"https:\/\/all-pets.de\/shop\/wp-json\/wp\/v2\/media\/23421"}],"wp:attachment":[{"href":"https:\/\/all-pets.de\/shop\/wp-json\/wp\/v2\/media?parent=45021"}],"wp:term":[{"taxonomy":"product_cat","embeddable":true,"href":"https:\/\/all-pets.de\/shop\/wp-json\/wp\/v2\/product_cat?post=45021"},{"taxonomy":"product_tag","embeddable":true,"href":"https:\/\/all-pets.de\/shop\/wp-json\/wp\/v2\/product_tag?post=45021"}],"curies":[{"name":"wp","href":"https:\/\/api.w.org\/{rel}","templated":true}]}}