{"id":45022,"date":"2023-12-12T10:47:13","date_gmt":"2023-12-12T09:47:13","guid":{"rendered":"https:\/\/pet-shopping.de\/shop\/produkt\/trixie-massage-und-fellpflegebogen\/"},"modified":"2023-12-12T10:47:13","modified_gmt":"2023-12-12T09:47:13","slug":"trixie-massage-und-fellpflegebogen","status":"publish","type":"product","link":"https:\/\/all-pets.de\/shop\/produkt\/trixie-massage-und-fellpflegebogen\/","title":{"rendered":"Trixie Massage- und Fellpflegebogen"},"content":{"rendered":"<p><span>Massage, Spielen &#038; Fellpflege<\/span><\/p>\n<ul>\n<li>Alternative zur Fellb\u00fcrste<\/li>\n<li>f\u00f6rdert die nat\u00fcrliche Fellpflege<\/li>\n<li>massiert und entfernt lose Haare<\/li>\n<li>stabile Bodenplatte<\/li>\n<li>langlebige Borsten<\/li>\n<li>Polypropylen\/Polyester\/Metall<\/li>\n<li>Ma\u00dfe: ca. 36 x 33 cm<\/li>\n<li>Farbe: grau<\/li>\n<\/ul>\n","protected":false},"excerpt":{"rendered":"<p>Massage, Spielen &#038; Fellpflege Alternative zur Fellb\u00fcrste f\u00f6rdert die nat\u00fcrliche Fellpflege massiert und entfernt lose Haare stabile Bodenplatte langlebige Borsten Polypropylen\/Polyester\/Metall Ma\u00dfe: ca. 36 x 33 cm Farbe: grau<\/p>\n","protected":false},"featured_media":24551,"comment_status":"closed","ping_status":"open","template":"","meta":[],"product_cat":[13834],"product_tag":[],"class_list":{"0":"post-45022","1":"product","2":"type-product","3":"status-publish","4":"has-post-thumbnail","6":"product_cat-weitere-spielzeuge-katzenspielzeug-katzenbuersten-striegelkatzenwelt-fellpflege-pflege-gesundheit-katzenwelt","8":"first","9":"instock","10":"taxable","11":"shipping-taxable","12":"purchasable","13":"product-type-simple"},"_links":{"self":[{"href":"https:\/\/all-pets.de\/shop\/wp-json\/wp\/v2\/product\/45022","targetHints":{"allow":["GET"]}}],"collection":[{"href":"https:\/\/all-pets.de\/shop\/wp-json\/wp\/v2\/product"}],"about":[{"href":"https:\/\/all-pets.de\/shop\/wp-json\/wp\/v2\/types\/product"}],"replies":[{"embeddable":true,"href":"https:\/\/all-pets.de\/shop\/wp-json\/wp\/v2\/comments?post=45022"}],"wp:featuredmedia":[{"embeddable":true,"href":"https:\/\/all-pets.de\/shop\/wp-json\/wp\/v2\/media\/24551"}],"wp:attachment":[{"href":"https:\/\/all-pets.de\/shop\/wp-json\/wp\/v2\/media?parent=45022"}],"wp:term":[{"taxonomy":"product_cat","embeddable":true,"href":"https:\/\/all-pets.de\/shop\/wp-json\/wp\/v2\/product_cat?post=45022"},{"taxonomy":"product_tag","embeddable":true,"href":"https:\/\/all-pets.de\/shop\/wp-json\/wp\/v2\/product_tag?post=45022"}],"curies":[{"name":"wp","href":"https:\/\/api.w.org\/{rel}","templated":true}]}}