{"id":45031,"date":"2023-12-12T10:47:13","date_gmt":"2023-12-12T09:47:13","guid":{"rendered":"https:\/\/pet-shopping.de\/shop\/produkt\/wolfsblut-dose-blue-mountain-395g\/"},"modified":"2023-12-12T10:47:14","modified_gmt":"2023-12-12T09:47:14","slug":"wolfsblut-dose-blue-mountain-395g","status":"publish","type":"product","link":"https:\/\/all-pets.de\/shop\/produkt\/wolfsblut-dose-blue-mountain-395g\/","title":{"rendered":"Wolfsblut Dose Blue Mountain 395g"},"content":{"rendered":"<p>Blue Mountain<br \/>Nassfutter Wild mit Kartoffeln<\/p>\n<p>Die Rezeptur von BLUE MOUNTAIN Nassfutter verbindet die Nahrung des Wolfs mit den neuesten wissenschaftlichen Erkenntnissen \u00fcber richtige Hundeern\u00e4hrung.<\/p>\n<p>Auf einen Blick:<\/p>\n<p>\u00a0\u00a0\u00a0 Hundeern\u00e4hrung nach dem Vorbild des Wolfes<br \/>\u00a0\u00a0\u00a0 Rezeptur mit nat\u00fcrlichen Inhaltsstoffen<br \/>\u00a0\u00a0\u00a0 Frisches und bek\u00f6mmliches Wild als Hauptbestandteil<br \/>\u00a0\u00a0\u00a0 Wild ist besonders n\u00e4hrstoffreich und besitzt einen w\u00fcrzigen und zugleich sehr nat\u00fcrlichen Geschmack<br \/>\u00a0\u00a0\u00a0 Ohne Getreide, da es im nat\u00fcrlichen Beuteschema des Urahns des Hundes nicht vorkommt und zudem zu den h\u00e4ufigsten Allergieausl\u00f6sern bei Hunden z\u00e4hlt<br \/>\u00a0\u00a0\u00a0 Mit wertvollen Superfoods wie M\u00f6hren, Fenchel, Holunderbeeren, Cranberries sowie Brennnessel, L\u00f6wenzahn und Spirulina mit wertvollen Inhaltsstoffen<br \/>\u00a0\u00a0\u00a0 Gem\u00e4\u00df Lebensmittelstandard produziert<br \/>\u00a0\u00a0\u00a0 Ohne Zucker, Soja, Geschmacksverst\u00e4rkern &#038; k\u00fcnstlichen Zus\u00e4tzen (ausgenommen Vitamine &#038; Mineralstoffe)<br \/>\u00a0\u00a0\u00a0 In Verbindung mit Kartoffeln ist Wild besonders beliebt bei Hunden<br \/>\u00a0\u00a0\u00a0 Mit Tier\u00e4rzten entwickelt<br \/>\u00a0\u00a0\u00a0 Ohne Tierversuche<\/p>\n<p>In den Rocky Mountains Nordamerikas, der arktischen Tundra, den Bergen und W\u00e4ldern Europas bis hin zu den W\u00fcsten und Steppen Zentralasiens jagen W\u00f6lfe ihre Beute. Diese versorgt sie mit Fleisch und n\u00e4hrstoffreichen Innereien, aber auch mit Gem\u00fcse, Fr\u00fcchten, Beeren, Wurzeln und Kr\u00e4utern \u00fcber den Mageninhalt der Beute. Getreide geh\u00f6rt hier nicht dazu. So erh\u00e4lt der Wolf seine ben\u00f6tigten Vitamine, Mineralstoffe, Spurenelemente, Enzyme und sekund\u00e4ren Pflanzenstoffe. Da der Wolf der Urahn aller Hunde ist, orientiert sich unser Wolfsblut Hundenassfutter an diesen nat\u00fcrlichen Fressgewohnheiten des Wolfs. Es enth\u00e4lt viel Fleisch oder Fisch kombiniert mit Superfoods, die wertvolle Inhaltsstoffe enthalten \u2013 und das wie in der Natur, ganz ohne Getreide. Unsere Auswahl an au\u00dfergew\u00f6hnlichen Fleischsorten und n\u00e4hrstoffreichen Superfoods baut dabei auf den Lebensr\u00e4umen des Wolfs und deren bunter Nahrungsvielfalt auf. Wolfsblut bietet jedem Hund eine artgerechte und urspr\u00fcngliche Ern\u00e4hrung und mit seiner Sortenvielfalt ist f\u00fcr jeden etwas dabei, das er vertr\u00e4gt.<br \/>Die einzelnen Futterbestandteile von BLUE MOUNTAIN wurden zusammen mit Tier\u00e4rzten, passend zum nat\u00fcrlichen Beuteschema des Wolfs und den Erkenntnissen zu ganzheitlicher Hundeern\u00e4hrung, zusammengestellt. Das Nassfutter von Wolfsblut ist damit einzigartig und enh\u00e4lt viele Superfoods.<br \/>Inhaltsstoffe<br \/>Zusammensetzung<\/p>\n<p>Wild 67 %, Br\u00fche, Kartoffeln 2 %, Mineralstoffe, M\u00f6hren, Erbsen, Topinambur, Fruchtmischung (Brombeeren, Himbeeren, Holunderbeeren, Schwarze Johannisbeeren, Heidelbeeren, Cranberries), Leinsamen, Yucca-Extrakt, Spinat, Fenchel, Kr\u00e4utermischung (Anissamen, Bockshornklee, Pfefferminze, Petersilie, Oregano, Thymian, Brennnessel, L\u00f6wenzahn, Wei\u00dfdorn, Ginseng), Seegras, Spirulina, Gr\u00fcnlippmuschel.<br \/>Analytische Bestandteile<\/p>\n<p>Rohprotein 10,5 %, Rohfett\u00a0 6,5 %, Rohasche 2,8 %, Rohfaser 1 %, Feuchtigkeit 78 %<\/p>\n","protected":false},"excerpt":{"rendered":"<p>Blue MountainNassfutter Wild mit Kartoffeln Die Rezeptur von BLUE MOUNTAIN Nassfutter verbindet die Nahrung des Wolfs mit den neuesten wissenschaftlichen Erkenntnissen \u00fcber richtige Hundeern\u00e4hrung. Auf einen Blick: \u00a0\u00a0\u00a0 Hundeern\u00e4hrung nach dem Vorbild des Wolfes\u00a0\u00a0\u00a0 Rezeptur mit nat\u00fcrlichen Inhaltsstoffen\u00a0\u00a0\u00a0 Frisches und bek\u00f6mmliches Wild als Hauptbestandteil\u00a0\u00a0\u00a0 Wild ist besonders n\u00e4hrstoffreich und besitzt einen w\u00fcrzigen und zugleich sehr [&hellip;]<\/p>\n","protected":false},"featured_media":45032,"comment_status":"closed","ping_status":"open","template":"","meta":[],"product_cat":[13837],"product_tag":[],"class_list":{"0":"post-45031","1":"product","2":"type-product","3":"status-publish","4":"has-post-thumbnail","6":"product_cat-wolfsblut","8":"first","9":"instock","10":"taxable","11":"shipping-taxable","12":"purchasable","13":"product-type-simple"},"_links":{"self":[{"href":"https:\/\/all-pets.de\/shop\/wp-json\/wp\/v2\/product\/45031","targetHints":{"allow":["GET"]}}],"collection":[{"href":"https:\/\/all-pets.de\/shop\/wp-json\/wp\/v2\/product"}],"about":[{"href":"https:\/\/all-pets.de\/shop\/wp-json\/wp\/v2\/types\/product"}],"replies":[{"embeddable":true,"href":"https:\/\/all-pets.de\/shop\/wp-json\/wp\/v2\/comments?post=45031"}],"wp:featuredmedia":[{"embeddable":true,"href":"https:\/\/all-pets.de\/shop\/wp-json\/wp\/v2\/media\/45032"}],"wp:attachment":[{"href":"https:\/\/all-pets.de\/shop\/wp-json\/wp\/v2\/media?parent=45031"}],"wp:term":[{"taxonomy":"product_cat","embeddable":true,"href":"https:\/\/all-pets.de\/shop\/wp-json\/wp\/v2\/product_cat?post=45031"},{"taxonomy":"product_tag","embeddable":true,"href":"https:\/\/all-pets.de\/shop\/wp-json\/wp\/v2\/product_tag?post=45031"}],"curies":[{"name":"wp","href":"https:\/\/api.w.org\/{rel}","templated":true}]}}