{"id":45033,"date":"2023-12-12T10:47:13","date_gmt":"2023-12-12T09:47:13","guid":{"rendered":"https:\/\/pet-shopping.de\/shop\/produkt\/trixie-heuraufe-zum-anschrauben-mit-deckel\/"},"modified":"2023-12-12T10:47:14","modified_gmt":"2023-12-12T09:47:14","slug":"trixie-heuraufe-zum-anschrauben-mit-deckel","status":"publish","type":"product","link":"https:\/\/all-pets.de\/shop\/produkt\/trixie-heuraufe-zum-anschrauben-mit-deckel\/","title":{"rendered":"Trixie Heuraufe zum Anschrauben mit Deckel"},"content":{"rendered":"<ul>\n<li>optimal f\u00fcr Kleintierst\u00e4lle <\/li>\n<li>mit Deckel, dadurch kein Verletzungsrisiko<\/li>\n<li>Metall, pulverbeschichtet\/Deckel, Kunststoff<\/li>\n<li>tierschutzkonform nach \u00a7 18 (AT)<\/li>\n<li>Ma\u00dfe: ca. 22 \u00d7 16 \u00d7 6 cm<\/li>\n<li>Farbe: schwarz<\/li>\n<li>geeignet z.B. f\u00fcr Kaninchen, Meerschweinchen<\/li>\n<\/ul>\n","protected":false},"excerpt":{"rendered":"<p>optimal f\u00fcr Kleintierst\u00e4lle mit Deckel, dadurch kein Verletzungsrisiko Metall, pulverbeschichtet\/Deckel, Kunststoff tierschutzkonform nach \u00a7 18 (AT) Ma\u00dfe: ca. 22 \u00d7 16 \u00d7 6 cm Farbe: schwarz geeignet z.B. f\u00fcr Kaninchen, Meerschweinchen<\/p>\n","protected":false},"featured_media":45034,"comment_status":"closed","ping_status":"open","template":"","meta":[],"product_cat":[13722],"product_tag":[],"class_list":{"0":"post-45033","1":"product","2":"type-product","3":"status-publish","4":"has-post-thumbnail","6":"product_cat-heuraufen","8":"first","9":"instock","10":"taxable","11":"shipping-taxable","12":"purchasable","13":"product-type-simple"},"_links":{"self":[{"href":"https:\/\/all-pets.de\/shop\/wp-json\/wp\/v2\/product\/45033","targetHints":{"allow":["GET"]}}],"collection":[{"href":"https:\/\/all-pets.de\/shop\/wp-json\/wp\/v2\/product"}],"about":[{"href":"https:\/\/all-pets.de\/shop\/wp-json\/wp\/v2\/types\/product"}],"replies":[{"embeddable":true,"href":"https:\/\/all-pets.de\/shop\/wp-json\/wp\/v2\/comments?post=45033"}],"wp:featuredmedia":[{"embeddable":true,"href":"https:\/\/all-pets.de\/shop\/wp-json\/wp\/v2\/media\/45034"}],"wp:attachment":[{"href":"https:\/\/all-pets.de\/shop\/wp-json\/wp\/v2\/media?parent=45033"}],"wp:term":[{"taxonomy":"product_cat","embeddable":true,"href":"https:\/\/all-pets.de\/shop\/wp-json\/wp\/v2\/product_cat?post=45033"},{"taxonomy":"product_tag","embeddable":true,"href":"https:\/\/all-pets.de\/shop\/wp-json\/wp\/v2\/product_tag?post=45033"}],"curies":[{"name":"wp","href":"https:\/\/api.w.org\/{rel}","templated":true}]}}