{"id":45039,"date":"2023-12-12T10:47:13","date_gmt":"2023-12-12T09:47:13","guid":{"rendered":"https:\/\/pet-shopping.de\/shop\/produkt\/trixie-be-eco-teddy-eddy\/"},"modified":"2023-12-12T10:47:15","modified_gmt":"2023-12-12T09:47:15","slug":"trixie-be-eco-teddy-eddy","status":"publish","type":"product","link":"https:\/\/all-pets.de\/shop\/produkt\/trixie-be-eco-teddy-eddy\/","title":{"rendered":"Trixie Be Eco Teddy Eddy"},"content":{"rendered":"<div class=\"mb-3 row\">\n<div class=\"col\">\n<ul>\n<li>\n<ul>\n<ul>\n<li>nachhaltig durch recyceltes Material<\/li>\n<li>Pl\u00fcsch (Polyester)<\/li>\n<li>mit Stimme<\/li>\n<li>Gr\u00f6\u00dfe: ca. 23 cm<\/li>\n<\/ul>\n<\/ul>\n<\/li>\n<\/ul>\n<\/div>\n<\/div>\n","protected":false},"excerpt":{"rendered":"<p>nachhaltig durch recyceltes Material Pl\u00fcsch (Polyester) mit Stimme Gr\u00f6\u00dfe: ca. 23 cm<\/p>\n","protected":false},"featured_media":45040,"comment_status":"closed","ping_status":"open","template":"","meta":[],"product_cat":[13803],"product_tag":[],"class_list":{"0":"post-45039","1":"product","2":"type-product","3":"status-publish","4":"has-post-thumbnail","6":"product_cat-nachhaltiges-hundespielzeug","8":"first","9":"instock","10":"taxable","11":"shipping-taxable","12":"purchasable","13":"product-type-simple"},"_links":{"self":[{"href":"https:\/\/all-pets.de\/shop\/wp-json\/wp\/v2\/product\/45039","targetHints":{"allow":["GET"]}}],"collection":[{"href":"https:\/\/all-pets.de\/shop\/wp-json\/wp\/v2\/product"}],"about":[{"href":"https:\/\/all-pets.de\/shop\/wp-json\/wp\/v2\/types\/product"}],"replies":[{"embeddable":true,"href":"https:\/\/all-pets.de\/shop\/wp-json\/wp\/v2\/comments?post=45039"}],"wp:featuredmedia":[{"embeddable":true,"href":"https:\/\/all-pets.de\/shop\/wp-json\/wp\/v2\/media\/45040"}],"wp:attachment":[{"href":"https:\/\/all-pets.de\/shop\/wp-json\/wp\/v2\/media?parent=45039"}],"wp:term":[{"taxonomy":"product_cat","embeddable":true,"href":"https:\/\/all-pets.de\/shop\/wp-json\/wp\/v2\/product_cat?post=45039"},{"taxonomy":"product_tag","embeddable":true,"href":"https:\/\/all-pets.de\/shop\/wp-json\/wp\/v2\/product_tag?post=45039"}],"curies":[{"name":"wp","href":"https:\/\/api.w.org\/{rel}","templated":true}]}}