{"id":45056,"date":"2023-12-12T10:47:18","date_gmt":"2023-12-12T09:47:18","guid":{"rendered":"https:\/\/pet-shopping.de\/shop\/produkt\/karlie-klickfix-distanz-set-fuer-lenkrad-adapter\/"},"modified":"2023-12-12T10:47:19","modified_gmt":"2023-12-12T09:47:19","slug":"karlie-klickfix-distanz-set-fuer-lenkrad-adapter","status":"publish","type":"product","link":"https:\/\/all-pets.de\/shop\/produkt\/karlie-klickfix-distanz-set-fuer-lenkrad-adapter\/","title":{"rendered":"Karlie Klickfix Distanz-Set f\u00fcr Lenkrad-Adapter"},"content":{"rendered":"<div>Das Distanz-Set f\u00fcr den Klickfix-Adapter k\u00f6nnen Sie verwenden, um die Distanz zwischen Ihrem Fahrradlenker und dem Hundetransportkorb DOGGY TRAVEL JUNIOR zu vergr\u00f6\u00dfern. Der Klickfix-Adapter wird so 43 mm weiter von Ihrem Lenker entfernt sein, ohne dabei an Stabilit\u00e4t und Sicherheit zu verlieren.<\/p>\n<p> Zubeh\u00f6r zum Hundetransportkorb DOGGY TRAVEL JUNIOR (Bild 2, Art-Nr. 31455) bzw. zum Klickfix-Adapter (Bild 3, Art-Nr. 31456).<\/p><\/div>\n<div>\u00a0<\/div>\n<div> <\/div>\n","protected":false},"excerpt":{"rendered":"<p>Das Distanz-Set f\u00fcr den Klickfix-Adapter k\u00f6nnen Sie verwenden, um die Distanz zwischen Ihrem Fahrradlenker und dem Hundetransportkorb DOGGY TRAVEL JUNIOR zu vergr\u00f6\u00dfern. Der Klickfix-Adapter wird so 43 mm weiter von Ihrem Lenker entfernt sein, ohne dabei an Stabilit\u00e4t und Sicherheit zu verlieren. Zubeh\u00f6r zum Hundetransportkorb DOGGY TRAVEL JUNIOR (Bild 2, Art-Nr. 31455) bzw. zum Klickfix-Adapter [&hellip;]<\/p>\n","protected":false},"featured_media":24581,"comment_status":"closed","ping_status":"open","template":"","meta":[],"product_cat":[13843],"product_tag":[],"class_list":{"0":"post-45056","1":"product","2":"type-product","3":"status-publish","4":"has-post-thumbnail","6":"product_cat-rad-und-joggingzubehoer","8":"first","9":"instock","10":"taxable","11":"shipping-taxable","12":"purchasable","13":"product-type-simple"},"_links":{"self":[{"href":"https:\/\/all-pets.de\/shop\/wp-json\/wp\/v2\/product\/45056","targetHints":{"allow":["GET"]}}],"collection":[{"href":"https:\/\/all-pets.de\/shop\/wp-json\/wp\/v2\/product"}],"about":[{"href":"https:\/\/all-pets.de\/shop\/wp-json\/wp\/v2\/types\/product"}],"replies":[{"embeddable":true,"href":"https:\/\/all-pets.de\/shop\/wp-json\/wp\/v2\/comments?post=45056"}],"wp:featuredmedia":[{"embeddable":true,"href":"https:\/\/all-pets.de\/shop\/wp-json\/wp\/v2\/media\/24581"}],"wp:attachment":[{"href":"https:\/\/all-pets.de\/shop\/wp-json\/wp\/v2\/media?parent=45056"}],"wp:term":[{"taxonomy":"product_cat","embeddable":true,"href":"https:\/\/all-pets.de\/shop\/wp-json\/wp\/v2\/product_cat?post=45056"},{"taxonomy":"product_tag","embeddable":true,"href":"https:\/\/all-pets.de\/shop\/wp-json\/wp\/v2\/product_tag?post=45056"}],"curies":[{"name":"wp","href":"https:\/\/api.w.org\/{rel}","templated":true}]}}