{"id":45057,"date":"2023-12-12T10:47:18","date_gmt":"2023-12-12T09:47:18","guid":{"rendered":"https:\/\/pet-shopping.de\/shop\/produkt\/dokas-snack-kaurolle-mit-truthahnbrust-190g\/"},"modified":"2023-12-12T10:47:19","modified_gmt":"2023-12-12T09:47:19","slug":"dokas-snack-kaurolle-mit-truthahnbrust-190g","status":"publish","type":"product","link":"https:\/\/all-pets.de\/shop\/produkt\/dokas-snack-kaurolle-mit-truthahnbrust-190g\/","title":{"rendered":"Dokas Snack Kaurolle mit Truthahnbrust 190g"},"content":{"rendered":"<div class=\"row\">\n<div class=\"col-12\">\n<p>Kaurolle &#8211; Feine Rinderhautstangen, mitTruthahnfleisch umh\u00fcllt, f\u00fcr ein besonderes Geschmackserlebnis. Durchintensives Kauen wird die Kaumuskulatur gest\u00e4rkt. Nebenbei k\u00f6nnen dieKaurollen auch noch die t\u00e4gliche Zahnpflege unterst\u00fctzen.<\/p>\n<\/div>\n<\/div>\n<div class=\"row\">\n<div class=\"col\">\n<p>57 % Truthahnbrust, 33 % Rinderhaut, pflanzliche Nebenerzeugnisse, Mineralstoffe<\/p>\n<p>Rohprotein: 75,0%  Rohfett: 5,4%  Rohasche: 2,9%  Rohfaser: 0,5%  Feuchtigkeit: 14,0%<\/p>\n<\/div>\n<\/div>\n<div class=\"row\">\n<div class=\"col\">\n<p>Als Belohnung zwischen den \u00fcblichen Mahlzeiten.Reduzierung der t\u00e4glichen Futtermenge nach Bedarf (Siehe Energieangabe). Stets ausreichend Trinkwasser bereitstellen. Nach Anbruch bitte k\u00fchlund trocken lagern. Frischebeutel verschlie\u00dfen und Inhalt baldverf\u00fcttern. Der im Beutel befindliche Absorber dient der Frische desProduktes und ist nicht zum Verzehr geeignet. Den Snack unter Aufsichtf\u00fcttern.<\/p>\n<\/div>\n<\/div>\n","protected":false},"excerpt":{"rendered":"<p>Kaurolle &#8211; Feine Rinderhautstangen, mitTruthahnfleisch umh\u00fcllt, f\u00fcr ein besonderes Geschmackserlebnis. Durchintensives Kauen wird die Kaumuskulatur gest\u00e4rkt. Nebenbei k\u00f6nnen dieKaurollen auch noch die t\u00e4gliche Zahnpflege unterst\u00fctzen. 57 % Truthahnbrust, 33 % Rinderhaut, pflanzliche Nebenerzeugnisse, Mineralstoffe Rohprotein: 75,0% Rohfett: 5,4% Rohasche: 2,9% Rohfaser: 0,5% Feuchtigkeit: 14,0% Als Belohnung zwischen den \u00fcblichen Mahlzeiten.Reduzierung der t\u00e4glichen Futtermenge nach Bedarf [&hellip;]<\/p>\n","protected":false},"featured_media":45058,"comment_status":"closed","ping_status":"open","template":"","meta":[],"product_cat":[13814],"product_tag":[],"class_list":{"0":"post-45057","1":"product","2":"type-product","3":"status-publish","4":"has-post-thumbnail","6":"product_cat-dokas","8":"first","9":"instock","10":"taxable","11":"shipping-taxable","12":"purchasable","13":"product-type-simple"},"_links":{"self":[{"href":"https:\/\/all-pets.de\/shop\/wp-json\/wp\/v2\/product\/45057","targetHints":{"allow":["GET"]}}],"collection":[{"href":"https:\/\/all-pets.de\/shop\/wp-json\/wp\/v2\/product"}],"about":[{"href":"https:\/\/all-pets.de\/shop\/wp-json\/wp\/v2\/types\/product"}],"replies":[{"embeddable":true,"href":"https:\/\/all-pets.de\/shop\/wp-json\/wp\/v2\/comments?post=45057"}],"wp:featuredmedia":[{"embeddable":true,"href":"https:\/\/all-pets.de\/shop\/wp-json\/wp\/v2\/media\/45058"}],"wp:attachment":[{"href":"https:\/\/all-pets.de\/shop\/wp-json\/wp\/v2\/media?parent=45057"}],"wp:term":[{"taxonomy":"product_cat","embeddable":true,"href":"https:\/\/all-pets.de\/shop\/wp-json\/wp\/v2\/product_cat?post=45057"},{"taxonomy":"product_tag","embeddable":true,"href":"https:\/\/all-pets.de\/shop\/wp-json\/wp\/v2\/product_tag?post=45057"}],"curies":[{"name":"wp","href":"https:\/\/api.w.org\/{rel}","templated":true}]}}