{"id":45059,"date":"2023-12-12T10:47:18","date_gmt":"2023-12-12T09:47:18","guid":{"rendered":"https:\/\/pet-shopping.de\/shop\/produkt\/beaphar-catcomfort-starter-kit\/"},"modified":"2023-12-12T10:47:20","modified_gmt":"2023-12-12T09:47:20","slug":"beaphar-catcomfort-starter-kit","status":"publish","type":"product","link":"https:\/\/all-pets.de\/shop\/produkt\/beaphar-catcomfort-starter-kit\/","title":{"rendered":"Beaphar CatComfort Starter-Kit"},"content":{"rendered":"<p>Der Gebrauch des vertrauten Pheromons hilft Ihrer Katze, sich Zuhause wohlzuf\u00fchlen und h\u00e4ufig auftretende Probleme, wie z. B. Kratzmarkieren, Harnmarkieren oder \u00c4ngste zu verhindern. Beaphar CatComfort\u00ae ist besonders hilfreich bei Ver\u00e4nderungen in der Katzenumgebung, wie etwa bei einem Umzug, neuen M\u00f6beln oder anderen Einrichtungsver\u00e4nderungen. Eine dauerhafte Stressbelastung kann bei Katzen gelegentlich zu k\u00f6rperlichen Erkrankungen f\u00fchren. Das in Beaphar CatComfort\u00ae verwendete Pheromon ist eine Nachbildung des Gesichtspheromons der Katze, welches von Katzen auf nat\u00fcrlichem Wege produziert wird und ihnen eine anhaltende und beruhigende Botschaft vermittelt, dass in ihrer Umgebung alles in Ordnung ist. Dies kann sich gerade bei der Eingew\u00f6hnung einer Katze in ihr neues Zuhause als sehr hilfreich erweisen. Beaphar CatComfort\u00ae beeinflusst keine anderen Tiere im Haushalt und hat keine ruhigstellende Wirkung auf Ihre Katze. Es kann neben der Einnahme von Medikamenten bei Ihrer Katze verwendet werden. Der Beaphar CatComfort\u00ae Wohlf\u00fchl-Verdampfer sollte in dem Raum eingesetzt werden, in dem Ihre Katze die meiste Zeit verbringt. Eine dauerhafte Anwendung wird f\u00fcr optimale Ergebnisse empfohlen. Ersetzen Sie bei Bedarf nach 30 Tagen Gebrauch den Flakon durch einen neuen Beaphar CatComfort\u00ae Nachf\u00fcll-Flakon.<\/p>\n<p>Eigenschaften<\/p>\n<p>\u00a0\u00a0\u00a0 Reduziert unerw\u00fcnschtes Verhalten wie z. B. Kratzmarkieren, Harnmarkieren oder anhaltendes Miauen<br \/>\u00a0\u00a0\u00a0 F\u00f6rdert Wohlbefinden durch synthetisch nachgebildete Pheromone<br \/>\u00a0\u00a0\u00a0 Enth\u00e4lt die synthetische Nachbildung des vertrauten Gesichtspheromons der Katze<br \/>\u00a0\u00a0\u00a0 Wissenschaftlich belegt <br \/>\u00a0\u00a0\u00a0 Kann stressbedingten Krankheiten bei Katzen vorbeugen<br \/>\u00a0\u00a0\u00a0 Optimal bei Ver\u00e4nderungen in der Umgebung Ihrer Katze wie z.B. Stress bei Umzug, neuen M\u00f6beln, Reisen oder L\u00e4rm (Silvester, Partys) <\/p>\n<p>Produktdetails<\/p>\n<p>\u00a0\u00a0\u00a0 Inhalt: Steckdosen-Verdampfer &#038; Flakon, 48ml<br \/>\u00a0\u00a0\u00a0 Zur Anwendung im Haus &#8211; bis zu 70m\u00b2<br \/>\u00a0\u00a0\u00a0 Einfaches und schnelles Einstecken<br \/>\u00a0\u00a0\u00a0 Bis zu 30 Tage wirksam (bei 12h Nutzung \/ Tag)<br \/>\u00a0\u00a0\u00a0 NUR mit beaphar\u00ae CatComfort\u00ae Flakons verwenden<br \/>\u00a0\u00a0\u00a0 Auch f\u00fcr Kitten geeignet<\/p>\n<p>Verwenden Sie das Ger\u00e4t nur in Verbindung mit einer 230V Steckdose. Verwenden Sie keine Mehrfachsteckdose, Verl\u00e4ngerungskabel, Adapter oder Konverter. Vor Gebrauch beiliegende Gebrauchsanweisung lesen. <\/p>\n","protected":false},"excerpt":{"rendered":"<p>Der Gebrauch des vertrauten Pheromons hilft Ihrer Katze, sich Zuhause wohlzuf\u00fchlen und h\u00e4ufig auftretende Probleme, wie z. B. Kratzmarkieren, Harnmarkieren oder \u00c4ngste zu verhindern. Beaphar CatComfort\u00ae ist besonders hilfreich bei Ver\u00e4nderungen in der Katzenumgebung, wie etwa bei einem Umzug, neuen M\u00f6beln oder anderen Einrichtungsver\u00e4nderungen. Eine dauerhafte Stressbelastung kann bei Katzen gelegentlich zu k\u00f6rperlichen Erkrankungen f\u00fchren. [&hellip;]<\/p>\n","protected":false},"featured_media":45060,"comment_status":"closed","ping_status":"open","template":"","meta":[],"product_cat":[13844],"product_tag":[],"class_list":{"0":"post-45059","1":"product","2":"type-product","3":"status-publish","4":"has-post-thumbnail","6":"product_cat-catcomfort","8":"first","9":"instock","10":"taxable","11":"shipping-taxable","12":"purchasable","13":"product-type-simple"},"_links":{"self":[{"href":"https:\/\/all-pets.de\/shop\/wp-json\/wp\/v2\/product\/45059","targetHints":{"allow":["GET"]}}],"collection":[{"href":"https:\/\/all-pets.de\/shop\/wp-json\/wp\/v2\/product"}],"about":[{"href":"https:\/\/all-pets.de\/shop\/wp-json\/wp\/v2\/types\/product"}],"replies":[{"embeddable":true,"href":"https:\/\/all-pets.de\/shop\/wp-json\/wp\/v2\/comments?post=45059"}],"wp:featuredmedia":[{"embeddable":true,"href":"https:\/\/all-pets.de\/shop\/wp-json\/wp\/v2\/media\/45060"}],"wp:attachment":[{"href":"https:\/\/all-pets.de\/shop\/wp-json\/wp\/v2\/media?parent=45059"}],"wp:term":[{"taxonomy":"product_cat","embeddable":true,"href":"https:\/\/all-pets.de\/shop\/wp-json\/wp\/v2\/product_cat?post=45059"},{"taxonomy":"product_tag","embeddable":true,"href":"https:\/\/all-pets.de\/shop\/wp-json\/wp\/v2\/product_tag?post=45059"}],"curies":[{"name":"wp","href":"https:\/\/api.w.org\/{rel}","templated":true}]}}