{"id":45068,"date":"2023-12-12T10:47:18","date_gmt":"2023-12-12T09:47:18","guid":{"rendered":"https:\/\/pet-shopping.de\/shop\/produkt\/karlie-apportier-snack-dummy-22-cm\/"},"modified":"2023-12-12T10:47:23","modified_gmt":"2023-12-12T09:47:23","slug":"karlie-apportier-snack-dummy-22-cm","status":"publish","type":"product","link":"https:\/\/all-pets.de\/shop\/produkt\/karlie-apportier-snack-dummy-22-cm\/","title":{"rendered":"Karlie Apportier SNACK DUMMY &#8211; 22 cm"},"content":{"rendered":"<p>Dummies werden als Wildersatz bei der Ausbildung von Jagdhundenverwendet oder als idealer Apportiergegenstand f\u00fcr Nicht-Jagdhunde.Gerade Snack Dummies, die mit Leckerlis bef\u00fcllt werden k\u00f6nnen, sorgenSie f\u00fcr eine schnelle Apportierausbildung mit guten Fortschritten. Dankdes verdeckten Rei\u00dfverschlusses besteht keine Verletzungsgefahr. Auspflegeleichtem und robustem Material hergestellt. Es handelt sich beiDummies um einen Arbeitsgegenstand und somit nicht geeignet f\u00fcr Bei\u00df-und Zerrspiele. Daher geben Sie Ihrem Hund den Dummy nur unter Aufsichtoder beim Training.<\/p>\n<p>Ma\u00dfe: ca. 22 x 7 cm<\/p>\n","protected":false},"excerpt":{"rendered":"<p>Dummies werden als Wildersatz bei der Ausbildung von Jagdhundenverwendet oder als idealer Apportiergegenstand f\u00fcr Nicht-Jagdhunde.Gerade Snack Dummies, die mit Leckerlis bef\u00fcllt werden k\u00f6nnen, sorgenSie f\u00fcr eine schnelle Apportierausbildung mit guten Fortschritten. Dankdes verdeckten Rei\u00dfverschlusses besteht keine Verletzungsgefahr. Auspflegeleichtem und robustem Material hergestellt. Es handelt sich beiDummies um einen Arbeitsgegenstand und somit nicht geeignet f\u00fcr Bei\u00df-und [&hellip;]<\/p>\n","protected":false},"featured_media":24602,"comment_status":"closed","ping_status":"open","template":"","meta":[],"product_cat":[13847],"product_tag":[],"class_list":{"0":"post-45068","1":"product","2":"type-product","3":"status-publish","4":"has-post-thumbnail","6":"product_cat-trainings-zubehoer-erziehung-apportierenhundewelt","8":"first","9":"instock","10":"taxable","11":"shipping-taxable","12":"purchasable","13":"product-type-simple"},"_links":{"self":[{"href":"https:\/\/all-pets.de\/shop\/wp-json\/wp\/v2\/product\/45068","targetHints":{"allow":["GET"]}}],"collection":[{"href":"https:\/\/all-pets.de\/shop\/wp-json\/wp\/v2\/product"}],"about":[{"href":"https:\/\/all-pets.de\/shop\/wp-json\/wp\/v2\/types\/product"}],"replies":[{"embeddable":true,"href":"https:\/\/all-pets.de\/shop\/wp-json\/wp\/v2\/comments?post=45068"}],"wp:featuredmedia":[{"embeddable":true,"href":"https:\/\/all-pets.de\/shop\/wp-json\/wp\/v2\/media\/24602"}],"wp:attachment":[{"href":"https:\/\/all-pets.de\/shop\/wp-json\/wp\/v2\/media?parent=45068"}],"wp:term":[{"taxonomy":"product_cat","embeddable":true,"href":"https:\/\/all-pets.de\/shop\/wp-json\/wp\/v2\/product_cat?post=45068"},{"taxonomy":"product_tag","embeddable":true,"href":"https:\/\/all-pets.de\/shop\/wp-json\/wp\/v2\/product_tag?post=45068"}],"curies":[{"name":"wp","href":"https:\/\/api.w.org\/{rel}","templated":true}]}}