{"id":45070,"date":"2023-12-12T10:47:18","date_gmt":"2023-12-12T09:47:18","guid":{"rendered":"https:\/\/pet-shopping.de\/shop\/produkt\/karlie-trim-treat-futtertasche\/"},"modified":"2023-12-12T10:47:23","modified_gmt":"2023-12-12T09:47:23","slug":"karlie-trim-treat-futtertasche","status":"publish","type":"product","link":"https:\/\/all-pets.de\/shop\/produkt\/karlie-trim-treat-futtertasche\/","title":{"rendered":"Karlie Trim Treat Futtertasche"},"content":{"rendered":"<div> Mit praktischer Metallb\u00fcgel-\u00d6ffnung. Komplett mit Bauchgurt verstellbar. Mit G\u00fcrtel\/Taschenclip, Handytasche, kleiner Tasche mit Rei\u00dfverschluss und Schl\u00fcsselring zum Befestigen von z.B. Clicker, Discscheiben etc. Strapazierf\u00e4higes Nylonmaterial. Mit reflektierendem Streifen zur Sicherheit. Gr\u00f6\u00dfe: ca. 19 x 22 cm. Farbe: Schwarz. <\/div>\n","protected":false},"excerpt":{"rendered":"<p>Mit praktischer Metallb\u00fcgel-\u00d6ffnung. Komplett mit Bauchgurt verstellbar. Mit G\u00fcrtel\/Taschenclip, Handytasche, kleiner Tasche mit Rei\u00dfverschluss und Schl\u00fcsselring zum Befestigen von z.B. Clicker, Discscheiben etc. Strapazierf\u00e4higes Nylonmaterial. Mit reflektierendem Streifen zur Sicherheit. Gr\u00f6\u00dfe: ca. 19 x 22 cm. Farbe: Schwarz.<\/p>\n","protected":false},"featured_media":24605,"comment_status":"closed","ping_status":"open","template":"","meta":[],"product_cat":[13848],"product_tag":[],"class_list":{"0":"post-45070","1":"product","2":"type-product","3":"status-publish","4":"has-post-thumbnail","6":"product_cat-gurt-futtertaschen","8":"first","9":"instock","10":"taxable","11":"shipping-taxable","12":"purchasable","13":"product-type-simple"},"_links":{"self":[{"href":"https:\/\/all-pets.de\/shop\/wp-json\/wp\/v2\/product\/45070","targetHints":{"allow":["GET"]}}],"collection":[{"href":"https:\/\/all-pets.de\/shop\/wp-json\/wp\/v2\/product"}],"about":[{"href":"https:\/\/all-pets.de\/shop\/wp-json\/wp\/v2\/types\/product"}],"replies":[{"embeddable":true,"href":"https:\/\/all-pets.de\/shop\/wp-json\/wp\/v2\/comments?post=45070"}],"wp:featuredmedia":[{"embeddable":true,"href":"https:\/\/all-pets.de\/shop\/wp-json\/wp\/v2\/media\/24605"}],"wp:attachment":[{"href":"https:\/\/all-pets.de\/shop\/wp-json\/wp\/v2\/media?parent=45070"}],"wp:term":[{"taxonomy":"product_cat","embeddable":true,"href":"https:\/\/all-pets.de\/shop\/wp-json\/wp\/v2\/product_cat?post=45070"},{"taxonomy":"product_tag","embeddable":true,"href":"https:\/\/all-pets.de\/shop\/wp-json\/wp\/v2\/product_tag?post=45070"}],"curies":[{"name":"wp","href":"https:\/\/api.w.org\/{rel}","templated":true}]}}