{"id":45074,"date":"2023-12-12T10:47:18","date_gmt":"2023-12-12T09:47:18","guid":{"rendered":"https:\/\/pet-shopping.de\/shop\/produkt\/karlie-flamingo-doggy-pool-spielbaelle\/"},"modified":"2023-12-12T10:47:24","modified_gmt":"2023-12-12T09:47:24","slug":"karlie-flamingo-doggy-pool-spielbaelle","status":"publish","type":"product","link":"https:\/\/all-pets.de\/shop\/produkt\/karlie-flamingo-doggy-pool-spielbaelle\/","title":{"rendered":"Karlie Flamingo Doggy Pool Spielb\u00e4lle"},"content":{"rendered":"<p>Die bunten Spielb\u00e4lle verwandeln den Doggy Pool in ein farbenfrohes B\u00e4llebad. Ideal zur Welpenerziehung in der Pr\u00e4gungsphase. <\/p>\n<p>Das Set umfasst 250 B\u00e4lle mit ca. 6 cm Durchmesser. <br \/> Der Pool ist nicht im Lieferumfang enthalten!<\/p>\n","protected":false},"excerpt":{"rendered":"<p>Die bunten Spielb\u00e4lle verwandeln den Doggy Pool in ein farbenfrohes B\u00e4llebad. Ideal zur Welpenerziehung in der Pr\u00e4gungsphase. Das Set umfasst 250 B\u00e4lle mit ca. 6 cm Durchmesser. Der Pool ist nicht im Lieferumfang enthalten!<\/p>\n","protected":false},"featured_media":24618,"comment_status":"closed","ping_status":"open","template":"","meta":[],"product_cat":[13850],"product_tag":[],"class_list":{"0":"post-45074","1":"product","2":"type-product","3":"status-publish","4":"has-post-thumbnail","6":"product_cat-swimmingpools","8":"first","9":"instock","10":"taxable","11":"shipping-taxable","12":"purchasable","13":"product-type-simple"},"_links":{"self":[{"href":"https:\/\/all-pets.de\/shop\/wp-json\/wp\/v2\/product\/45074","targetHints":{"allow":["GET"]}}],"collection":[{"href":"https:\/\/all-pets.de\/shop\/wp-json\/wp\/v2\/product"}],"about":[{"href":"https:\/\/all-pets.de\/shop\/wp-json\/wp\/v2\/types\/product"}],"replies":[{"embeddable":true,"href":"https:\/\/all-pets.de\/shop\/wp-json\/wp\/v2\/comments?post=45074"}],"wp:featuredmedia":[{"embeddable":true,"href":"https:\/\/all-pets.de\/shop\/wp-json\/wp\/v2\/media\/24618"}],"wp:attachment":[{"href":"https:\/\/all-pets.de\/shop\/wp-json\/wp\/v2\/media?parent=45074"}],"wp:term":[{"taxonomy":"product_cat","embeddable":true,"href":"https:\/\/all-pets.de\/shop\/wp-json\/wp\/v2\/product_cat?post=45074"},{"taxonomy":"product_tag","embeddable":true,"href":"https:\/\/all-pets.de\/shop\/wp-json\/wp\/v2\/product_tag?post=45074"}],"curies":[{"name":"wp","href":"https:\/\/api.w.org\/{rel}","templated":true}]}}