{"id":45084,"date":"2023-12-12T10:47:18","date_gmt":"2023-12-12T09:47:18","guid":{"rendered":"https:\/\/pet-shopping.de\/shop\/produkt\/karlie-deluxe-kratzbaum-banana-leaf-5\/"},"modified":"2023-12-12T10:47:25","modified_gmt":"2023-12-12T09:47:25","slug":"karlie-deluxe-kratzbaum-banana-leaf-5","status":"publish","type":"product","link":"https:\/\/all-pets.de\/shop\/produkt\/karlie-deluxe-kratzbaum-banana-leaf-5\/","title":{"rendered":"Karlie Deluxe Kratzbaum BANANA LEAF 5"},"content":{"rendered":"<div>Banana Leaf &#8211; Das Original! Eine Schlafplatz- und Kratzbaumkombination in trendigem Design. Durch besonders robuste Verarbeitung von Sisal und handgeflochtenen Bananenbl\u00e4ttern wird diese Kombination Ihnen und Ihrer Katze lange Freude bereiten. An den robusten, mit Sisal umwickelten St\u00e4mmen kann sie nach Herzenslust die Krallen wetzen. Einen bequemen Schlafplatz bietet die aus Bananenbl\u00e4ttern handgeflochtene Liegeh\u00f6hle und eine weitere weiche Plattform. Damit das Spielen nicht zu kurz kommt, gibt es auch noch einen Spielball, der an der Plattform befestigt ist. Eine mit weichem Pl\u00fcsch bezogene Grundplatte sorgt f\u00fcr sicheren Stand.<\/p>\n<p>Gesamtma\u00dfe: ca. 81 x 58 x 100 cm (LxBxH)<br \/> Farbe: Beige<\/p>\n<p>Banana-Leaf &#8211; Bananenbl\u00e4tter &#8211; ein wiederentdeckter Naturwerkstoff. In vielen Kulturen ist dieses Material ein fester Bestandteil des t\u00e4glichen Lebens. Die Produktlinie Banana Leaf zeichnet sich durch die \u00e4u\u00dferst robusten und kratzresistenten Naturmaterialen aus. In kunstvoller Handarbeit werden die Bl\u00e4tter zu M\u00f6beln geflochten. Der einzigartige Charakter dieser Naturmaterialien verleiht den Banana-Leaf M\u00f6beln eine ganz besondere Ausstrahlung, die Tiere f\u00fchlen sich geborgen und entspannt. Die runden, eleganten Formen sind ein ganz besonderer Blickfang f\u00fcr jede Wohnung.<\/p><\/div>\n","protected":false},"excerpt":{"rendered":"<p>Banana Leaf &#8211; Das Original! Eine Schlafplatz- und Kratzbaumkombination in trendigem Design. Durch besonders robuste Verarbeitung von Sisal und handgeflochtenen Bananenbl\u00e4ttern wird diese Kombination Ihnen und Ihrer Katze lange Freude bereiten. An den robusten, mit Sisal umwickelten St\u00e4mmen kann sie nach Herzenslust die Krallen wetzen. Einen bequemen Schlafplatz bietet die aus Bananenbl\u00e4ttern handgeflochtene Liegeh\u00f6hle und [&hellip;]<\/p>\n","protected":false},"featured_media":24623,"comment_status":"closed","ping_status":"open","template":"","meta":[],"product_cat":[13704],"product_tag":[],"class_list":{"0":"post-45084","1":"product","2":"type-product","3":"status-publish","4":"has-post-thumbnail","6":"product_cat-kratzbaeume-moebel-bis-100-cmkatzenwelt","8":"first","9":"instock","10":"taxable","11":"shipping-taxable","12":"purchasable","13":"product-type-simple"},"_links":{"self":[{"href":"https:\/\/all-pets.de\/shop\/wp-json\/wp\/v2\/product\/45084","targetHints":{"allow":["GET"]}}],"collection":[{"href":"https:\/\/all-pets.de\/shop\/wp-json\/wp\/v2\/product"}],"about":[{"href":"https:\/\/all-pets.de\/shop\/wp-json\/wp\/v2\/types\/product"}],"replies":[{"embeddable":true,"href":"https:\/\/all-pets.de\/shop\/wp-json\/wp\/v2\/comments?post=45084"}],"wp:featuredmedia":[{"embeddable":true,"href":"https:\/\/all-pets.de\/shop\/wp-json\/wp\/v2\/media\/24623"}],"wp:attachment":[{"href":"https:\/\/all-pets.de\/shop\/wp-json\/wp\/v2\/media?parent=45084"}],"wp:term":[{"taxonomy":"product_cat","embeddable":true,"href":"https:\/\/all-pets.de\/shop\/wp-json\/wp\/v2\/product_cat?post=45084"},{"taxonomy":"product_tag","embeddable":true,"href":"https:\/\/all-pets.de\/shop\/wp-json\/wp\/v2\/product_tag?post=45084"}],"curies":[{"name":"wp","href":"https:\/\/api.w.org\/{rel}","templated":true}]}}