{"id":45086,"date":"2023-12-12T10:47:28","date_gmt":"2023-12-12T09:47:28","guid":{"rendered":"https:\/\/pet-shopping.de\/shop\/produkt\/karlie-deluxe-kratzbaum-banana-leaf-6\/"},"modified":"2023-12-12T10:47:28","modified_gmt":"2023-12-12T09:47:28","slug":"karlie-deluxe-kratzbaum-banana-leaf-6","status":"publish","type":"product","link":"https:\/\/all-pets.de\/shop\/produkt\/karlie-deluxe-kratzbaum-banana-leaf-6\/","title":{"rendered":"Karlie Deluxe Kratzbaum BANANA LEAF 6"},"content":{"rendered":"<div>Banana Leaf &#8211; Das Original! Auch in R\u00e4umen mit geringem Platzangebot l\u00e4sst sich diese Schlafplatz- und Kratzbaumkombination stellen und bietet auch f\u00fcr zwei Katzen genug Platz zum Spielen und Schlafen. Durch besonders robuste Verarbeitung von Sisal und handgeflochtenen Bananenbl\u00e4ttern wird diese Kombination Ihnen und Ihrer Katze lange Freude bereiten. Das trendige Design passt in jede Wohnung. An den robusten, mit Sisal umwickelten St\u00e4mmen kann sie nach Herzenslust die Krallen wetzen. Zwei kuschelige H\u00f6hlen und eine offene Rolle aus Banana Leaf laden ein zum Schlafen, Verstecken oder Ausruhen. Zum Spielen und Fangen gibt es auch noch einen Spielball, der an einer H\u00f6hle befestigt ist. Eine mit weichem Pl\u00fcsch bezogene Grundplatte und die vorgesehene Wandbefestigung sorgen f\u00fcr sicheren Stand.<\/p>\n<p>Gesamtma\u00dfe: ca. 68 x 57 x 229 cm (LxBxH)<br \/> Farbe: Beige<\/p>\n<p>Banana-Leaf &#8211; Bananenbl\u00e4tter &#8211; ein wiederentdeckter Naturwerkstoff. In vielen Kulturen ist dieses Material ein fester Bestandteil des t\u00e4glichen Lebens. Die Produktlinie Banana Leaf zeichnet sich durch die \u00e4u\u00dferst robusten und kratzresistenten Naturmaterialen aus. In kunstvoller Handarbeit werden die Bl\u00e4tter zu M\u00f6beln geflochten. Der einzigartige Charakter dieser Naturmaterialien verleiht den Banana-Leaf M\u00f6beln eine ganz besondere Ausstrahlung, die Tiere f\u00fchlen sich geborgen und entspannt. Die runden, eleganten Formen sind ein ganz besonderer Blickfang f\u00fcr jede Wohnung.<\/p><\/div>\n","protected":false},"excerpt":{"rendered":"<p>Banana Leaf &#8211; Das Original! Auch in R\u00e4umen mit geringem Platzangebot l\u00e4sst sich diese Schlafplatz- und Kratzbaumkombination stellen und bietet auch f\u00fcr zwei Katzen genug Platz zum Spielen und Schlafen. Durch besonders robuste Verarbeitung von Sisal und handgeflochtenen Bananenbl\u00e4ttern wird diese Kombination Ihnen und Ihrer Katze lange Freude bereiten. Das trendige Design passt in jede [&hellip;]<\/p>\n","protected":false},"featured_media":24627,"comment_status":"closed","ping_status":"open","template":"","meta":[],"product_cat":[13851],"product_tag":[],"class_list":{"0":"post-45086","1":"product","2":"type-product","3":"status-publish","4":"has-post-thumbnail","6":"product_cat-kratzbaeume-moebel-bis-225-cmkatzenwelt","8":"first","9":"instock","10":"taxable","11":"shipping-taxable","12":"purchasable","13":"product-type-simple"},"_links":{"self":[{"href":"https:\/\/all-pets.de\/shop\/wp-json\/wp\/v2\/product\/45086","targetHints":{"allow":["GET"]}}],"collection":[{"href":"https:\/\/all-pets.de\/shop\/wp-json\/wp\/v2\/product"}],"about":[{"href":"https:\/\/all-pets.de\/shop\/wp-json\/wp\/v2\/types\/product"}],"replies":[{"embeddable":true,"href":"https:\/\/all-pets.de\/shop\/wp-json\/wp\/v2\/comments?post=45086"}],"wp:featuredmedia":[{"embeddable":true,"href":"https:\/\/all-pets.de\/shop\/wp-json\/wp\/v2\/media\/24627"}],"wp:attachment":[{"href":"https:\/\/all-pets.de\/shop\/wp-json\/wp\/v2\/media?parent=45086"}],"wp:term":[{"taxonomy":"product_cat","embeddable":true,"href":"https:\/\/all-pets.de\/shop\/wp-json\/wp\/v2\/product_cat?post=45086"},{"taxonomy":"product_tag","embeddable":true,"href":"https:\/\/all-pets.de\/shop\/wp-json\/wp\/v2\/product_tag?post=45086"}],"curies":[{"name":"wp","href":"https:\/\/api.w.org\/{rel}","templated":true}]}}