{"id":45091,"date":"2023-12-12T10:47:28","date_gmt":"2023-12-12T09:47:28","guid":{"rendered":"https:\/\/pet-shopping.de\/shop\/produkt\/trixie-hoehle-harvey-mit-treppe-154-x-60-x-60-cm\/"},"modified":"2023-12-12T10:47:29","modified_gmt":"2023-12-12T09:47:29","slug":"trixie-hoehle-harvey-mit-treppe-154-x-60-x-60-cm","status":"publish","type":"product","link":"https:\/\/all-pets.de\/shop\/produkt\/trixie-hoehle-harvey-mit-treppe-154-x-60-x-60-cm\/","title":{"rendered":"Trixie H\u00f6hle Harvey mit Treppe &#8211; 154 \u00d7 60 \u00d7 60 cm"},"content":{"rendered":"<ul>\n<li>optimal auch als Beistellbett<\/li>\n<li>Samt-Haptik\/Langhaar-Pl\u00fcsch<\/li>\n<li>Polyester-Bezug<\/li>\n<li>gepolsterte Liegeplatte mit abnehmbarem Bett (90 \u00d7 60 cm)<\/li>\n<li>Wendekissen mit Schaumstoff-F\u00fcllung<\/li>\n<li>mit Stauraum durch aufklappbare Stufen<\/li>\n<li>zusammenfaltbar und platzsparend zu verstauen<\/li>\n<li>zum Reinigen einfach abwischen<\/li>\n<li>Bett und Kissen: Maschinenw\u00e4sche 40 \u00b0C pflegeleicht<\/li>\n<li>bis zu 25 kg belastbar<\/li>\n<li>tierschutzkonform nach \u00a7 18 (AT)<\/li>\n<li>Ma\u00dfe: ca. 154 \u00d7 60 \u00d7 60 cm<\/li>\n<li>Farbe: grau\/wei\u00df-schwarz<\/li>\n<\/ul>\n","protected":false},"excerpt":{"rendered":"<p>optimal auch als Beistellbett Samt-Haptik\/Langhaar-Pl\u00fcsch Polyester-Bezug gepolsterte Liegeplatte mit abnehmbarem Bett (90 \u00d7 60 cm) Wendekissen mit Schaumstoff-F\u00fcllung mit Stauraum durch aufklappbare Stufen zusammenfaltbar und platzsparend zu verstauen zum Reinigen einfach abwischen Bett und Kissen: Maschinenw\u00e4sche 40 \u00b0C pflegeleicht bis zu 25 kg belastbar tierschutzkonform nach \u00a7 18 (AT) Ma\u00dfe: ca. 154 \u00d7 60 \u00d7 [&hellip;]<\/p>\n","protected":false},"featured_media":45092,"comment_status":"closed","ping_status":"open","template":"","meta":[],"product_cat":[13866],"product_tag":[],"class_list":{"0":"post-45091","1":"product","2":"type-product","3":"status-publish","4":"has-post-thumbnail","6":"product_cat-liegehoehlen","8":"first","9":"instock","10":"taxable","11":"shipping-taxable","12":"purchasable","13":"product-type-simple"},"_links":{"self":[{"href":"https:\/\/all-pets.de\/shop\/wp-json\/wp\/v2\/product\/45091","targetHints":{"allow":["GET"]}}],"collection":[{"href":"https:\/\/all-pets.de\/shop\/wp-json\/wp\/v2\/product"}],"about":[{"href":"https:\/\/all-pets.de\/shop\/wp-json\/wp\/v2\/types\/product"}],"replies":[{"embeddable":true,"href":"https:\/\/all-pets.de\/shop\/wp-json\/wp\/v2\/comments?post=45091"}],"wp:featuredmedia":[{"embeddable":true,"href":"https:\/\/all-pets.de\/shop\/wp-json\/wp\/v2\/media\/45092"}],"wp:attachment":[{"href":"https:\/\/all-pets.de\/shop\/wp-json\/wp\/v2\/media?parent=45091"}],"wp:term":[{"taxonomy":"product_cat","embeddable":true,"href":"https:\/\/all-pets.de\/shop\/wp-json\/wp\/v2\/product_cat?post=45091"},{"taxonomy":"product_tag","embeddable":true,"href":"https:\/\/all-pets.de\/shop\/wp-json\/wp\/v2\/product_tag?post=45091"}],"curies":[{"name":"wp","href":"https:\/\/api.w.org\/{rel}","templated":true}]}}