{"id":45095,"date":"2023-12-12T10:47:28","date_gmt":"2023-12-12T09:47:28","guid":{"rendered":"https:\/\/pet-shopping.de\/shop\/produkt\/trixie-trainings-dummy-aus-jute-12-x-58-cm-88-cm\/"},"modified":"2023-12-12T10:47:30","modified_gmt":"2023-12-12T09:47:30","slug":"trixie-trainings-dummy-aus-jute-12-x-58-cm-88-cm","status":"publish","type":"product","link":"https:\/\/all-pets.de\/shop\/produkt\/trixie-trainings-dummy-aus-jute-12-x-58-cm-88-cm\/","title":{"rendered":"Trixie Trainings-Dummy aus Jute &#8211; 12 \u00d7 58 cm\/88 cm"},"content":{"rendered":"<div class=\"mb-3 row\">\n<div class=\"col\">\n<div class=\"description\">\n<ul>\n<li>Jute<\/li>\n<li>gen\u00e4ht<\/li>\n<li>mit Handschlaufe\/n<\/li>\n<li>Ma\u00dfe: ca. \u00f8 12 \u00d7 58 cm\/88 cm <\/li>\n<\/ul>\n<\/div>\n<\/div>\n<\/div>\n","protected":false},"excerpt":{"rendered":"<p>Jute gen\u00e4ht mit Handschlaufe\/n Ma\u00dfe: ca. \u00f8 12 \u00d7 58 cm\/88 cm<\/p>\n","protected":false},"featured_media":45096,"comment_status":"closed","ping_status":"open","template":"","meta":[],"product_cat":[13869],"product_tag":[],"class_list":{"0":"post-45095","1":"product","2":"type-product","3":"status-publish","4":"has-post-thumbnail","6":"product_cat-apportieren-erziehung-hundewurfspielzeughundewelt-hundespielzeug-sport-trainings-zubehoerhundewelt-erziehung-hundewelt","8":"first","9":"instock","10":"taxable","11":"shipping-taxable","12":"purchasable","13":"product-type-simple"},"_links":{"self":[{"href":"https:\/\/all-pets.de\/shop\/wp-json\/wp\/v2\/product\/45095","targetHints":{"allow":["GET"]}}],"collection":[{"href":"https:\/\/all-pets.de\/shop\/wp-json\/wp\/v2\/product"}],"about":[{"href":"https:\/\/all-pets.de\/shop\/wp-json\/wp\/v2\/types\/product"}],"replies":[{"embeddable":true,"href":"https:\/\/all-pets.de\/shop\/wp-json\/wp\/v2\/comments?post=45095"}],"wp:featuredmedia":[{"embeddable":true,"href":"https:\/\/all-pets.de\/shop\/wp-json\/wp\/v2\/media\/45096"}],"wp:attachment":[{"href":"https:\/\/all-pets.de\/shop\/wp-json\/wp\/v2\/media?parent=45095"}],"wp:term":[{"taxonomy":"product_cat","embeddable":true,"href":"https:\/\/all-pets.de\/shop\/wp-json\/wp\/v2\/product_cat?post=45095"},{"taxonomy":"product_tag","embeddable":true,"href":"https:\/\/all-pets.de\/shop\/wp-json\/wp\/v2\/product_tag?post=45095"}],"curies":[{"name":"wp","href":"https:\/\/api.w.org\/{rel}","templated":true}]}}