{"id":45100,"date":"2023-12-12T10:47:28","date_gmt":"2023-12-12T09:47:28","guid":{"rendered":"https:\/\/pet-shopping.de\/shop\/produkt\/karlie-kaninchen-napf-black-white\/"},"modified":"2023-12-12T10:47:31","modified_gmt":"2023-12-12T09:47:31","slug":"karlie-kaninchen-napf-black-white","status":"publish","type":"product","link":"https:\/\/all-pets.de\/shop\/produkt\/karlie-kaninchen-napf-black-white\/","title":{"rendered":"Karlie Kaninchen-Napf BLACK &#038; WHITE"},"content":{"rendered":"<p>Elegant und doch praktisch! Keramiknapf in dekorativem Design. Au\u00dfen schwarz und innen wei\u00df mit Pf\u00f6tchenmotiv. Hygienisch und leicht zu reinigen.<\/p>\n<p>Inhalt: 250 ml<\/p>\n<p>Durchmesser: ca. 11 cm <\/p><\/p>\n","protected":false},"excerpt":{"rendered":"<p>Elegant und doch praktisch! Keramiknapf in dekorativem Design. Au\u00dfen schwarz und innen wei\u00df mit Pf\u00f6tchenmotiv. Hygienisch und leicht zu reinigen. Inhalt: 250 ml Durchmesser: ca. 11 cm<\/p>\n","protected":false},"featured_media":45101,"comment_status":"closed","ping_status":"open","template":"","meta":[],"product_cat":[13764],"product_tag":[],"class_list":{"0":"post-45100","1":"product","2":"type-product","3":"status-publish","4":"has-post-thumbnail","6":"product_cat-kleintiernaepfe","8":"first","9":"instock","10":"taxable","11":"shipping-taxable","12":"purchasable","13":"product-type-simple"},"_links":{"self":[{"href":"https:\/\/all-pets.de\/shop\/wp-json\/wp\/v2\/product\/45100","targetHints":{"allow":["GET"]}}],"collection":[{"href":"https:\/\/all-pets.de\/shop\/wp-json\/wp\/v2\/product"}],"about":[{"href":"https:\/\/all-pets.de\/shop\/wp-json\/wp\/v2\/types\/product"}],"replies":[{"embeddable":true,"href":"https:\/\/all-pets.de\/shop\/wp-json\/wp\/v2\/comments?post=45100"}],"wp:featuredmedia":[{"embeddable":true,"href":"https:\/\/all-pets.de\/shop\/wp-json\/wp\/v2\/media\/45101"}],"wp:attachment":[{"href":"https:\/\/all-pets.de\/shop\/wp-json\/wp\/v2\/media?parent=45100"}],"wp:term":[{"taxonomy":"product_cat","embeddable":true,"href":"https:\/\/all-pets.de\/shop\/wp-json\/wp\/v2\/product_cat?post=45100"},{"taxonomy":"product_tag","embeddable":true,"href":"https:\/\/all-pets.de\/shop\/wp-json\/wp\/v2\/product_tag?post=45100"}],"curies":[{"name":"wp","href":"https:\/\/api.w.org\/{rel}","templated":true}]}}