{"id":45104,"date":"2023-12-12T10:47:28","date_gmt":"2023-12-12T09:47:28","guid":{"rendered":"https:\/\/pet-shopping.de\/shop\/produkt\/trixie-bauchgurt-mit-leine-fuer-mittelgrosse-und-grosse-hunde\/"},"modified":"2023-12-12T10:47:31","modified_gmt":"2023-12-12T09:47:31","slug":"trixie-bauchgurt-mit-leine-fuer-mittelgrosse-und-grosse-hunde","status":"publish","type":"product","link":"https:\/\/all-pets.de\/shop\/produkt\/trixie-bauchgurt-mit-leine-fuer-mittelgrosse-und-grosse-hunde\/","title":{"rendered":"Trixie Bauchgurt mit Leine f\u00fcr mittelgro\u00dfe und gro\u00dfe Hunde"},"content":{"rendered":"<div class=\"mb-3 row\">\n<div class=\"col\">\n<ul>\n<li>\n<ul>\n<ul>\n<li>f\u00fcr Cani-Cross, zum Joggen, Walken etc.<\/li>\n<li>Anlein-System: verteilt den Zug des Hundes gleichm\u00e4\u00dfig auf die Taille des Hundef\u00fchrers<\/li>\n<li>ruckartiges Ziehen des Hundes wird durch Ruckd\u00e4mpfer abgefedert<\/li>\n<li>angenehmer Tragekomfort durch extra breite Neopren-Polsterung und elastischen Bauchgurt<\/li>\n<li>schnelles L\u00f6sen der Leine durch Schnappverschluss<\/li>\n<li>stufenlos verstellbare Leine mit Handschlaufe, dadurch auch zum normalen F\u00fchren geeignet<\/li>\n<li>Karabinerhaken zum Befestigen von z. B. Hundekotbeutel oder Schl\u00fcssel<\/li>\n<li>reflektierende Elemente<\/li>\n<li>Gurtband<\/li>\n<li>Bauchumfang: ca. 70\u2013120 cm<\/li>\n<li>Leine: ca. 1,10\u20131,50 m\/20 mm<\/li>\n<\/ul>\n<\/ul>\n<\/li>\n<\/ul>\n<\/div>\n<\/div>\n","protected":false},"excerpt":{"rendered":"<p>f\u00fcr Cani-Cross, zum Joggen, Walken etc. Anlein-System: verteilt den Zug des Hundes gleichm\u00e4\u00dfig auf die Taille des Hundef\u00fchrers ruckartiges Ziehen des Hundes wird durch Ruckd\u00e4mpfer abgefedert angenehmer Tragekomfort durch extra breite Neopren-Polsterung und elastischen Bauchgurt schnelles L\u00f6sen der Leine durch Schnappverschluss stufenlos verstellbare Leine mit Handschlaufe, dadurch auch zum normalen F\u00fchren geeignet Karabinerhaken zum Befestigen [&hellip;]<\/p>\n","protected":false},"featured_media":45105,"comment_status":"closed","ping_status":"open","template":"","meta":[],"product_cat":[13870],"product_tag":[],"class_list":{"0":"post-45104","1":"product","2":"type-product","3":"status-publish","4":"has-post-thumbnail","6":"product_cat-weitere-leinen","8":"first","9":"instock","10":"taxable","11":"shipping-taxable","12":"purchasable","13":"product-type-simple"},"_links":{"self":[{"href":"https:\/\/all-pets.de\/shop\/wp-json\/wp\/v2\/product\/45104","targetHints":{"allow":["GET"]}}],"collection":[{"href":"https:\/\/all-pets.de\/shop\/wp-json\/wp\/v2\/product"}],"about":[{"href":"https:\/\/all-pets.de\/shop\/wp-json\/wp\/v2\/types\/product"}],"replies":[{"embeddable":true,"href":"https:\/\/all-pets.de\/shop\/wp-json\/wp\/v2\/comments?post=45104"}],"wp:featuredmedia":[{"embeddable":true,"href":"https:\/\/all-pets.de\/shop\/wp-json\/wp\/v2\/media\/45105"}],"wp:attachment":[{"href":"https:\/\/all-pets.de\/shop\/wp-json\/wp\/v2\/media?parent=45104"}],"wp:term":[{"taxonomy":"product_cat","embeddable":true,"href":"https:\/\/all-pets.de\/shop\/wp-json\/wp\/v2\/product_cat?post=45104"},{"taxonomy":"product_tag","embeddable":true,"href":"https:\/\/all-pets.de\/shop\/wp-json\/wp\/v2\/product_tag?post=45104"}],"curies":[{"name":"wp","href":"https:\/\/api.w.org\/{rel}","templated":true}]}}