{"id":45108,"date":"2023-12-12T10:47:28","date_gmt":"2023-12-12T09:47:28","guid":{"rendered":"https:\/\/pet-shopping.de\/shop\/produkt\/trixie-vogelspielplatz-aus-naturholz\/"},"modified":"2023-12-12T10:47:32","modified_gmt":"2023-12-12T09:47:32","slug":"trixie-vogelspielplatz-aus-naturholz","status":"publish","type":"product","link":"https:\/\/all-pets.de\/shop\/produkt\/trixie-vogelspielplatz-aus-naturholz\/","title":{"rendered":"Trixie Vogelspielplatz aus Naturholz"},"content":{"rendered":"<p>Der Vogelspielplatz aus Naturholz bietet jede Menge Besch\u00e4ftigungsm\u00f6glichkeiten f\u00fcr kleine Vogelarten, wie Kanarien und Wellensittiche. Einfache Montage.<\/p>\n<p>Ma\u00dfe: ca. 35 x 29 x 25 cm (BxHxT)<\/p>\n","protected":false},"excerpt":{"rendered":"<p>Der Vogelspielplatz aus Naturholz bietet jede Menge Besch\u00e4ftigungsm\u00f6glichkeiten f\u00fcr kleine Vogelarten, wie Kanarien und Wellensittiche. Einfache Montage. Ma\u00dfe: ca. 35 x 29 x 25 cm (BxHxT)<\/p>\n","protected":false},"featured_media":15388,"comment_status":"closed","ping_status":"open","template":"","meta":[],"product_cat":[13692],"product_tag":[],"class_list":{"0":"post-45108","1":"product","2":"type-product","3":"status-publish","4":"has-post-thumbnail","6":"product_cat-spielzeug","8":"first","9":"instock","10":"taxable","11":"shipping-taxable","12":"purchasable","13":"product-type-simple"},"_links":{"self":[{"href":"https:\/\/all-pets.de\/shop\/wp-json\/wp\/v2\/product\/45108","targetHints":{"allow":["GET"]}}],"collection":[{"href":"https:\/\/all-pets.de\/shop\/wp-json\/wp\/v2\/product"}],"about":[{"href":"https:\/\/all-pets.de\/shop\/wp-json\/wp\/v2\/types\/product"}],"replies":[{"embeddable":true,"href":"https:\/\/all-pets.de\/shop\/wp-json\/wp\/v2\/comments?post=45108"}],"wp:featuredmedia":[{"embeddable":true,"href":"https:\/\/all-pets.de\/shop\/wp-json\/wp\/v2\/media\/15388"}],"wp:attachment":[{"href":"https:\/\/all-pets.de\/shop\/wp-json\/wp\/v2\/media?parent=45108"}],"wp:term":[{"taxonomy":"product_cat","embeddable":true,"href":"https:\/\/all-pets.de\/shop\/wp-json\/wp\/v2\/product_cat?post=45108"},{"taxonomy":"product_tag","embeddable":true,"href":"https:\/\/all-pets.de\/shop\/wp-json\/wp\/v2\/product_tag?post=45108"}],"curies":[{"name":"wp","href":"https:\/\/api.w.org\/{rel}","templated":true}]}}