{"id":45115,"date":"2023-12-12T10:47:28","date_gmt":"2023-12-12T09:47:28","guid":{"rendered":"https:\/\/pet-shopping.de\/shop\/produkt\/dokas-cat-snack-huehnchen-rolle-mit-thunfisch-10g\/"},"modified":"2023-12-12T10:47:33","modified_gmt":"2023-12-12T09:47:33","slug":"dokas-cat-snack-huehnchen-rolle-mit-thunfisch-10g","status":"publish","type":"product","link":"https:\/\/all-pets.de\/shop\/produkt\/dokas-cat-snack-huehnchen-rolle-mit-thunfisch-10g\/","title":{"rendered":"Dokas Cat Snack H\u00fchnchen-Rolle mit Thunfisch 10g"},"content":{"rendered":"<div class=\"row\">\n<div class=\"col-12\">\n<p>Dieser Snack spielt immer eine Rolle!<\/p>\n<p>Die softe Rolle mit weichem Kern<br \/>Nachhaltig! Der Thunfisch ist MSC-zertifiziert<br \/>Frei von Soja, Gluten und Getreide und ohne Zusatz von Zucker<br \/>Eine leckere H\u00fclle aus H\u00fchnchenbrustfilet mit einer cremigen F\u00fcllung<br \/>aus Rindfleisch oder Thunfisch<\/p>\n<\/div>\n<\/div>\n<div class=\"row\">\n<div class=\"col\">\n<p>73 % H\u00fchnerbrustfilet, 20 % Fisch (Thunfisch), pflanzliche Nebenerzeugnisse, Mineralstoffe, Hefen, Reis<\/p>\n<\/div>\n<\/div>\n<div class=\"row\">\n<div class=\"col\">\n<p>Als Belohnung zwischen den \u00fcblichen Mahlzeiten.Reduzierung der t\u00e4glichen Futtermenge nach Bedarf (Siehe Energieangabe). Stets ausreichend Trinkwasser bereitstellen. Nach Anbruch bitte k\u00fchlund trocken lagern. Frischebeutel verschlie\u00dfen und Inhalt baldverf\u00fcttern. Der im Beutel befindliche Absorber dient der Frische desProduktes und ist nicht zum Verzehr geeignet. Den Snack unter Aufsichtf\u00fcttern.<\/p>\n<\/div>\n<\/div>\n","protected":false},"excerpt":{"rendered":"<p>Dieser Snack spielt immer eine Rolle! Die softe Rolle mit weichem KernNachhaltig! Der Thunfisch ist MSC-zertifiziertFrei von Soja, Gluten und Getreide und ohne Zusatz von ZuckerEine leckere H\u00fclle aus H\u00fchnchenbrustfilet mit einer cremigen F\u00fcllungaus Rindfleisch oder Thunfisch 73 % H\u00fchnerbrustfilet, 20 % Fisch (Thunfisch), pflanzliche Nebenerzeugnisse, Mineralstoffe, Hefen, Reis Als Belohnung zwischen den \u00fcblichen Mahlzeiten.Reduzierung [&hellip;]<\/p>\n","protected":false},"featured_media":27387,"comment_status":"closed","ping_status":"open","template":"","meta":[],"product_cat":[13781],"product_tag":[],"class_list":{"0":"post-45115","1":"product","2":"type-product","3":"status-publish","4":"has-post-thumbnail","6":"product_cat-dokas-cat","8":"first","9":"instock","10":"taxable","11":"shipping-taxable","12":"purchasable","13":"product-type-simple"},"_links":{"self":[{"href":"https:\/\/all-pets.de\/shop\/wp-json\/wp\/v2\/product\/45115","targetHints":{"allow":["GET"]}}],"collection":[{"href":"https:\/\/all-pets.de\/shop\/wp-json\/wp\/v2\/product"}],"about":[{"href":"https:\/\/all-pets.de\/shop\/wp-json\/wp\/v2\/types\/product"}],"replies":[{"embeddable":true,"href":"https:\/\/all-pets.de\/shop\/wp-json\/wp\/v2\/comments?post=45115"}],"wp:featuredmedia":[{"embeddable":true,"href":"https:\/\/all-pets.de\/shop\/wp-json\/wp\/v2\/media\/27387"}],"wp:attachment":[{"href":"https:\/\/all-pets.de\/shop\/wp-json\/wp\/v2\/media?parent=45115"}],"wp:term":[{"taxonomy":"product_cat","embeddable":true,"href":"https:\/\/all-pets.de\/shop\/wp-json\/wp\/v2\/product_cat?post=45115"},{"taxonomy":"product_tag","embeddable":true,"href":"https:\/\/all-pets.de\/shop\/wp-json\/wp\/v2\/product_tag?post=45115"}],"curies":[{"name":"wp","href":"https:\/\/api.w.org\/{rel}","templated":true}]}}