{"id":45123,"date":"2023-12-12T10:47:34","date_gmt":"2023-12-12T09:47:34","guid":{"rendered":"https:\/\/pet-shopping.de\/shop\/produkt\/trixie-kleintierhaus-aus-papiergarn\/"},"modified":"2023-12-12T10:47:35","modified_gmt":"2023-12-12T09:47:35","slug":"trixie-kleintierhaus-aus-papiergarn","status":"publish","type":"product","link":"https:\/\/all-pets.de\/shop\/produkt\/trixie-kleintierhaus-aus-papiergarn\/","title":{"rendered":"Trixie Kleintierhaus aus Papiergarn"},"content":{"rendered":"<ul>\n<li>mit Aussichtsplatz auf dem Dach<\/li>\n<li>2 Eing\u00e4nge<\/li>\n<li>formstabil durch Metallrahmen<\/li>\n<li>Papiergarn<\/li>\n<li>Ma\u00dfe: ca. 45 x 20 x 30 cm<\/li>\n<li>geeignet z.B. f\u00fcr Kaninchen und Meerschweinchen<\/li>\n<li>Farbe: grau<\/li>\n<\/ul>\n","protected":false},"excerpt":{"rendered":"<p>mit Aussichtsplatz auf dem Dach 2 Eing\u00e4nge formstabil durch Metallrahmen Papiergarn Ma\u00dfe: ca. 45 x 20 x 30 cm geeignet z.B. f\u00fcr Kaninchen und Meerschweinchen Farbe: grau<\/p>\n","protected":false},"featured_media":5292,"comment_status":"closed","ping_status":"open","template":"","meta":[],"product_cat":[13746],"product_tag":[],"class_list":{"0":"post-45123","1":"product","2":"type-product","3":"status-publish","4":"has-post-thumbnail","6":"product_cat-weitere-haeuser","8":"first","9":"instock","10":"taxable","11":"shipping-taxable","12":"purchasable","13":"product-type-simple"},"_links":{"self":[{"href":"https:\/\/all-pets.de\/shop\/wp-json\/wp\/v2\/product\/45123","targetHints":{"allow":["GET"]}}],"collection":[{"href":"https:\/\/all-pets.de\/shop\/wp-json\/wp\/v2\/product"}],"about":[{"href":"https:\/\/all-pets.de\/shop\/wp-json\/wp\/v2\/types\/product"}],"replies":[{"embeddable":true,"href":"https:\/\/all-pets.de\/shop\/wp-json\/wp\/v2\/comments?post=45123"}],"wp:featuredmedia":[{"embeddable":true,"href":"https:\/\/all-pets.de\/shop\/wp-json\/wp\/v2\/media\/5292"}],"wp:attachment":[{"href":"https:\/\/all-pets.de\/shop\/wp-json\/wp\/v2\/media?parent=45123"}],"wp:term":[{"taxonomy":"product_cat","embeddable":true,"href":"https:\/\/all-pets.de\/shop\/wp-json\/wp\/v2\/product_cat?post=45123"},{"taxonomy":"product_tag","embeddable":true,"href":"https:\/\/all-pets.de\/shop\/wp-json\/wp\/v2\/product_tag?post=45123"}],"curies":[{"name":"wp","href":"https:\/\/api.w.org\/{rel}","templated":true}]}}