{"id":45124,"date":"2023-12-12T10:47:34","date_gmt":"2023-12-12T09:47:34","guid":{"rendered":"https:\/\/pet-shopping.de\/shop\/produkt\/trixie-meisenknoedelhalter-11-x-25-x-10-cm\/"},"modified":"2023-12-12T10:47:35","modified_gmt":"2023-12-12T09:47:35","slug":"trixie-meisenknoedelhalter-11-x-25-x-10-cm","status":"publish","type":"product","link":"https:\/\/all-pets.de\/shop\/produkt\/trixie-meisenknoedelhalter-11-x-25-x-10-cm\/","title":{"rendered":"Trixie Meisenkn\u00f6delhalter 11 \u00d7 25 \u00d7 10 cm"},"content":{"rendered":"<ul>\n<li> Metall, pulverbeschichtet <\/li>\n<li> f\u00fcr bis zu 4 Meisenkn\u00f6del <\/li>\n<li> m\u00fchelos zu bef\u00fcllen durch abnehmbares Dach <\/li>\n<li> zum Aufh\u00e4ngen <\/li>\n<li>wetterfest<\/li>\n<li>Ma\u00dfe: ca. 11 x 25 x 10 cm<\/li>\n<li>Farbe: schwarz<\/li>\n<\/ul>\n","protected":false},"excerpt":{"rendered":"<p>Metall, pulverbeschichtet f\u00fcr bis zu 4 Meisenkn\u00f6del m\u00fchelos zu bef\u00fcllen durch abnehmbares Dach zum Aufh\u00e4ngen wetterfest Ma\u00dfe: ca. 11 x 25 x 10 cm Farbe: schwarz<\/p>\n","protected":false},"featured_media":36598,"comment_status":"closed","ping_status":"open","template":"","meta":[],"product_cat":[13879],"product_tag":[],"class_list":{"0":"post-45124","1":"product","2":"type-product","3":"status-publish","4":"has-post-thumbnail","6":"product_cat-knoedel","8":"first","9":"instock","10":"taxable","11":"shipping-taxable","12":"purchasable","13":"product-type-simple"},"_links":{"self":[{"href":"https:\/\/all-pets.de\/shop\/wp-json\/wp\/v2\/product\/45124","targetHints":{"allow":["GET"]}}],"collection":[{"href":"https:\/\/all-pets.de\/shop\/wp-json\/wp\/v2\/product"}],"about":[{"href":"https:\/\/all-pets.de\/shop\/wp-json\/wp\/v2\/types\/product"}],"replies":[{"embeddable":true,"href":"https:\/\/all-pets.de\/shop\/wp-json\/wp\/v2\/comments?post=45124"}],"wp:featuredmedia":[{"embeddable":true,"href":"https:\/\/all-pets.de\/shop\/wp-json\/wp\/v2\/media\/36598"}],"wp:attachment":[{"href":"https:\/\/all-pets.de\/shop\/wp-json\/wp\/v2\/media?parent=45124"}],"wp:term":[{"taxonomy":"product_cat","embeddable":true,"href":"https:\/\/all-pets.de\/shop\/wp-json\/wp\/v2\/product_cat?post=45124"},{"taxonomy":"product_tag","embeddable":true,"href":"https:\/\/all-pets.de\/shop\/wp-json\/wp\/v2\/product_tag?post=45124"}],"curies":[{"name":"wp","href":"https:\/\/api.w.org\/{rel}","templated":true}]}}