{"id":45125,"date":"2023-12-12T10:47:34","date_gmt":"2023-12-12T09:47:34","guid":{"rendered":"https:\/\/pet-shopping.de\/shop\/produkt\/karlie-maeusefamilie\/"},"modified":"2023-12-12T10:47:35","modified_gmt":"2023-12-12T09:47:35","slug":"karlie-maeusefamilie","status":"publish","type":"product","link":"https:\/\/all-pets.de\/shop\/produkt\/karlie-maeusefamilie\/","title":{"rendered":"Karlie M\u00e4usefamilie"},"content":{"rendered":"<p>Schon durch den kleinsten Stupser beginnt die gro\u00dfe M\u00e4usejagd.<\/p>\n<p>Die flauschige Pl\u00fcschmaus, die durch eine elastische Feder an der mit Pelz bedeckten Grundplatte befestigt ist, bringt jeden Stubentiger in Spiellaune. Der Spielspa\u00df wird durch den Geruch der Maus nach Katzenminze nur noch verst\u00e4rkt.<\/p>\n<p>Durchmesser Grundplatte : ca. 14 cm<br \/> H\u00f6he : ca. 28 cm<\/p>\n","protected":false},"excerpt":{"rendered":"<p>Schon durch den kleinsten Stupser beginnt die gro\u00dfe M\u00e4usejagd. Die flauschige Pl\u00fcschmaus, die durch eine elastische Feder an der mit Pelz bedeckten Grundplatte befestigt ist, bringt jeden Stubentiger in Spiellaune. Der Spielspa\u00df wird durch den Geruch der Maus nach Katzenminze nur noch verst\u00e4rkt. Durchmesser Grundplatte : ca. 14 cm H\u00f6he : ca. 28 cm<\/p>\n","protected":false},"featured_media":24714,"comment_status":"closed","ping_status":"open","template":"","meta":[],"product_cat":[13698],"product_tag":[],"class_list":{"0":"post-45125","1":"product","2":"type-product","3":"status-publish","4":"has-post-thumbnail","6":"product_cat-katzenspielmaeuse","8":"first","9":"instock","10":"taxable","11":"shipping-taxable","12":"purchasable","13":"product-type-simple"},"_links":{"self":[{"href":"https:\/\/all-pets.de\/shop\/wp-json\/wp\/v2\/product\/45125","targetHints":{"allow":["GET"]}}],"collection":[{"href":"https:\/\/all-pets.de\/shop\/wp-json\/wp\/v2\/product"}],"about":[{"href":"https:\/\/all-pets.de\/shop\/wp-json\/wp\/v2\/types\/product"}],"replies":[{"embeddable":true,"href":"https:\/\/all-pets.de\/shop\/wp-json\/wp\/v2\/comments?post=45125"}],"wp:featuredmedia":[{"embeddable":true,"href":"https:\/\/all-pets.de\/shop\/wp-json\/wp\/v2\/media\/24714"}],"wp:attachment":[{"href":"https:\/\/all-pets.de\/shop\/wp-json\/wp\/v2\/media?parent=45125"}],"wp:term":[{"taxonomy":"product_cat","embeddable":true,"href":"https:\/\/all-pets.de\/shop\/wp-json\/wp\/v2\/product_cat?post=45125"},{"taxonomy":"product_tag","embeddable":true,"href":"https:\/\/all-pets.de\/shop\/wp-json\/wp\/v2\/product_tag?post=45125"}],"curies":[{"name":"wp","href":"https:\/\/api.w.org\/{rel}","templated":true}]}}