{"id":45126,"date":"2023-12-12T10:47:34","date_gmt":"2023-12-12T09:47:34","guid":{"rendered":"https:\/\/pet-shopping.de\/shop\/produkt\/karlie-plueschmaus-im-gitterball-ca-5-cm\/"},"modified":"2023-12-12T10:47:35","modified_gmt":"2023-12-12T09:47:35","slug":"karlie-plueschmaus-im-gitterball-ca-5-cm","status":"publish","type":"product","link":"https:\/\/all-pets.de\/shop\/produkt\/karlie-plueschmaus-im-gitterball-ca-5-cm\/","title":{"rendered":"Karlie Pl\u00fcschmaus im Gitterball &#8211; ca. 5 cm"},"content":{"rendered":"<p>Die Pl\u00fcschmaus sitzt in einem Gitterball, der sich beim Spielen super durch die Gegend rollen l\u00e4sst und so den Jagdinstinkt Ihrer Katze immer wieder aufs Neue weckt. Der Durchmesser des Balls betr\u00e4gt ca. 5 cm.<\/p>\n<p>Diverse Farben. <\/p>\n<p>Eine Farbwahl ist leider nicht m\u00f6glich, da die Farbe je nach Lagerbestand gew\u00e4hlt wird.<\/p>\n","protected":false},"excerpt":{"rendered":"<p>Die Pl\u00fcschmaus sitzt in einem Gitterball, der sich beim Spielen super durch die Gegend rollen l\u00e4sst und so den Jagdinstinkt Ihrer Katze immer wieder aufs Neue weckt. Der Durchmesser des Balls betr\u00e4gt ca. 5 cm. Diverse Farben. Eine Farbwahl ist leider nicht m\u00f6glich, da die Farbe je nach Lagerbestand gew\u00e4hlt wird.<\/p>\n","protected":false},"featured_media":24716,"comment_status":"closed","ping_status":"open","template":"","meta":[],"product_cat":[13752],"product_tag":[],"class_list":{"0":"post-45126","1":"product","2":"type-product","3":"status-publish","4":"has-post-thumbnail","6":"product_cat-katzenspielmaeuse-katzenspielzeug","8":"first","9":"instock","10":"taxable","11":"shipping-taxable","12":"purchasable","13":"product-type-simple"},"_links":{"self":[{"href":"https:\/\/all-pets.de\/shop\/wp-json\/wp\/v2\/product\/45126","targetHints":{"allow":["GET"]}}],"collection":[{"href":"https:\/\/all-pets.de\/shop\/wp-json\/wp\/v2\/product"}],"about":[{"href":"https:\/\/all-pets.de\/shop\/wp-json\/wp\/v2\/types\/product"}],"replies":[{"embeddable":true,"href":"https:\/\/all-pets.de\/shop\/wp-json\/wp\/v2\/comments?post=45126"}],"wp:featuredmedia":[{"embeddable":true,"href":"https:\/\/all-pets.de\/shop\/wp-json\/wp\/v2\/media\/24716"}],"wp:attachment":[{"href":"https:\/\/all-pets.de\/shop\/wp-json\/wp\/v2\/media?parent=45126"}],"wp:term":[{"taxonomy":"product_cat","embeddable":true,"href":"https:\/\/all-pets.de\/shop\/wp-json\/wp\/v2\/product_cat?post=45126"},{"taxonomy":"product_tag","embeddable":true,"href":"https:\/\/all-pets.de\/shop\/wp-json\/wp\/v2\/product_tag?post=45126"}],"curies":[{"name":"wp","href":"https:\/\/api.w.org\/{rel}","templated":true}]}}