{"id":45128,"date":"2023-12-12T10:47:34","date_gmt":"2023-12-12T09:47:34","guid":{"rendered":"https:\/\/pet-shopping.de\/shop\/produkt\/nerf-dog-tennisball-blaster-mit-zielscheibe\/"},"modified":"2023-12-12T10:47:36","modified_gmt":"2023-12-12T09:47:36","slug":"nerf-dog-tennisball-blaster-mit-zielscheibe","status":"publish","type":"product","link":"https:\/\/all-pets.de\/shop\/produkt\/nerf-dog-tennisball-blaster-mit-zielscheibe\/","title":{"rendered":"Nerf Dog Tennisball Blaster mit Zielscheibe"},"content":{"rendered":"<ul>\n<li>Nerf Dog Tennisball Blaster\u00a0<\/li>\n<li>Der bekannte Tennis Ball Blaster<\/li>\n<li>Inklusive 3 Tennisb\u00e4lle<\/li>\n<li>Mit zusammenfaltbarer Zielscheibe aus Nylon zum Aufstellen und verankern<\/li>\n<li>ca. 40 cm Lang<\/li>\n<\/ul>\n<p>NERF DOG Hundespielzeuge sind den aus dem Spielwarenhandelbekannten NERF Blastern und Sportartikeln des bekanntenSpielwarenherstellers HASBRO nachempfunden. Die NERF DOG Hundespielzeuge vereinen optimales und funktionales Design mit speziellen Materialien,die eine intensive Nutzung \u00fcber einen langen Zeitraum erlauben.\u00a0<\/p>\n<p>Die Marke &#8222;Nerf Dog von Hasbro&#8220; steht f\u00fcr innovative und qualitativhochwertige Hundespielzeuge. Die Tennisball-Ballkanone mitSicherheitsabschussmechanismus hat eine Reichweite von bis zu 15 Metern. Sie ist ideal f\u00fcr z. B. kleine Gr\u00fcnfl\u00e4chen geeignet. DieHaltevorrichtung f\u00fcr den Ball sorgt dabei f\u00fcr einen bequemen Transport.<\/p>\n<p>Der Ball kann mit einer einfachen Vorrichtung ohnen direkten Kontakt mit den H\u00e4nden aufgenommen werden.\u00a0<\/p>\n<p>Lass deinen Hund zu einem NERF DOG werden! Hunde lieben es, Spielzeug zu apportieren.<\/p>\n","protected":false},"excerpt":{"rendered":"<p>Nerf Dog Tennisball Blaster\u00a0 Der bekannte Tennis Ball Blaster Inklusive 3 Tennisb\u00e4lle Mit zusammenfaltbarer Zielscheibe aus Nylon zum Aufstellen und verankern ca. 40 cm Lang NERF DOG Hundespielzeuge sind den aus dem Spielwarenhandelbekannten NERF Blastern und Sportartikeln des bekanntenSpielwarenherstellers HASBRO nachempfunden. Die NERF DOG Hundespielzeuge vereinen optimales und funktionales Design mit speziellen Materialien,die eine intensive [&hellip;]<\/p>\n","protected":false},"featured_media":15912,"comment_status":"closed","ping_status":"open","template":"","meta":[],"product_cat":[13680],"product_tag":[],"class_list":{"0":"post-45128","1":"product","2":"type-product","3":"status-publish","4":"has-post-thumbnail","6":"product_cat-hundewurfspielzeug","8":"first","9":"instock","10":"taxable","11":"shipping-taxable","12":"purchasable","13":"product-type-simple"},"_links":{"self":[{"href":"https:\/\/all-pets.de\/shop\/wp-json\/wp\/v2\/product\/45128","targetHints":{"allow":["GET"]}}],"collection":[{"href":"https:\/\/all-pets.de\/shop\/wp-json\/wp\/v2\/product"}],"about":[{"href":"https:\/\/all-pets.de\/shop\/wp-json\/wp\/v2\/types\/product"}],"replies":[{"embeddable":true,"href":"https:\/\/all-pets.de\/shop\/wp-json\/wp\/v2\/comments?post=45128"}],"wp:featuredmedia":[{"embeddable":true,"href":"https:\/\/all-pets.de\/shop\/wp-json\/wp\/v2\/media\/15912"}],"wp:attachment":[{"href":"https:\/\/all-pets.de\/shop\/wp-json\/wp\/v2\/media?parent=45128"}],"wp:term":[{"taxonomy":"product_cat","embeddable":true,"href":"https:\/\/all-pets.de\/shop\/wp-json\/wp\/v2\/product_cat?post=45128"},{"taxonomy":"product_tag","embeddable":true,"href":"https:\/\/all-pets.de\/shop\/wp-json\/wp\/v2\/product_tag?post=45128"}],"curies":[{"name":"wp","href":"https:\/\/api.w.org\/{rel}","templated":true}]}}