{"id":45131,"date":"2023-12-12T10:47:34","date_gmt":"2023-12-12T09:47:34","guid":{"rendered":"https:\/\/pet-shopping.de\/shop\/produkt\/karlie-rainbow-softbaelle-4-stueck\/"},"modified":"2023-12-12T10:47:36","modified_gmt":"2023-12-12T09:47:36","slug":"karlie-rainbow-softbaelle-4-stueck","status":"publish","type":"product","link":"https:\/\/all-pets.de\/shop\/produkt\/karlie-rainbow-softbaelle-4-stueck\/","title":{"rendered":"Karlie Rainbow Softb\u00e4lle &#8211; 4 St\u00fcck"},"content":{"rendered":"<p>Bunte Soft-Spielb\u00e4lle f\u00fcr Katzen. <\/p>\n<p>Durchmesser: ca. 4 cm<br \/> Inhalt: 4 St\u00fcck <\/p>\n","protected":false},"excerpt":{"rendered":"<p>Bunte Soft-Spielb\u00e4lle f\u00fcr Katzen. Durchmesser: ca. 4 cm Inhalt: 4 St\u00fcck<\/p>\n","protected":false},"featured_media":24737,"comment_status":"closed","ping_status":"open","template":"","meta":[],"product_cat":[13808],"product_tag":[],"class_list":{"0":"post-45131","1":"product","2":"type-product","3":"status-publish","4":"has-post-thumbnail","6":"product_cat-katzenbaelle","8":"first","9":"instock","10":"taxable","11":"shipping-taxable","12":"purchasable","13":"product-type-simple"},"_links":{"self":[{"href":"https:\/\/all-pets.de\/shop\/wp-json\/wp\/v2\/product\/45131","targetHints":{"allow":["GET"]}}],"collection":[{"href":"https:\/\/all-pets.de\/shop\/wp-json\/wp\/v2\/product"}],"about":[{"href":"https:\/\/all-pets.de\/shop\/wp-json\/wp\/v2\/types\/product"}],"replies":[{"embeddable":true,"href":"https:\/\/all-pets.de\/shop\/wp-json\/wp\/v2\/comments?post=45131"}],"wp:featuredmedia":[{"embeddable":true,"href":"https:\/\/all-pets.de\/shop\/wp-json\/wp\/v2\/media\/24737"}],"wp:attachment":[{"href":"https:\/\/all-pets.de\/shop\/wp-json\/wp\/v2\/media?parent=45131"}],"wp:term":[{"taxonomy":"product_cat","embeddable":true,"href":"https:\/\/all-pets.de\/shop\/wp-json\/wp\/v2\/product_cat?post=45131"},{"taxonomy":"product_tag","embeddable":true,"href":"https:\/\/all-pets.de\/shop\/wp-json\/wp\/v2\/product_tag?post=45131"}],"curies":[{"name":"wp","href":"https:\/\/api.w.org\/{rel}","templated":true}]}}