{"id":45133,"date":"2023-12-12T10:47:34","date_gmt":"2023-12-12T09:47:34","guid":{"rendered":"https:\/\/pet-shopping.de\/shop\/produkt\/karlie-spielangel-federboa\/"},"modified":"2023-12-12T10:47:36","modified_gmt":"2023-12-12T09:47:36","slug":"karlie-spielangel-federboa","status":"publish","type":"product","link":"https:\/\/all-pets.de\/shop\/produkt\/karlie-spielangel-federboa\/","title":{"rendered":"Karlie Spielangel Federboa"},"content":{"rendered":"<p>Spielangel mit Federboa. Ein super Spielspa\u00df f\u00fcr kleine und gro\u00dfe Katzen.<\/p>\n<p>L\u00e4nge ca. 60 cm.<\/p>\n<p>Die Farbe kann von der Abbildung abweichen.<\/p>\n","protected":false},"excerpt":{"rendered":"<p>Spielangel mit Federboa. Ein super Spielspa\u00df f\u00fcr kleine und gro\u00dfe Katzen. L\u00e4nge ca. 60 cm. Die Farbe kann von der Abbildung abweichen.<\/p>\n","protected":false},"featured_media":24750,"comment_status":"closed","ping_status":"open","template":"","meta":[],"product_cat":[13881],"product_tag":[],"class_list":{"0":"post-45133","1":"product","2":"type-product","3":"status-publish","4":"has-post-thumbnail","6":"product_cat-katzenspielangeln-co-katzenspielzeug","8":"first","9":"instock","10":"taxable","11":"shipping-taxable","12":"purchasable","13":"product-type-simple"},"_links":{"self":[{"href":"https:\/\/all-pets.de\/shop\/wp-json\/wp\/v2\/product\/45133","targetHints":{"allow":["GET"]}}],"collection":[{"href":"https:\/\/all-pets.de\/shop\/wp-json\/wp\/v2\/product"}],"about":[{"href":"https:\/\/all-pets.de\/shop\/wp-json\/wp\/v2\/types\/product"}],"replies":[{"embeddable":true,"href":"https:\/\/all-pets.de\/shop\/wp-json\/wp\/v2\/comments?post=45133"}],"wp:featuredmedia":[{"embeddable":true,"href":"https:\/\/all-pets.de\/shop\/wp-json\/wp\/v2\/media\/24750"}],"wp:attachment":[{"href":"https:\/\/all-pets.de\/shop\/wp-json\/wp\/v2\/media?parent=45133"}],"wp:term":[{"taxonomy":"product_cat","embeddable":true,"href":"https:\/\/all-pets.de\/shop\/wp-json\/wp\/v2\/product_cat?post=45133"},{"taxonomy":"product_tag","embeddable":true,"href":"https:\/\/all-pets.de\/shop\/wp-json\/wp\/v2\/product_tag?post=45133"}],"curies":[{"name":"wp","href":"https:\/\/api.w.org\/{rel}","templated":true}]}}