{"id":45134,"date":"2023-12-12T10:47:34","date_gmt":"2023-12-12T09:47:34","guid":{"rendered":"https:\/\/pet-shopping.de\/shop\/produkt\/karlie-flamingo-daynight-spielangel-mit-leuchtball-federn\/"},"modified":"2023-12-12T10:47:36","modified_gmt":"2023-12-12T09:47:36","slug":"karlie-flamingo-daynight-spielangel-mit-leuchtball-federn","status":"publish","type":"product","link":"https:\/\/all-pets.de\/shop\/produkt\/karlie-flamingo-daynight-spielangel-mit-leuchtball-federn\/","title":{"rendered":"Karlie Flamingo Day&#038;Night Spielangel mit Leuchtball + Federn"},"content":{"rendered":"<p>Die Day &#038; Night Spielangel ist mit einem Ball best\u00fcckt, der im Dunkeln leuchtet (muss vorher eine gewisse Zeit mit Licht aufgeladen werden). Damit macht das Spiel nicht nur bei Tageslicht, sondern auch im Dunkeln Spa\u00df! <\/p>\n<p>Ein Gl\u00f6ckchen und ein &#8222;Schwanz&#8220; mit Federn machen das Jagen noch spannender.<\/p>\n<p>Stabl\u00e4nge: ca. 45 cm<\/p>\n<p>Die Farben k\u00f6nnen von der Abbildung abweichen.<\/p>\n","protected":false},"excerpt":{"rendered":"<p>Die Day &#038; Night Spielangel ist mit einem Ball best\u00fcckt, der im Dunkeln leuchtet (muss vorher eine gewisse Zeit mit Licht aufgeladen werden). Damit macht das Spiel nicht nur bei Tageslicht, sondern auch im Dunkeln Spa\u00df! Ein Gl\u00f6ckchen und ein &#8222;Schwanz&#8220; mit Federn machen das Jagen noch spannender. Stabl\u00e4nge: ca. 45 cm Die Farben k\u00f6nnen [&hellip;]<\/p>\n","protected":false},"featured_media":24753,"comment_status":"closed","ping_status":"open","template":"","meta":[],"product_cat":[13881],"product_tag":[],"class_list":{"0":"post-45134","1":"product","2":"type-product","3":"status-publish","4":"has-post-thumbnail","6":"product_cat-katzenspielangeln-co-katzenspielzeug","8":"first","9":"instock","10":"taxable","11":"shipping-taxable","12":"purchasable","13":"product-type-simple"},"_links":{"self":[{"href":"https:\/\/all-pets.de\/shop\/wp-json\/wp\/v2\/product\/45134","targetHints":{"allow":["GET"]}}],"collection":[{"href":"https:\/\/all-pets.de\/shop\/wp-json\/wp\/v2\/product"}],"about":[{"href":"https:\/\/all-pets.de\/shop\/wp-json\/wp\/v2\/types\/product"}],"replies":[{"embeddable":true,"href":"https:\/\/all-pets.de\/shop\/wp-json\/wp\/v2\/comments?post=45134"}],"wp:featuredmedia":[{"embeddable":true,"href":"https:\/\/all-pets.de\/shop\/wp-json\/wp\/v2\/media\/24753"}],"wp:attachment":[{"href":"https:\/\/all-pets.de\/shop\/wp-json\/wp\/v2\/media?parent=45134"}],"wp:term":[{"taxonomy":"product_cat","embeddable":true,"href":"https:\/\/all-pets.de\/shop\/wp-json\/wp\/v2\/product_cat?post=45134"},{"taxonomy":"product_tag","embeddable":true,"href":"https:\/\/all-pets.de\/shop\/wp-json\/wp\/v2\/product_tag?post=45134"}],"curies":[{"name":"wp","href":"https:\/\/api.w.org\/{rel}","templated":true}]}}