{"id":45142,"date":"2023-12-12T10:47:34","date_gmt":"2023-12-12T09:47:34","guid":{"rendered":"https:\/\/pet-shopping.de\/shop\/produkt\/karlie-flamingo-puppy-knochen-aus-leder-baumwollmix\/"},"modified":"2023-12-12T10:47:37","modified_gmt":"2023-12-12T09:47:37","slug":"karlie-flamingo-puppy-knochen-aus-leder-baumwollmix","status":"publish","type":"product","link":"https:\/\/all-pets.de\/shop\/produkt\/karlie-flamingo-puppy-knochen-aus-leder-baumwollmix\/","title":{"rendered":"Karlie Flamingo Puppy Knochen aus Leder-Baumwollmix"},"content":{"rendered":"<p>Der weiche Knochen speziell f\u00fcr Welpen besteht aus einem zahnfreundlichen Leder-Baumwollmix. Damit auch \u00e4ngstliche Welpen Spa\u00df am Spiel haben, wurde auf einen Squeeker verzichtet.<\/p>\n<p>Vorderseite rot, R\u00fcckseite naturblau<\/p>\n<p>Gesamtgr\u00f6\u00dfe: ca. 35 x 8 x 3 cm<\/p>\n","protected":false},"excerpt":{"rendered":"<p>Der weiche Knochen speziell f\u00fcr Welpen besteht aus einem zahnfreundlichen Leder-Baumwollmix. Damit auch \u00e4ngstliche Welpen Spa\u00df am Spiel haben, wurde auf einen Squeeker verzichtet. Vorderseite rot, R\u00fcckseite naturblau Gesamtgr\u00f6\u00dfe: ca. 35 x 8 x 3 cm<\/p>\n","protected":false},"featured_media":24775,"comment_status":"closed","ping_status":"open","template":"","meta":[],"product_cat":[13885],"product_tag":[],"class_list":{"0":"post-45142","1":"product","2":"type-product","3":"status-publish","4":"has-post-thumbnail","6":"product_cat-puppy-spielzeug-hundespielzeug-sport","8":"first","9":"instock","10":"taxable","11":"shipping-taxable","12":"purchasable","13":"product-type-simple"},"_links":{"self":[{"href":"https:\/\/all-pets.de\/shop\/wp-json\/wp\/v2\/product\/45142","targetHints":{"allow":["GET"]}}],"collection":[{"href":"https:\/\/all-pets.de\/shop\/wp-json\/wp\/v2\/product"}],"about":[{"href":"https:\/\/all-pets.de\/shop\/wp-json\/wp\/v2\/types\/product"}],"replies":[{"embeddable":true,"href":"https:\/\/all-pets.de\/shop\/wp-json\/wp\/v2\/comments?post=45142"}],"wp:featuredmedia":[{"embeddable":true,"href":"https:\/\/all-pets.de\/shop\/wp-json\/wp\/v2\/media\/24775"}],"wp:attachment":[{"href":"https:\/\/all-pets.de\/shop\/wp-json\/wp\/v2\/media?parent=45142"}],"wp:term":[{"taxonomy":"product_cat","embeddable":true,"href":"https:\/\/all-pets.de\/shop\/wp-json\/wp\/v2\/product_cat?post=45142"},{"taxonomy":"product_tag","embeddable":true,"href":"https:\/\/all-pets.de\/shop\/wp-json\/wp\/v2\/product_tag?post=45142"}],"curies":[{"name":"wp","href":"https:\/\/api.w.org\/{rel}","templated":true}]}}