{"id":45144,"date":"2023-12-12T10:47:39","date_gmt":"2023-12-12T09:47:39","guid":{"rendered":"https:\/\/pet-shopping.de\/shop\/produkt\/karlie-katzenangel-feder\/"},"modified":"2023-12-12T10:47:39","modified_gmt":"2023-12-12T09:47:39","slug":"karlie-katzenangel-feder","status":"publish","type":"product","link":"https:\/\/all-pets.de\/shop\/produkt\/karlie-katzenangel-feder\/","title":{"rendered":"Karlie Katzenangel FEDER"},"content":{"rendered":"<p>Diese Spielangel ist mit echten Federn best\u00fcckt. Dadurch zeichnet sich eine perfekte Flugeigenschaft aus und eine nat\u00fcrliche Beute wird f\u00fcr die Katze optisch hervorragend imitiert. Durch den zusammensteckbaren Stiel erreicht die Angel XXL-L\u00e4nge (ca. 92 cm) und macht das Spiel so noch interessanter!<\/p>\n<p>Die Farben k\u00f6nnen von der Abbildung abweichen. <\/p>\n","protected":false},"excerpt":{"rendered":"<p>Diese Spielangel ist mit echten Federn best\u00fcckt. Dadurch zeichnet sich eine perfekte Flugeigenschaft aus und eine nat\u00fcrliche Beute wird f\u00fcr die Katze optisch hervorragend imitiert. Durch den zusammensteckbaren Stiel erreicht die Angel XXL-L\u00e4nge (ca. 92 cm) und macht das Spiel so noch interessanter! Die Farben k\u00f6nnen von der Abbildung abweichen.<\/p>\n","protected":false},"featured_media":24807,"comment_status":"closed","ping_status":"open","template":"","meta":[],"product_cat":[13881],"product_tag":[],"class_list":{"0":"post-45144","1":"product","2":"type-product","3":"status-publish","4":"has-post-thumbnail","6":"product_cat-katzenspielangeln-co-katzenspielzeug","8":"first","9":"instock","10":"taxable","11":"shipping-taxable","12":"purchasable","13":"product-type-simple"},"_links":{"self":[{"href":"https:\/\/all-pets.de\/shop\/wp-json\/wp\/v2\/product\/45144","targetHints":{"allow":["GET"]}}],"collection":[{"href":"https:\/\/all-pets.de\/shop\/wp-json\/wp\/v2\/product"}],"about":[{"href":"https:\/\/all-pets.de\/shop\/wp-json\/wp\/v2\/types\/product"}],"replies":[{"embeddable":true,"href":"https:\/\/all-pets.de\/shop\/wp-json\/wp\/v2\/comments?post=45144"}],"wp:featuredmedia":[{"embeddable":true,"href":"https:\/\/all-pets.de\/shop\/wp-json\/wp\/v2\/media\/24807"}],"wp:attachment":[{"href":"https:\/\/all-pets.de\/shop\/wp-json\/wp\/v2\/media?parent=45144"}],"wp:term":[{"taxonomy":"product_cat","embeddable":true,"href":"https:\/\/all-pets.de\/shop\/wp-json\/wp\/v2\/product_cat?post=45144"},{"taxonomy":"product_tag","embeddable":true,"href":"https:\/\/all-pets.de\/shop\/wp-json\/wp\/v2\/product_tag?post=45144"}],"curies":[{"name":"wp","href":"https:\/\/api.w.org\/{rel}","templated":true}]}}