{"id":45146,"date":"2023-12-12T10:47:39","date_gmt":"2023-12-12T09:47:39","guid":{"rendered":"https:\/\/pet-shopping.de\/shop\/produkt\/beaphar-canicomfort-nachfuell-flakon-48ml\/"},"modified":"2023-12-12T10:47:40","modified_gmt":"2023-12-12T09:47:40","slug":"beaphar-canicomfort-nachfuell-flakon-48ml","status":"publish","type":"product","link":"https:\/\/all-pets.de\/shop\/produkt\/beaphar-canicomfort-nachfuell-flakon-48ml\/","title":{"rendered":"Beaphar CaniComfort Nachf\u00fcll-Flakon 48ml"},"content":{"rendered":"<p>Der dauerhafte Gebrauch von beaphar CaniComfort\u00ae hilft Ihrem Hund sich zuhause wohlzuf\u00fchlen und h\u00e4ufig auftretende Probleme wie z.B. Bellen, Zerst\u00f6rung von M\u00f6beln, Stress bei einem Umzug, Harnmarkieren sowie Verstecken oder \u00c4ngste zu reduzieren. Das in Beaphar CaniComfort\u00ae verwendete (synthetisch nachgebildete) Pheromon wird w\u00e4hrend der Laktation auf nat\u00fcrliche Weise vom Muttertier produziert und vermittelt den Welpen in dieser Phase eine beruhigende Botschaft, dass in ihrer Umgebung alles in Ordnung ist.<\/p>\n<p>Dies kann sich gerade z.B. bei der Eingew\u00f6hnung des Hundes in sein neues Zuhause oder etwa bei einem Umzug, neuen M\u00f6beln oder anderen Einrichtungsver\u00e4nderungen als sehr hilfreich erweisen. Beaphar CaniComfort\u00ae beeinflusst keine anderen Tiere im Haushalt und hat keine ruhigstellende Wirkung auf Ihren Hund. Es kann neben der Einnahme von Medikamenten verwendet werden. Der beaphar CaniComfort\u00ae Wohlf\u00fchl-Verdampfer sollte in dem Raum eingesetzt werden, in dem Ihr Hund die meiste Zeit verbringt. Eine dauerhafte Anwendung wird f\u00fcr optimale Ergebnisse empfohlen. Ersetzen Sie bei Bedarf nach 30 Tagen Gebrauch den Flakon durch einen neuen Beaphar CaniComfort\u00ae Nachf\u00fcll-Flakon.<\/p>\n<p>Eigenschaften zusammengefasst<\/p>\n<p>\u00a0\u00a0\u00a0 Reduziert unerw\u00fcnschtes Verhalten wie z. B. lautes Bellen, Zerst\u00f6rung von M\u00f6beln, Harnmarkieren <br \/>\u00a0\u00a0\u00a0 F\u00f6rdert Wohlbefinden durch synthetisch nachgebildete Pheromone<br \/>\u00a0\u00a0\u00a0 Enth\u00e4lt die synthetische Nachbildung von vertrauten Pheromonen,\u00a0 die w\u00e4hrend der Laktation auf nat\u00fcrliche Weise von der Mutterh\u00fcndin produziert werden<br \/>\u00a0\u00a0\u00a0 Wissenschaftlich belegt <br \/>\u00a0\u00a0\u00a0 Kann stressbedingten Krankheiten bei Hunden vorbeugen<br \/>\u00a0\u00a0\u00a0 Optimal bei Ver\u00e4nderungen in der Umgebung Ihres Hundes wie z.B. Stress bei Umzug, neuen M\u00f6beln, Reisen oder L\u00e4rm (Silvester, Partys)<\/p>\n<p>Produktdetails im \u00dcberblick<\/p>\n<p>\u00a0\u00a0\u00a0 Inhalt: Steckdosen-Verdampfer &#038; Flakon, 48ml<br \/>\u00a0\u00a0\u00a0 Zur Anwendung im Haus &#8211; bis zu 70m\u00b2<br \/>\u00a0\u00a0\u00a0\u00a0 Einfaches und schnelles Einstecken<br \/>\u00a0\u00a0\u00a0 Bis zu 30 Tage wirksam (bei 24h Nutzung \/ Tag)<br \/>\u00a0\u00a0\u00a0 NUR mit beaphar\u00ae CaniComfort\u00ae Flakons verwenden<br \/>\u00a0\u00a0\u00a0 Auch f\u00fcr Welpen geeignet<\/p>\n<p>Verwenden Sie das Ger\u00e4t nur in Verbindung mit einer 230V Steckdose. Verwenden Sie keine Mehrfachsteckdose, Verl\u00e4ngerungskabel, Adapter oder Konverter. Vor Gebrauch beiliegende Gebrauchsanweisung lesen. Der beaphar CaniComfort\u00ae Wohlf\u00fchl-Verdampfer sollte in dem Raum eingesetzt werden, in dem Ihr Hund die meiste Zeit verbringt. Eine dauerhafte Anwendung wird f\u00fcr optimale Ergebnisse empfohlen. Ein 48ml Flakon reicht bis zu 30 Tage und f\u00fcr 70m\u00b2. Ersetzen Sie bei Bedarf nach 30 Tagen Gebrauch den Flakon durch einen neuen Beaphar CaniComfort\u00ae Nachf\u00fcll-Flakon.<\/p>\n","protected":false},"excerpt":{"rendered":"<p>Der dauerhafte Gebrauch von beaphar CaniComfort\u00ae hilft Ihrem Hund sich zuhause wohlzuf\u00fchlen und h\u00e4ufig auftretende Probleme wie z.B. Bellen, Zerst\u00f6rung von M\u00f6beln, Stress bei einem Umzug, Harnmarkieren sowie Verstecken oder \u00c4ngste zu reduzieren. Das in Beaphar CaniComfort\u00ae verwendete (synthetisch nachgebildete) Pheromon wird w\u00e4hrend der Laktation auf nat\u00fcrliche Weise vom Muttertier produziert und vermittelt den Welpen [&hellip;]<\/p>\n","protected":false},"featured_media":45147,"comment_status":"closed","ping_status":"open","template":"","meta":[],"product_cat":[13886],"product_tag":[],"class_list":{"0":"post-45146","1":"product","2":"type-product","3":"status-publish","4":"has-post-thumbnail","6":"product_cat-canicomfort","8":"first","9":"instock","10":"taxable","11":"shipping-taxable","12":"purchasable","13":"product-type-simple"},"_links":{"self":[{"href":"https:\/\/all-pets.de\/shop\/wp-json\/wp\/v2\/product\/45146","targetHints":{"allow":["GET"]}}],"collection":[{"href":"https:\/\/all-pets.de\/shop\/wp-json\/wp\/v2\/product"}],"about":[{"href":"https:\/\/all-pets.de\/shop\/wp-json\/wp\/v2\/types\/product"}],"replies":[{"embeddable":true,"href":"https:\/\/all-pets.de\/shop\/wp-json\/wp\/v2\/comments?post=45146"}],"wp:featuredmedia":[{"embeddable":true,"href":"https:\/\/all-pets.de\/shop\/wp-json\/wp\/v2\/media\/45147"}],"wp:attachment":[{"href":"https:\/\/all-pets.de\/shop\/wp-json\/wp\/v2\/media?parent=45146"}],"wp:term":[{"taxonomy":"product_cat","embeddable":true,"href":"https:\/\/all-pets.de\/shop\/wp-json\/wp\/v2\/product_cat?post=45146"},{"taxonomy":"product_tag","embeddable":true,"href":"https:\/\/all-pets.de\/shop\/wp-json\/wp\/v2\/product_tag?post=45146"}],"curies":[{"name":"wp","href":"https:\/\/api.w.org\/{rel}","templated":true}]}}