{"id":45150,"date":"2023-12-12T10:47:39","date_gmt":"2023-12-12T09:47:39","guid":{"rendered":"https:\/\/pet-shopping.de\/shop\/produkt\/karlie-flamingo-nature-cat-toy-catnip-kissen-9-cm\/"},"modified":"2023-12-12T10:47:41","modified_gmt":"2023-12-12T09:47:41","slug":"karlie-flamingo-nature-cat-toy-catnip-kissen-9-cm","status":"publish","type":"product","link":"https:\/\/all-pets.de\/shop\/produkt\/karlie-flamingo-nature-cat-toy-catnip-kissen-9-cm\/","title":{"rendered":"Karlie Flamingo Nature Cat Toy Catnip Kissen &#8211; 9 cm"},"content":{"rendered":"<p>Die Nature Cat Toy Spielzeuge von Karlie Flamingo bestehen aus reinen Naturmaterialien und sind tier\u00e4rztlich getestet.<\/p>\n<p>Dieses Kissen ist f\u00fcr mehr Spielspa\u00df mit B\u00e4ndern best\u00fcckt und mit duftender Katzenminze gef\u00fcllt.<\/p>\n<p>Gr\u00f6\u00dfe: ca. 9 x 7 cm (LxB)<\/p>\n","protected":false},"excerpt":{"rendered":"<p>Die Nature Cat Toy Spielzeuge von Karlie Flamingo bestehen aus reinen Naturmaterialien und sind tier\u00e4rztlich getestet. Dieses Kissen ist f\u00fcr mehr Spielspa\u00df mit B\u00e4ndern best\u00fcckt und mit duftender Katzenminze gef\u00fcllt. Gr\u00f6\u00dfe: ca. 9 x 7 cm (LxB)<\/p>\n","protected":false},"featured_media":24826,"comment_status":"closed","ping_status":"open","template":"","meta":[],"product_cat":[13702],"product_tag":[],"class_list":{"0":"post-45150","1":"product","2":"type-product","3":"status-publish","4":"has-post-thumbnail","6":"product_cat-catnip-baldrian-spielzeug-katzenspielzeug","8":"first","9":"instock","10":"taxable","11":"shipping-taxable","12":"purchasable","13":"product-type-simple"},"_links":{"self":[{"href":"https:\/\/all-pets.de\/shop\/wp-json\/wp\/v2\/product\/45150","targetHints":{"allow":["GET"]}}],"collection":[{"href":"https:\/\/all-pets.de\/shop\/wp-json\/wp\/v2\/product"}],"about":[{"href":"https:\/\/all-pets.de\/shop\/wp-json\/wp\/v2\/types\/product"}],"replies":[{"embeddable":true,"href":"https:\/\/all-pets.de\/shop\/wp-json\/wp\/v2\/comments?post=45150"}],"wp:featuredmedia":[{"embeddable":true,"href":"https:\/\/all-pets.de\/shop\/wp-json\/wp\/v2\/media\/24826"}],"wp:attachment":[{"href":"https:\/\/all-pets.de\/shop\/wp-json\/wp\/v2\/media?parent=45150"}],"wp:term":[{"taxonomy":"product_cat","embeddable":true,"href":"https:\/\/all-pets.de\/shop\/wp-json\/wp\/v2\/product_cat?post=45150"},{"taxonomy":"product_tag","embeddable":true,"href":"https:\/\/all-pets.de\/shop\/wp-json\/wp\/v2\/product_tag?post=45150"}],"curies":[{"name":"wp","href":"https:\/\/api.w.org\/{rel}","templated":true}]}}