{"id":45151,"date":"2023-12-12T10:47:39","date_gmt":"2023-12-12T09:47:39","guid":{"rendered":"https:\/\/pet-shopping.de\/shop\/produkt\/karlie-flamingo-nature-cat-toy-hantel-13-cm\/"},"modified":"2023-12-12T10:47:41","modified_gmt":"2023-12-12T09:47:41","slug":"karlie-flamingo-nature-cat-toy-hantel-13-cm","status":"publish","type":"product","link":"https:\/\/all-pets.de\/shop\/produkt\/karlie-flamingo-nature-cat-toy-hantel-13-cm\/","title":{"rendered":"Karlie Flamingo Nature Cat Toy Hantel &#8211; 13 cm"},"content":{"rendered":"<p>Die Nature Cat Toy Spielzeuge von Karlie Flamingo bestehen aus reinen Naturmaterialien und sind tier\u00e4rztlich getestet.<\/p>\n<p>Die niedliche Hantel aus Sisal und 2 braunen B\u00e4llen l\u00e4sst sich ideal durch die Gegend tragen und jagen und bringt jede Menge Spielspa\u00df mit.<\/p>\n<p>Gr\u00f6\u00dfe: ca. 13 cm <br \/> Farbe: braun<\/p>\n","protected":false},"excerpt":{"rendered":"<p>Die Nature Cat Toy Spielzeuge von Karlie Flamingo bestehen aus reinen Naturmaterialien und sind tier\u00e4rztlich getestet. Die niedliche Hantel aus Sisal und 2 braunen B\u00e4llen l\u00e4sst sich ideal durch die Gegend tragen und jagen und bringt jede Menge Spielspa\u00df mit. Gr\u00f6\u00dfe: ca. 13 cm Farbe: braun<\/p>\n","protected":false},"featured_media":24828,"comment_status":"closed","ping_status":"open","template":"","meta":[],"product_cat":[13887],"product_tag":[],"class_list":{"0":"post-45151","1":"product","2":"type-product","3":"status-publish","4":"has-post-thumbnail","6":"product_cat-katzenbaelle-katzenspielzeug-weitere-spielzeugekatzenwelt","8":"first","9":"instock","10":"taxable","11":"shipping-taxable","12":"purchasable","13":"product-type-simple"},"_links":{"self":[{"href":"https:\/\/all-pets.de\/shop\/wp-json\/wp\/v2\/product\/45151","targetHints":{"allow":["GET"]}}],"collection":[{"href":"https:\/\/all-pets.de\/shop\/wp-json\/wp\/v2\/product"}],"about":[{"href":"https:\/\/all-pets.de\/shop\/wp-json\/wp\/v2\/types\/product"}],"replies":[{"embeddable":true,"href":"https:\/\/all-pets.de\/shop\/wp-json\/wp\/v2\/comments?post=45151"}],"wp:featuredmedia":[{"embeddable":true,"href":"https:\/\/all-pets.de\/shop\/wp-json\/wp\/v2\/media\/24828"}],"wp:attachment":[{"href":"https:\/\/all-pets.de\/shop\/wp-json\/wp\/v2\/media?parent=45151"}],"wp:term":[{"taxonomy":"product_cat","embeddable":true,"href":"https:\/\/all-pets.de\/shop\/wp-json\/wp\/v2\/product_cat?post=45151"},{"taxonomy":"product_tag","embeddable":true,"href":"https:\/\/all-pets.de\/shop\/wp-json\/wp\/v2\/product_tag?post=45151"}],"curies":[{"name":"wp","href":"https:\/\/api.w.org\/{rel}","templated":true}]}}