{"id":45152,"date":"2023-12-12T10:47:39","date_gmt":"2023-12-12T09:47:39","guid":{"rendered":"https:\/\/pet-shopping.de\/shop\/produkt\/karlie-flamingo-nature-cat-toy-spielmaeuse\/"},"modified":"2023-12-12T10:47:42","modified_gmt":"2023-12-12T09:47:42","slug":"karlie-flamingo-nature-cat-toy-spielmaeuse","status":"publish","type":"product","link":"https:\/\/all-pets.de\/shop\/produkt\/karlie-flamingo-nature-cat-toy-spielmaeuse\/","title":{"rendered":"Karlie Flamingo Nature Cat Toy Spielm\u00e4use"},"content":{"rendered":"<p>Die Nature Cat Toy Spielzeuge von Karlie Flamingo bestehen aus reinen Naturmaterialien und sind tier\u00e4rztlich getestet.<\/p>\n<p>Diese zwei s\u00fc\u00dfen M\u00e4uschen sind die idealen Spielpartner f\u00fcr Ihre Samtpfote. F\u00fcr den absoluten Spielspa\u00df sind sie mit Catnip-Duft best\u00fcckt.<\/p>\n<p>Inhalt: eine braune und eine wei\u00dfe Maus<br \/> Gr\u00f6\u00dfe: je ca. 5,5 cm (ohne Schwanz gemessen)<\/p>\n","protected":false},"excerpt":{"rendered":"<p>Die Nature Cat Toy Spielzeuge von Karlie Flamingo bestehen aus reinen Naturmaterialien und sind tier\u00e4rztlich getestet. Diese zwei s\u00fc\u00dfen M\u00e4uschen sind die idealen Spielpartner f\u00fcr Ihre Samtpfote. F\u00fcr den absoluten Spielspa\u00df sind sie mit Catnip-Duft best\u00fcckt. Inhalt: eine braune und eine wei\u00dfe Maus Gr\u00f6\u00dfe: je ca. 5,5 cm (ohne Schwanz gemessen)<\/p>\n","protected":false},"featured_media":24830,"comment_status":"closed","ping_status":"open","template":"","meta":[],"product_cat":[13701],"product_tag":[],"class_list":{"0":"post-45152","1":"product","2":"type-product","3":"status-publish","4":"has-post-thumbnail","6":"product_cat-catnip-baldrian-spielzeug","8":"first","9":"instock","10":"taxable","11":"shipping-taxable","12":"purchasable","13":"product-type-simple"},"_links":{"self":[{"href":"https:\/\/all-pets.de\/shop\/wp-json\/wp\/v2\/product\/45152","targetHints":{"allow":["GET"]}}],"collection":[{"href":"https:\/\/all-pets.de\/shop\/wp-json\/wp\/v2\/product"}],"about":[{"href":"https:\/\/all-pets.de\/shop\/wp-json\/wp\/v2\/types\/product"}],"replies":[{"embeddable":true,"href":"https:\/\/all-pets.de\/shop\/wp-json\/wp\/v2\/comments?post=45152"}],"wp:featuredmedia":[{"embeddable":true,"href":"https:\/\/all-pets.de\/shop\/wp-json\/wp\/v2\/media\/24830"}],"wp:attachment":[{"href":"https:\/\/all-pets.de\/shop\/wp-json\/wp\/v2\/media?parent=45152"}],"wp:term":[{"taxonomy":"product_cat","embeddable":true,"href":"https:\/\/all-pets.de\/shop\/wp-json\/wp\/v2\/product_cat?post=45152"},{"taxonomy":"product_tag","embeddable":true,"href":"https:\/\/all-pets.de\/shop\/wp-json\/wp\/v2\/product_tag?post=45152"}],"curies":[{"name":"wp","href":"https:\/\/api.w.org\/{rel}","templated":true}]}}