{"id":45160,"date":"2023-12-12T10:47:39","date_gmt":"2023-12-12T09:47:39","guid":{"rendered":"https:\/\/pet-shopping.de\/shop\/produkt\/trixie-freilaufgehege-fuer-kleintiere-bunt\/"},"modified":"2023-12-12T10:47:43","modified_gmt":"2023-12-12T09:47:43","slug":"trixie-freilaufgehege-fuer-kleintiere-bunt","status":"publish","type":"product","link":"https:\/\/all-pets.de\/shop\/produkt\/trixie-freilaufgehege-fuer-kleintiere-bunt\/","title":{"rendered":"Trixie Freilaufgehege f\u00fcr Kleintiere, bunt"},"content":{"rendered":"<ul>\n<li>geeignet f\u00fcr Hamster etc.<\/li>\n<li>Metall, lackiert <\/li>\n<li> f\u00fcr die Benutzung im Haus <\/li>\n<li> 8 Elemente a 34 \u00d7 23 cm <\/li>\n<li> bietet dem Tier den notwendigen Freiraum <\/li>\n<li> erweiterbar durch zus\u00e4tzliche Gehege <\/li>\n<\/ul>\n<p>Ma\u00dfe: \u00f8 86 \u00d7 23 cm<\/p>\n","protected":false},"excerpt":{"rendered":"<p>geeignet f\u00fcr Hamster etc. Metall, lackiert f\u00fcr die Benutzung im Haus 8 Elemente a 34 \u00d7 23 cm bietet dem Tier den notwendigen Freiraum erweiterbar durch zus\u00e4tzliche Gehege Ma\u00dfe: \u00f8 86 \u00d7 23 cm<\/p>\n","protected":false},"featured_media":5750,"comment_status":"closed","ping_status":"open","template":"","meta":[],"product_cat":[13894],"product_tag":[],"class_list":{"0":"post-45160","1":"product","2":"type-product","3":"status-publish","4":"has-post-thumbnail","6":"product_cat-spiel-sport-ausstattung-zubehoer-freigehege-fuer-kleintierekleintierwelt-kleintierwelt","8":"first","9":"instock","10":"taxable","11":"shipping-taxable","12":"purchasable","13":"product-type-simple"},"_links":{"self":[{"href":"https:\/\/all-pets.de\/shop\/wp-json\/wp\/v2\/product\/45160","targetHints":{"allow":["GET"]}}],"collection":[{"href":"https:\/\/all-pets.de\/shop\/wp-json\/wp\/v2\/product"}],"about":[{"href":"https:\/\/all-pets.de\/shop\/wp-json\/wp\/v2\/types\/product"}],"replies":[{"embeddable":true,"href":"https:\/\/all-pets.de\/shop\/wp-json\/wp\/v2\/comments?post=45160"}],"wp:featuredmedia":[{"embeddable":true,"href":"https:\/\/all-pets.de\/shop\/wp-json\/wp\/v2\/media\/5750"}],"wp:attachment":[{"href":"https:\/\/all-pets.de\/shop\/wp-json\/wp\/v2\/media?parent=45160"}],"wp:term":[{"taxonomy":"product_cat","embeddable":true,"href":"https:\/\/all-pets.de\/shop\/wp-json\/wp\/v2\/product_cat?post=45160"},{"taxonomy":"product_tag","embeddable":true,"href":"https:\/\/all-pets.de\/shop\/wp-json\/wp\/v2\/product_tag?post=45160"}],"curies":[{"name":"wp","href":"https:\/\/api.w.org\/{rel}","templated":true}]}}