{"id":45166,"date":"2023-12-12T10:47:39","date_gmt":"2023-12-12T09:47:39","guid":{"rendered":"https:\/\/pet-shopping.de\/shop\/produkt\/trixie-be-eco-jumper-mit-band\/"},"modified":"2023-12-12T10:47:44","modified_gmt":"2023-12-12T09:47:44","slug":"trixie-be-eco-jumper-mit-band","status":"publish","type":"product","link":"https:\/\/all-pets.de\/shop\/produkt\/trixie-be-eco-jumper-mit-band\/","title":{"rendered":"Trixie Be Eco Jumper mit Band"},"content":{"rendered":"<ul>\n<li>Qualit\u00e4t aus Deutschland<\/li>\n<li>nachhaltig durch recyceltes TPE<\/li>\n<li>nicht f\u00fcr starke Kauer geeignet<\/li>\n<li>schwimmf\u00e4hig<\/li>\n<li>Gr\u00f6\u00dfe: ca. 9 cm\/16 cm<\/li>\n<li>Diverse Farben. Eine Farbwahl ist leider nciht m\u00f6glich, da die Farbe je nach Lagerbestand gew\u00e4hlt wird.<\/li>\n<\/ul>\n","protected":false},"excerpt":{"rendered":"<p>Qualit\u00e4t aus Deutschland nachhaltig durch recyceltes TPE nicht f\u00fcr starke Kauer geeignet schwimmf\u00e4hig Gr\u00f6\u00dfe: ca. 9 cm\/16 cm Diverse Farben. Eine Farbwahl ist leider nciht m\u00f6glich, da die Farbe je nach Lagerbestand gew\u00e4hlt wird.<\/p>\n","protected":false},"featured_media":45167,"comment_status":"closed","ping_status":"open","template":"","meta":[],"product_cat":[13897],"product_tag":[],"class_list":{"0":"post-45166","1":"product","2":"type-product","3":"status-publish","4":"has-post-thumbnail","6":"product_cat-nachhaltiges-hundespielzeug-hundespielzeug-sport-hundewurfspielzeughundewelt","8":"first","9":"instock","10":"taxable","11":"shipping-taxable","12":"purchasable","13":"product-type-simple"},"_links":{"self":[{"href":"https:\/\/all-pets.de\/shop\/wp-json\/wp\/v2\/product\/45166","targetHints":{"allow":["GET"]}}],"collection":[{"href":"https:\/\/all-pets.de\/shop\/wp-json\/wp\/v2\/product"}],"about":[{"href":"https:\/\/all-pets.de\/shop\/wp-json\/wp\/v2\/types\/product"}],"replies":[{"embeddable":true,"href":"https:\/\/all-pets.de\/shop\/wp-json\/wp\/v2\/comments?post=45166"}],"wp:featuredmedia":[{"embeddable":true,"href":"https:\/\/all-pets.de\/shop\/wp-json\/wp\/v2\/media\/45167"}],"wp:attachment":[{"href":"https:\/\/all-pets.de\/shop\/wp-json\/wp\/v2\/media?parent=45166"}],"wp:term":[{"taxonomy":"product_cat","embeddable":true,"href":"https:\/\/all-pets.de\/shop\/wp-json\/wp\/v2\/product_cat?post=45166"},{"taxonomy":"product_tag","embeddable":true,"href":"https:\/\/all-pets.de\/shop\/wp-json\/wp\/v2\/product_tag?post=45166"}],"curies":[{"name":"wp","href":"https:\/\/api.w.org\/{rel}","templated":true}]}}