{"id":45170,"date":"2023-12-12T10:47:39","date_gmt":"2023-12-12T09:47:39","guid":{"rendered":"https:\/\/pet-shopping.de\/shop\/produkt\/karlie-dog-dangler-hunde-spielangel\/"},"modified":"2023-12-12T10:47:44","modified_gmt":"2023-12-12T09:47:44","slug":"karlie-dog-dangler-hunde-spielangel","status":"publish","type":"product","link":"https:\/\/all-pets.de\/shop\/produkt\/karlie-dog-dangler-hunde-spielangel\/","title":{"rendered":"Karlie DOG DANGLER Hunde-Spielangel"},"content":{"rendered":"<div>Die Trainingsangel f\u00fcr Hunde &#8211; komplett mit Latex-Spielzeug! <\/p>\n<p> Ideal f\u00fcr In- und Outdoor &#8211; Spiel und Training in einem!<\/p><\/div>\n<div>F\u00f6rdert Instinkt, Konzentration und Schnelligkeit. Unterst\u00fctzt die Ausbildungskommandos &#8218;Steh&#8216;, &#8218;Bleib&#8216; und &#8218;Schluss&#8216;. Ideal auch f\u00fcr Welpen!<\/div>\n<div>\u00a0<\/div>\n<div>L\u00e4nge: ca. 49 bis 165 cm<\/div>\n<div>\u00a0<\/div>\n<div><font size=\"1\">(Eine Motivwahl des Latex-Spielzeuges ist leider nicht m\u00f6glich. Das motiv wird je nach Lagerbestand gew\u00e4hlt.) <\/font><\/div>\n","protected":false},"excerpt":{"rendered":"<p>Die Trainingsangel f\u00fcr Hunde &#8211; komplett mit Latex-Spielzeug! Ideal f\u00fcr In- und Outdoor &#8211; Spiel und Training in einem! F\u00f6rdert Instinkt, Konzentration und Schnelligkeit. Unterst\u00fctzt die Ausbildungskommandos &#8218;Steh&#8216;, &#8218;Bleib&#8216; und &#8218;Schluss&#8216;. Ideal auch f\u00fcr Welpen! \u00a0 L\u00e4nge: ca. 49 bis 165 cm \u00a0 (Eine Motivwahl des Latex-Spielzeuges ist leider nicht m\u00f6glich. Das motiv wird je [&hellip;]<\/p>\n","protected":false},"featured_media":1550,"comment_status":"closed","ping_status":"open","template":"","meta":[],"product_cat":[13898],"product_tag":[],"class_list":{"0":"post-45170","1":"product","2":"type-product","3":"status-publish","4":"has-post-thumbnail","6":"product_cat-weitere-spielzeuge-hundespielzeug-sport-squeekerhundewelt","8":"first","9":"instock","10":"taxable","11":"shipping-taxable","12":"purchasable","13":"product-type-simple"},"_links":{"self":[{"href":"https:\/\/all-pets.de\/shop\/wp-json\/wp\/v2\/product\/45170","targetHints":{"allow":["GET"]}}],"collection":[{"href":"https:\/\/all-pets.de\/shop\/wp-json\/wp\/v2\/product"}],"about":[{"href":"https:\/\/all-pets.de\/shop\/wp-json\/wp\/v2\/types\/product"}],"replies":[{"embeddable":true,"href":"https:\/\/all-pets.de\/shop\/wp-json\/wp\/v2\/comments?post=45170"}],"wp:featuredmedia":[{"embeddable":true,"href":"https:\/\/all-pets.de\/shop\/wp-json\/wp\/v2\/media\/1550"}],"wp:attachment":[{"href":"https:\/\/all-pets.de\/shop\/wp-json\/wp\/v2\/media?parent=45170"}],"wp:term":[{"taxonomy":"product_cat","embeddable":true,"href":"https:\/\/all-pets.de\/shop\/wp-json\/wp\/v2\/product_cat?post=45170"},{"taxonomy":"product_tag","embeddable":true,"href":"https:\/\/all-pets.de\/shop\/wp-json\/wp\/v2\/product_tag?post=45170"}],"curies":[{"name":"wp","href":"https:\/\/api.w.org\/{rel}","templated":true}]}}