{"id":45172,"date":"2023-12-12T10:47:39","date_gmt":"2023-12-12T09:47:39","guid":{"rendered":"https:\/\/pet-shopping.de\/shop\/produkt\/karlie-doggy-brain-train-2in1-gross\/"},"modified":"2023-12-12T10:47:44","modified_gmt":"2023-12-12T09:47:44","slug":"karlie-doggy-brain-train-2in1-gross","status":"publish","type":"product","link":"https:\/\/all-pets.de\/shop\/produkt\/karlie-doggy-brain-train-2in1-gross\/","title":{"rendered":"Karlie Doggy Brain Train 2in1 &#8211; Gro\u00df"},"content":{"rendered":"<p>2 Spiele in einem! H\u00fctchenspiel und Slider. Bei diesen Brettspielen werden Snacks in \u00d6ffnungen gelegt, die dann mit H\u00fctchen oder Schiebern verdeckt werden. Der Hund muss die H\u00fctchen heben oder die Schiebef\u00e4cher mit der Pfote oder Schnauze \u00f6ffnen, um an die Snacks zu kommen. Ein tolles Spiel auch f\u00fcr Hunde, die krank, operiert oder schon \u00e4lter sind. Durch intensives Spielen wird auch die Bindung zwischen Mensch und Hund gef\u00f6rdert.<\/p>\n<p>Denkspiele f\u00f6rdern die Entwicklung Ihres Hundes. Geschickt verpackte Leckerlis geben dazu die richtige Motivation. Doggy Brain Train sind hochwertige Brettspielzeuge mit H\u00fctchen, Schiebef\u00e4chern, Klappdeckeln, &#8230;. Besch\u00e4ftigung f\u00fcr jede Jahreszeit. Aus weichem Holz.<\/p>\n<p>Durchmesser: ca. 32 cm<\/p>\n","protected":false},"excerpt":{"rendered":"<p>2 Spiele in einem! H\u00fctchenspiel und Slider. Bei diesen Brettspielen werden Snacks in \u00d6ffnungen gelegt, die dann mit H\u00fctchen oder Schiebern verdeckt werden. Der Hund muss die H\u00fctchen heben oder die Schiebef\u00e4cher mit der Pfote oder Schnauze \u00f6ffnen, um an die Snacks zu kommen. Ein tolles Spiel auch f\u00fcr Hunde, die krank, operiert oder schon [&hellip;]<\/p>\n","protected":false},"featured_media":1560,"comment_status":"closed","ping_status":"open","template":"","meta":[],"product_cat":[13793],"product_tag":[],"class_list":{"0":"post-45172","1":"product","2":"type-product","3":"status-publish","4":"has-post-thumbnail","6":"product_cat-intelligenz","8":"first","9":"instock","10":"taxable","11":"shipping-taxable","12":"purchasable","13":"product-type-simple"},"_links":{"self":[{"href":"https:\/\/all-pets.de\/shop\/wp-json\/wp\/v2\/product\/45172","targetHints":{"allow":["GET"]}}],"collection":[{"href":"https:\/\/all-pets.de\/shop\/wp-json\/wp\/v2\/product"}],"about":[{"href":"https:\/\/all-pets.de\/shop\/wp-json\/wp\/v2\/types\/product"}],"replies":[{"embeddable":true,"href":"https:\/\/all-pets.de\/shop\/wp-json\/wp\/v2\/comments?post=45172"}],"wp:featuredmedia":[{"embeddable":true,"href":"https:\/\/all-pets.de\/shop\/wp-json\/wp\/v2\/media\/1560"}],"wp:attachment":[{"href":"https:\/\/all-pets.de\/shop\/wp-json\/wp\/v2\/media?parent=45172"}],"wp:term":[{"taxonomy":"product_cat","embeddable":true,"href":"https:\/\/all-pets.de\/shop\/wp-json\/wp\/v2\/product_cat?post=45172"},{"taxonomy":"product_tag","embeddable":true,"href":"https:\/\/all-pets.de\/shop\/wp-json\/wp\/v2\/product_tag?post=45172"}],"curies":[{"name":"wp","href":"https:\/\/api.w.org\/{rel}","templated":true}]}}