{"id":45173,"date":"2023-12-12T10:47:39","date_gmt":"2023-12-12T09:47:39","guid":{"rendered":"https:\/\/pet-shopping.de\/shop\/produkt\/karlie-kitty-brain-train-2-in-1\/"},"modified":"2023-12-12T10:47:44","modified_gmt":"2023-12-12T09:47:44","slug":"karlie-kitty-brain-train-2-in-1","status":"publish","type":"product","link":"https:\/\/all-pets.de\/shop\/produkt\/karlie-kitty-brain-train-2-in-1\/","title":{"rendered":"Karlie Kitty Brain Train &#8211; 2 in 1"},"content":{"rendered":"<p>Katzen lieben Versteckspiele, Spielen ist Fitness und Intelligenztraining. <\/p>\n<p>Das Kitty Brain Train bietet zwei Spiele in einem: Boccia-Game und Round-About-Game. Motivations-, Geruchs- und Denkspiel f\u00fcr Katzen. Diese Spiele bieten tolle Geruchsspielm\u00f6glichkeiten.<\/p>\n<p>Durchmesser: ca. 25 cm<\/p>\n<p>Katzen lieben Spiele! Die Spiele Kitty Brain Train Boccia und Round About f\u00f6rdern die Fitness und die Intelligenz Ihrer Katze! Motivieren Sie Ihre Katze zum Suchen und Spielen, wecken Sie den nat\u00fcrlichen Jagdinstinkt. Durch Einbringung von eigenen Snacks und Mitbringseln aus der Natur sind immer neue D\u00fcfte, Erfahrungen m\u00f6glich.<\/p>\n","protected":false},"excerpt":{"rendered":"<p>Katzen lieben Versteckspiele, Spielen ist Fitness und Intelligenztraining. Das Kitty Brain Train bietet zwei Spiele in einem: Boccia-Game und Round-About-Game. Motivations-, Geruchs- und Denkspiel f\u00fcr Katzen. Diese Spiele bieten tolle Geruchsspielm\u00f6glichkeiten. Durchmesser: ca. 25 cm Katzen lieben Spiele! Die Spiele Kitty Brain Train Boccia und Round About f\u00f6rdern die Fitness und die Intelligenz Ihrer Katze! [&hellip;]<\/p>\n","protected":false},"featured_media":1564,"comment_status":"closed","ping_status":"open","template":"","meta":[],"product_cat":[13782],"product_tag":[],"class_list":{"0":"post-45173","1":"product","2":"type-product","3":"status-publish","4":"has-post-thumbnail","6":"product_cat-intelligenz-spielzeug","8":"first","9":"instock","10":"taxable","11":"shipping-taxable","12":"purchasable","13":"product-type-simple"},"_links":{"self":[{"href":"https:\/\/all-pets.de\/shop\/wp-json\/wp\/v2\/product\/45173","targetHints":{"allow":["GET"]}}],"collection":[{"href":"https:\/\/all-pets.de\/shop\/wp-json\/wp\/v2\/product"}],"about":[{"href":"https:\/\/all-pets.de\/shop\/wp-json\/wp\/v2\/types\/product"}],"replies":[{"embeddable":true,"href":"https:\/\/all-pets.de\/shop\/wp-json\/wp\/v2\/comments?post=45173"}],"wp:featuredmedia":[{"embeddable":true,"href":"https:\/\/all-pets.de\/shop\/wp-json\/wp\/v2\/media\/1564"}],"wp:attachment":[{"href":"https:\/\/all-pets.de\/shop\/wp-json\/wp\/v2\/media?parent=45173"}],"wp:term":[{"taxonomy":"product_cat","embeddable":true,"href":"https:\/\/all-pets.de\/shop\/wp-json\/wp\/v2\/product_cat?post=45173"},{"taxonomy":"product_tag","embeddable":true,"href":"https:\/\/all-pets.de\/shop\/wp-json\/wp\/v2\/product_tag?post=45173"}],"curies":[{"name":"wp","href":"https:\/\/api.w.org\/{rel}","templated":true}]}}