{"id":45178,"date":"2023-12-12T10:47:45","date_gmt":"2023-12-12T09:47:45","guid":{"rendered":"https:\/\/pet-shopping.de\/shop\/produkt\/trixie-netz-spannstangen-set-aluminium-128-325m\/"},"modified":"2023-12-12T10:47:46","modified_gmt":"2023-12-12T09:47:46","slug":"trixie-netz-spannstangen-set-aluminium-128-325m","status":"publish","type":"product","link":"https:\/\/all-pets.de\/shop\/produkt\/trixie-netz-spannstangen-set-aluminium-128-325m\/","title":{"rendered":"Trixie Netz-Spannstangen-Set, Aluminium, 1,28-3,25m"},"content":{"rendered":"<div class=\"mb-3 row\">\n<div class=\"col\">\n<ul>\n<li>\n<ul>\n<ul>\n<li>f\u00fcr Katzenschutznetze<\/li>\n<li>Befestigungsstange f\u00fcr die Verbindung von Wand zu Wand oder Fu\u00dfboden zur Decke<\/li>\n<li>verstellbar 1,28\u20133,20 m<\/li>\n<li>2 Spannteile, verstellbar<\/li>\n<li>Aluminium<\/li>\n<li>kein Bohren und Schrauben erforderlich<\/li>\n<\/ul>\n<\/ul>\n<\/li>\n<\/ul>\n<\/div>\n<\/div>\n","protected":false},"excerpt":{"rendered":"<p>f\u00fcr Katzenschutznetze Befestigungsstange f\u00fcr die Verbindung von Wand zu Wand oder Fu\u00dfboden zur Decke verstellbar 1,28\u20133,20 m 2 Spannteile, verstellbar Aluminium kein Bohren und Schrauben erforderlich<\/p>\n","protected":false},"featured_media":45179,"comment_status":"closed","ping_status":"open","template":"","meta":[],"product_cat":[13900],"product_tag":[],"class_list":{"0":"post-45178","1":"product","2":"type-product","3":"status-publish","4":"has-post-thumbnail","6":"product_cat-schutznetze-gitter","8":"first","9":"instock","10":"taxable","11":"shipping-taxable","12":"purchasable","13":"product-type-simple"},"_links":{"self":[{"href":"https:\/\/all-pets.de\/shop\/wp-json\/wp\/v2\/product\/45178","targetHints":{"allow":["GET"]}}],"collection":[{"href":"https:\/\/all-pets.de\/shop\/wp-json\/wp\/v2\/product"}],"about":[{"href":"https:\/\/all-pets.de\/shop\/wp-json\/wp\/v2\/types\/product"}],"replies":[{"embeddable":true,"href":"https:\/\/all-pets.de\/shop\/wp-json\/wp\/v2\/comments?post=45178"}],"wp:featuredmedia":[{"embeddable":true,"href":"https:\/\/all-pets.de\/shop\/wp-json\/wp\/v2\/media\/45179"}],"wp:attachment":[{"href":"https:\/\/all-pets.de\/shop\/wp-json\/wp\/v2\/media?parent=45178"}],"wp:term":[{"taxonomy":"product_cat","embeddable":true,"href":"https:\/\/all-pets.de\/shop\/wp-json\/wp\/v2\/product_cat?post=45178"},{"taxonomy":"product_tag","embeddable":true,"href":"https:\/\/all-pets.de\/shop\/wp-json\/wp\/v2\/product_tag?post=45178"}],"curies":[{"name":"wp","href":"https:\/\/api.w.org\/{rel}","templated":true}]}}