{"id":45187,"date":"2023-12-12T10:47:45","date_gmt":"2023-12-12T09:47:45","guid":{"rendered":"https:\/\/pet-shopping.de\/shop\/produkt\/trixie-natural-living-spielturm\/"},"modified":"2023-12-12T10:47:48","modified_gmt":"2023-12-12T09:47:48","slug":"trixie-natural-living-spielturm","status":"publish","type":"product","link":"https:\/\/all-pets.de\/shop\/produkt\/trixie-natural-living-spielturm\/","title":{"rendered":"Trixie Natural Living Spielturm"},"content":{"rendered":"<ul>\n<li>mit zwei Zug\u00e4ngen<\/li>\n<li>mit 9 Kammern, 2 Treppen und Futternapf<\/li>\n<li>Kunststoffscheibe zum Beobachten des Nagers<\/li>\n<li>Rindenholz<\/li>\n<li>Ma\u00dfe: ca. 30 x 30 x 10 cm<\/li>\n<li>f\u00fcr z.B. M\u00e4use, Zwerghamster<\/li>\n<\/ul>\n<div class=\"infotextWrap\">\n<p class=\"fliestextblocksatz\">Wir legen viel Wert auf die Gesundheit Ihres Tieres. Aus diesem Grund bestehen unsere Natural Living Artikel aus Nadelh\u00f6lzern ohne Harzkan\u00e4le. Harz ist giftig f\u00fcr Tiere. Die von uns genutzten H\u00f6lzer harzen nicht und werden zudem vor der Weiterverarbeitung ausgiebig getrocknet. Der von uns verwendete Leim ist ebenfalls ungiftig f\u00fcr Tiere und besteht aus einem Kautschuk- bzw. Zellulose-Gemisch.<\/p>\n<\/div>\n","protected":false},"excerpt":{"rendered":"<p>mit zwei Zug\u00e4ngen mit 9 Kammern, 2 Treppen und Futternapf Kunststoffscheibe zum Beobachten des Nagers Rindenholz Ma\u00dfe: ca. 30 x 30 x 10 cm f\u00fcr z.B. M\u00e4use, Zwerghamster Wir legen viel Wert auf die Gesundheit Ihres Tieres. Aus diesem Grund bestehen unsere Natural Living Artikel aus Nadelh\u00f6lzern ohne Harzkan\u00e4le. Harz ist giftig f\u00fcr Tiere. Die [&hellip;]<\/p>\n","protected":false},"featured_media":4862,"comment_status":"closed","ping_status":"open","template":"","meta":[],"product_cat":[13745],"product_tag":[],"class_list":{"0":"post-45187","1":"product","2":"type-product","3":"status-publish","4":"has-post-thumbnail","6":"product_cat-spiel-sport","8":"first","9":"instock","10":"taxable","11":"shipping-taxable","12":"purchasable","13":"product-type-simple"},"_links":{"self":[{"href":"https:\/\/all-pets.de\/shop\/wp-json\/wp\/v2\/product\/45187","targetHints":{"allow":["GET"]}}],"collection":[{"href":"https:\/\/all-pets.de\/shop\/wp-json\/wp\/v2\/product"}],"about":[{"href":"https:\/\/all-pets.de\/shop\/wp-json\/wp\/v2\/types\/product"}],"replies":[{"embeddable":true,"href":"https:\/\/all-pets.de\/shop\/wp-json\/wp\/v2\/comments?post=45187"}],"wp:featuredmedia":[{"embeddable":true,"href":"https:\/\/all-pets.de\/shop\/wp-json\/wp\/v2\/media\/4862"}],"wp:attachment":[{"href":"https:\/\/all-pets.de\/shop\/wp-json\/wp\/v2\/media?parent=45187"}],"wp:term":[{"taxonomy":"product_cat","embeddable":true,"href":"https:\/\/all-pets.de\/shop\/wp-json\/wp\/v2\/product_cat?post=45187"},{"taxonomy":"product_tag","embeddable":true,"href":"https:\/\/all-pets.de\/shop\/wp-json\/wp\/v2\/product_tag?post=45187"}],"curies":[{"name":"wp","href":"https:\/\/api.w.org\/{rel}","templated":true}]}}