{"id":45189,"date":"2023-12-12T10:47:45","date_gmt":"2023-12-12T09:47:45","guid":{"rendered":"https:\/\/pet-shopping.de\/shop\/produkt\/catit-senses-2-0-ball-dome-ball-kuppel\/"},"modified":"2023-12-12T10:47:48","modified_gmt":"2023-12-12T09:47:48","slug":"catit-senses-2-0-ball-dome-ball-kuppel","status":"publish","type":"product","link":"https:\/\/all-pets.de\/shop\/produkt\/catit-senses-2-0-ball-dome-ball-kuppel\/","title":{"rendered":"Catit Senses 2.0 Ball Dome (Ball-Kuppel)"},"content":{"rendered":"<div itemprop=\"description\">\n<p><strong>Senses 2.0 Ball-Kuppel<\/strong><\/p>\n<p><strong>Bewegungsaktiviertes Ballspielzeug mit Schwenkplatte<\/strong><\/p>\n<ul> <\/p>\n<li>Spricht den nat\u00fcrlichen Jagdinstinkt Ihrer Katze an<\/li>\n<p> <\/p>\n<li>Sorgt daf\u00fcr, dass Ihre Katze besch\u00e4ftigt und aktiv ist, w\u00e4hrend Sie nicht zu Hause sind<\/li>\n<p> <\/p>\n<li>Zwei Spielmodi: Sensor und Fortlaufend<\/li>\n<p> <\/p>\n<li>Aus BPA-freien Materialien<\/li>\n<p> <\/p>\n<li>Batterien nicht im Lieferumfang enthalten <\/li>\n<\/ul>\n<ul>\n<li>Die Senses 2.0 Ball-Kuppel ist ein bewegungsaktiviertes Spielzeug f\u00fcr Katzen, das den nat\u00fcrlichen Jagdinstinkt der Katzen stimuliert.<\/li>\n<p> <\/p>\n<li>Die Ball-Kuppel ist ideal, damit Ihre Katze besch\u00e4ftigt und aktiv ist, w\u00e4hrend Sie nicht zu Hause sind.<\/li>\n<p> <\/ul>\n<p><strong>Zwei Spielmodi<\/strong> <\/p>\n<p>Die Senses 2.0 Ball-Kuppel verf\u00fcgt \u00fcber zwei Spielmodi: Sensor und Fortlaufend<\/p>\n<p><strong>Modus \u201eSensor\u201c<\/strong><\/p>\n<p> Im Modus \u201eSensor\u201c wird das Spielzeug \u00fcber einen Bewegungssensor aktiviert. <\/p>\n<p> Wenn Ihre Katze in die N\u00e4he des Spielzeuges kommt, wird der Ball ins Rollen gebracht, was die Katze zum Spielen ermuntert<\/p>\n<p><strong>Modus \u201eFortlaufend\u201c<\/strong><\/p>\n<p> Im Modus \u201eFortlaufend\u201c ist das Spielzeug aktiv, bis es ausgeschaltet wird.<\/p>\n<p><strong>Zu 100% sicher f\u00fcr die Pfoten<\/strong><\/p>\n<p> Die Schwenkplatte im Inneren bringt den Ball ins Rollen, damit Ihre Katze ihn durch die \u00d6ffnungen in der Abdeckung jagen kann. <\/p>\n<p> Das Spielzeug besteht aus BPA-freien Materialien und ist sicher f\u00fcr die Pfoten Ihrer Katze.<\/p>\n<ul>\n<li>Drehen Sie die Ball-Kuppel, um den Ball herauszuholen.<\/li>\n<p> <\/p>\n<li>Schrauben Sie den Ball auf, um f\u00fcr zus\u00e4tzlichen Spa\u00df Katzenminze oder eine Glocke hineinzulegen.<\/li>\n<p> <\/p>\n<li>Tipp: Legen Sie ein mit Katzenminze \u00fcberzogenes Papiertuch in den Ball, um Ihre Katze zum Spielen zu animieren!<\/li>\n<p> <\/ul>\n<p><strong>Kombinieren Sie die Ball-Kuppel mit anderen Senses 2.0 Produkten<\/strong><\/div>\n<p><\/p>\n","protected":false},"excerpt":{"rendered":"<p>Senses 2.0 Ball-Kuppel Bewegungsaktiviertes Ballspielzeug mit Schwenkplatte Spricht den nat\u00fcrlichen Jagdinstinkt Ihrer Katze an Sorgt daf\u00fcr, dass Ihre Katze besch\u00e4ftigt und aktiv ist, w\u00e4hrend Sie nicht zu Hause sind Zwei Spielmodi: Sensor und Fortlaufend Aus BPA-freien Materialien Batterien nicht im Lieferumfang enthalten Die Senses 2.0 Ball-Kuppel ist ein bewegungsaktiviertes Spielzeug f\u00fcr Katzen, das den nat\u00fcrlichen [&hellip;]<\/p>\n","protected":false},"featured_media":25105,"comment_status":"closed","ping_status":"open","template":"","meta":[],"product_cat":[13887],"product_tag":[],"class_list":{"0":"post-45189","1":"product","2":"type-product","3":"status-publish","4":"has-post-thumbnail","6":"product_cat-katzenbaelle-katzenspielzeug-weitere-spielzeugekatzenwelt","8":"first","9":"instock","10":"taxable","11":"shipping-taxable","12":"purchasable","13":"product-type-simple"},"_links":{"self":[{"href":"https:\/\/all-pets.de\/shop\/wp-json\/wp\/v2\/product\/45189","targetHints":{"allow":["GET"]}}],"collection":[{"href":"https:\/\/all-pets.de\/shop\/wp-json\/wp\/v2\/product"}],"about":[{"href":"https:\/\/all-pets.de\/shop\/wp-json\/wp\/v2\/types\/product"}],"replies":[{"embeddable":true,"href":"https:\/\/all-pets.de\/shop\/wp-json\/wp\/v2\/comments?post=45189"}],"wp:featuredmedia":[{"embeddable":true,"href":"https:\/\/all-pets.de\/shop\/wp-json\/wp\/v2\/media\/25105"}],"wp:attachment":[{"href":"https:\/\/all-pets.de\/shop\/wp-json\/wp\/v2\/media?parent=45189"}],"wp:term":[{"taxonomy":"product_cat","embeddable":true,"href":"https:\/\/all-pets.de\/shop\/wp-json\/wp\/v2\/product_cat?post=45189"},{"taxonomy":"product_tag","embeddable":true,"href":"https:\/\/all-pets.de\/shop\/wp-json\/wp\/v2\/product_tag?post=45189"}],"curies":[{"name":"wp","href":"https:\/\/api.w.org\/{rel}","templated":true}]}}