{"id":45196,"date":"2023-12-12T10:47:45","date_gmt":"2023-12-12T09:47:45","guid":{"rendered":"https:\/\/pet-shopping.de\/shop\/produkt\/jr-farm-kraeuter-spezial-im-eimer-15kg\/"},"modified":"2023-12-12T10:47:49","modified_gmt":"2023-12-12T09:47:49","slug":"jr-farm-kraeuter-spezial-im-eimer-15kg","status":"publish","type":"product","link":"https:\/\/all-pets.de\/shop\/produkt\/jr-farm-kraeuter-spezial-im-eimer-15kg\/","title":{"rendered":"JR Farm Kr\u00e4uter-Spezial im Eimer &#8211; 1,5kg"},"content":{"rendered":"<p>Erg\u00e4nzungsfuttermittel f\u00fcr Zwergkaninchen und Nager<\/p>\n<div class=\"content--product-code\">\n<div class=\"detail--product-code\">\n<div class=\"content--title\"> Zusammensetzung <\/div>\n<p>Haferflocken, Weizenflocken, Erbsenflocken, extrudiertes Maismehl, Karotten, RoteBeete, Petersilie, Weizen, Weizen gepufft, Luzerne, Mais gepufft,Melisse, Johannisbrot, Maisflocken, L\u00f6wenzahn 3%, Sonnenhut,Pfefferminze, Bergwiesenheu, Ringelblumenbl\u00fcten 1%, Rotklee 0,5%<\/p>\n<\/p><\/div>\n<\/p><\/div>\n<div class=\"content--product-code\">\n<div class=\"detail--product-code\">\n<div class=\"content--title\"> Analytische Bestandteile <\/div>\n<p>Protein 11,6%, Fettgehalt 3,0%, Rohfaser 8,1%, Rohasche 4,5%, Calcium 2600 mg\/kg, Phosphor 1752 mg\/kg, Natrium 732 mg\/kg<\/p>\n<\/p><\/div>\n<\/p><\/div>\n<div class=\"content--product-code\">\n<div class=\"detail--product-code\">\n<div class=\"content--title\"> F\u00fctterungsempfehlung <\/div>\n<p>Je nach Gr\u00f6\u00dfe des Tieres t\u00e4glich bis zu 3 Essl\u00f6ffel pur oder untergemischt im Hauptfutter.<\/p>\n<\/p><\/div>\n<\/p><\/div>\n","protected":false},"excerpt":{"rendered":"<p>Erg\u00e4nzungsfuttermittel f\u00fcr Zwergkaninchen und Nager Zusammensetzung Haferflocken, Weizenflocken, Erbsenflocken, extrudiertes Maismehl, Karotten, RoteBeete, Petersilie, Weizen, Weizen gepufft, Luzerne, Mais gepufft,Melisse, Johannisbrot, Maisflocken, L\u00f6wenzahn 3%, Sonnenhut,Pfefferminze, Bergwiesenheu, Ringelblumenbl\u00fcten 1%, Rotklee 0,5% Analytische Bestandteile Protein 11,6%, Fettgehalt 3,0%, Rohfaser 8,1%, Rohasche 4,5%, Calcium 2600 mg\/kg, Phosphor 1752 mg\/kg, Natrium 732 mg\/kg F\u00fctterungsempfehlung Je nach Gr\u00f6\u00dfe des Tieres [&hellip;]<\/p>\n","protected":false},"featured_media":15738,"comment_status":"closed","ping_status":"open","template":"","meta":[],"product_cat":[13830],"product_tag":[],"class_list":{"0":"post-45196","1":"product","2":"type-product","3":"status-publish","4":"has-post-thumbnail","6":"product_cat-meerschweinchen","8":"first","9":"instock","10":"taxable","11":"shipping-taxable","12":"purchasable","13":"product-type-simple"},"_links":{"self":[{"href":"https:\/\/all-pets.de\/shop\/wp-json\/wp\/v2\/product\/45196","targetHints":{"allow":["GET"]}}],"collection":[{"href":"https:\/\/all-pets.de\/shop\/wp-json\/wp\/v2\/product"}],"about":[{"href":"https:\/\/all-pets.de\/shop\/wp-json\/wp\/v2\/types\/product"}],"replies":[{"embeddable":true,"href":"https:\/\/all-pets.de\/shop\/wp-json\/wp\/v2\/comments?post=45196"}],"wp:featuredmedia":[{"embeddable":true,"href":"https:\/\/all-pets.de\/shop\/wp-json\/wp\/v2\/media\/15738"}],"wp:attachment":[{"href":"https:\/\/all-pets.de\/shop\/wp-json\/wp\/v2\/media?parent=45196"}],"wp:term":[{"taxonomy":"product_cat","embeddable":true,"href":"https:\/\/all-pets.de\/shop\/wp-json\/wp\/v2\/product_cat?post=45196"},{"taxonomy":"product_tag","embeddable":true,"href":"https:\/\/all-pets.de\/shop\/wp-json\/wp\/v2\/product_tag?post=45196"}],"curies":[{"name":"wp","href":"https:\/\/api.w.org\/{rel}","templated":true}]}}