{"id":45197,"date":"2023-12-12T10:47:45","date_gmt":"2023-12-12T09:47:45","guid":{"rendered":"https:\/\/pet-shopping.de\/shop\/produkt\/trixie-food-roll-fuer-kleintiere\/"},"modified":"2023-12-12T10:47:49","modified_gmt":"2023-12-12T09:47:49","slug":"trixie-food-roll-fuer-kleintiere","status":"publish","type":"product","link":"https:\/\/all-pets.de\/shop\/produkt\/trixie-food-roll-fuer-kleintiere\/","title":{"rendered":"Trixie Food Roll f\u00fcr Kleintiere"},"content":{"rendered":"<ul>\n<li> Kunststoff\/TPR <\/li>\n<li> zum Bef\u00fcllen mit Heu und Gr\u00e4sern, Obst und Gem\u00fcse oder anderen Leckerlis <\/li>\n<li> artgerechte Besch\u00e4ftigung und geistige Herausforderung <\/li>\n<li> kann auch f\u00fcr die t\u00e4gliche Futtergabe genutzt werden <\/li>\n<li> mit laufruhiger Gummiummantelung <\/li>\n<li>Ma\u00dfe: ca. 5,5 x 12 cm (Durchmesser x L\u00e4nge)<\/li>\n<li>f\u00fcr z. B.: Kaninchen, Meerschweinchen<\/li>\n<li>Eine Farbwahl ist leider nicht m\u00f6glich, da die Farbe je nach Lagerbestand gew\u00e4hlt wird.<\/li>\n<\/ul>\n","protected":false},"excerpt":{"rendered":"<p>Kunststoff\/TPR zum Bef\u00fcllen mit Heu und Gr\u00e4sern, Obst und Gem\u00fcse oder anderen Leckerlis artgerechte Besch\u00e4ftigung und geistige Herausforderung kann auch f\u00fcr die t\u00e4gliche Futtergabe genutzt werden mit laufruhiger Gummiummantelung Ma\u00dfe: ca. 5,5 x 12 cm (Durchmesser x L\u00e4nge) f\u00fcr z. B.: Kaninchen, Meerschweinchen Eine Farbwahl ist leider nicht m\u00f6glich, da die Farbe je nach Lagerbestand [&hellip;]<\/p>\n","protected":false},"featured_media":45198,"comment_status":"closed","ping_status":"open","template":"","meta":[],"product_cat":[13745],"product_tag":[],"class_list":{"0":"post-45197","1":"product","2":"type-product","3":"status-publish","4":"has-post-thumbnail","6":"product_cat-spiel-sport","8":"first","9":"instock","10":"taxable","11":"shipping-taxable","12":"purchasable","13":"product-type-simple"},"_links":{"self":[{"href":"https:\/\/all-pets.de\/shop\/wp-json\/wp\/v2\/product\/45197","targetHints":{"allow":["GET"]}}],"collection":[{"href":"https:\/\/all-pets.de\/shop\/wp-json\/wp\/v2\/product"}],"about":[{"href":"https:\/\/all-pets.de\/shop\/wp-json\/wp\/v2\/types\/product"}],"replies":[{"embeddable":true,"href":"https:\/\/all-pets.de\/shop\/wp-json\/wp\/v2\/comments?post=45197"}],"wp:featuredmedia":[{"embeddable":true,"href":"https:\/\/all-pets.de\/shop\/wp-json\/wp\/v2\/media\/45198"}],"wp:attachment":[{"href":"https:\/\/all-pets.de\/shop\/wp-json\/wp\/v2\/media?parent=45197"}],"wp:term":[{"taxonomy":"product_cat","embeddable":true,"href":"https:\/\/all-pets.de\/shop\/wp-json\/wp\/v2\/product_cat?post=45197"},{"taxonomy":"product_tag","embeddable":true,"href":"https:\/\/all-pets.de\/shop\/wp-json\/wp\/v2\/product_tag?post=45197"}],"curies":[{"name":"wp","href":"https:\/\/api.w.org\/{rel}","templated":true}]}}