{"id":45200,"date":"2023-12-12T10:47:45","date_gmt":"2023-12-12T09:47:45","guid":{"rendered":"https:\/\/pet-shopping.de\/shop\/produkt\/classic-dog-snack-schweinenasen-weiss-gepufft-5-stueck\/"},"modified":"2023-12-12T10:47:49","modified_gmt":"2023-12-12T09:47:49","slug":"classic-dog-snack-schweinenasen-weiss-gepufft-5-stueck","status":"publish","type":"product","link":"https:\/\/all-pets.de\/shop\/produkt\/classic-dog-snack-schweinenasen-weiss-gepufft-5-stueck\/","title":{"rendered":"Classic Dog Snack Schweinenasen wei\u00df gepufft &#8211; 5 St\u00fcck"},"content":{"rendered":"<p>Schweinenasen sind ein Belohnungssnack aus nat\u00fcrlichem Trockenfleisch.<\/p>\n<p>Schweinenasen sind ein herzhafter und kr\u00e4ftiger Leckerbissen f\u00fcr jeden Hund.<br \/> Sie sind nahrhaft, leicht verdaulich und somit ein idealer Snack f\u00fcr zwischendurch und besonders f\u00fcr kleine und mittelgro\u00dfe Rassen geeignet.<\/p>\n<p>Dieser Snack entspricht, wie auch Muskelfleisch und Innereien dem urspr\u00fcnglichen Beutefleisch Ihres Hundes.<br \/> Beim Zerkauen werden gleichzeitig die Z\u00e4hne von Belegen befreit, das Zahnfleisch massiert und die Kaumuskeln gekr\u00e4ftigt.<br \/> Die Schweinenasen werden im Hei\u00dfluftofen ohne Rauch schonend getrocknet.<br \/> Trockenfleisch bietet eine ideale Alternative zu frischen Fleischteilen vom Metzger.<br \/> Es ist ebenso nahrhaft bei besserer Lagerf\u00e4higkeit.<\/p>\n<p>Schweinenasen sind aus 100% nat\u00fcrlichem Fleisch ohne k\u00fcnstliche Farbstoffe und ohne Konservierungsstoffe.<\/p>\n<p>Bitte lagern Sie dieses Produkt immer k\u00fchl und trocken.<\/p>\n<p><strong>Inhaltsstoffe:<\/strong> <\/p>\n<p>Protein: 73,10% Fett: 10,40% Feuchtigkeit: 07,70%<\/p>\n<p><strong>F\u00fctterungsempfehlung:<\/strong> <\/p>\n<p>Als Belohnungssnack erg\u00e4nzend zur gewohnten Hauptnahrung. Bitte immer ausreichend Wasser zur Verf\u00fcgung stellen.<\/p>\n","protected":false},"excerpt":{"rendered":"<p>Schweinenasen sind ein Belohnungssnack aus nat\u00fcrlichem Trockenfleisch. Schweinenasen sind ein herzhafter und kr\u00e4ftiger Leckerbissen f\u00fcr jeden Hund. Sie sind nahrhaft, leicht verdaulich und somit ein idealer Snack f\u00fcr zwischendurch und besonders f\u00fcr kleine und mittelgro\u00dfe Rassen geeignet. Dieser Snack entspricht, wie auch Muskelfleisch und Innereien dem urspr\u00fcnglichen Beutefleisch Ihres Hundes. Beim Zerkauen werden gleichzeitig die [&hellip;]<\/p>\n","protected":false},"featured_media":16166,"comment_status":"closed","ping_status":"open","template":"","meta":[],"product_cat":[13902],"product_tag":[],"class_list":{"0":"post-45200","1":"product","2":"type-product","3":"status-publish","4":"has-post-thumbnail","6":"product_cat-classic-trockenware","8":"first","9":"instock","10":"taxable","11":"shipping-taxable","12":"purchasable","13":"product-type-simple"},"_links":{"self":[{"href":"https:\/\/all-pets.de\/shop\/wp-json\/wp\/v2\/product\/45200","targetHints":{"allow":["GET"]}}],"collection":[{"href":"https:\/\/all-pets.de\/shop\/wp-json\/wp\/v2\/product"}],"about":[{"href":"https:\/\/all-pets.de\/shop\/wp-json\/wp\/v2\/types\/product"}],"replies":[{"embeddable":true,"href":"https:\/\/all-pets.de\/shop\/wp-json\/wp\/v2\/comments?post=45200"}],"wp:featuredmedia":[{"embeddable":true,"href":"https:\/\/all-pets.de\/shop\/wp-json\/wp\/v2\/media\/16166"}],"wp:attachment":[{"href":"https:\/\/all-pets.de\/shop\/wp-json\/wp\/v2\/media?parent=45200"}],"wp:term":[{"taxonomy":"product_cat","embeddable":true,"href":"https:\/\/all-pets.de\/shop\/wp-json\/wp\/v2\/product_cat?post=45200"},{"taxonomy":"product_tag","embeddable":true,"href":"https:\/\/all-pets.de\/shop\/wp-json\/wp\/v2\/product_tag?post=45200"}],"curies":[{"name":"wp","href":"https:\/\/api.w.org\/{rel}","templated":true}]}}