{"id":45201,"date":"2023-12-12T10:47:45","date_gmt":"2023-12-12T09:47:45","guid":{"rendered":"https:\/\/pet-shopping.de\/shop\/produkt\/basic-dinner-vollwertkost-12-kg\/"},"modified":"2023-12-12T10:47:50","modified_gmt":"2023-12-12T09:47:50","slug":"basic-dinner-vollwertkost-12-kg","status":"publish","type":"product","link":"https:\/\/all-pets.de\/shop\/produkt\/basic-dinner-vollwertkost-12-kg\/","title":{"rendered":"Basic Dinner Vollwertkost &#8211; 12 kg"},"content":{"rendered":"<p><strong>Pet-Star Basic Dinner &#8211; Allround Dog Food<br \/> Die schmackhafte Vollwertkost f\u00fcr Ihren Hund<\/strong><\/p>\n<p>Alleinfuttermittel f\u00fcr Hunde jeden Alters<\/p>\n<p>Zusammensetzung: Rind-\/Schweinemehl 28%, Getreide (Mais\/Weizen) 59,22%, H\u00fchnerfett 9%, H\u00fchnerleberbr\u00fche 3%, Mineralien-\/Vitamin-Mischung 0,25%, Salz 0,2%<\/p>\n<p>Technologische Zusatzstoffe: Antioxidantien, Konservierungsmittel &#8211; Schimmelpilzblocker<\/p>\n<p>Analytische Bestandteile: Feuchtigkeit 9,00 %, Rohprotein 21,00 %, Fette 10,00 %, Fasern 2,80 %, Kalzium 1,60 %, Phosphor 1,00 %, Chloride 0,30 %, Rohasche 7,00 %<\/p>\n<p>Ern\u00e4hrungsphysiologische Zusatzstoffe pro kg: Vitamin A (3a672a) 15000 IU, Vitamin D3 (3a671) 1200 IU, Vitamin E (3a700) 92 mg, Vitamin K (3a711) 2 mg, Vitamin B1 (3a821) 5 mg, Vitamin B2 5,6 mg, Pantothens\u00e4ure (3a841) 11,2 mg, Vitamin B6 (3a831) 4 mg, Vitamin B12 0,06 mg, Niacin (3a314) 25 mg, Fols\u00e4ure (3a316) 1,0 mg, Biotin (3a880) 0,22 mg, Eisen (3b101) 80 mg, Jod (3b203) 0,9 mg, Mangan (3b502) 10mg, Kupfer (copper (II) sulfate pentahydrate) (Cu, E4) 10mg, Zink (3b603) 100mg, Selen (sodium selenite) (E8) 0,35mg\/kg<\/p>\n<p>F\u00fctterungsempfehlung:<\/p>\n<p class=\"NurText\"><em>Gewicht des Hundes: 1-2 kg<\/em><br \/> ruhiger Hund: 35-40 g<br \/> aktiver Hund: 50-60 g<\/p>\n<p class=\"NurText\"><em>Gewicht des Hundes: 2-10 kg<\/em><br \/> ruhiger Hund: 40-200 g<br \/> aktiver Hund: 60-250 g<\/p>\n<p class=\"NurText\"><em>Gewicht des Hundes: 10-20 kg<\/em><br \/> ruhiger Hund: 200-320 g<br \/> aktiver Hund: 250-380 g<\/p>\n<p class=\"NurText\"><em>Gewicht des Hundes: 20-30 kg<\/em><br \/> ruhiger Hund: 320-420 g<br \/> aktiver Hund: 380-510 g<\/p>\n<p class=\"NurText\"><em>Gewicht des Hundes: 30-50 kg<\/em><br \/> ruhiger Hund: 420-620 g<br \/> aktiver Hund: 510-750 g<\/p>\n<p class=\"NurText\"><em>Gewicht des Hundes: 50-70 kg<\/em><br \/> ruhiger Hund: 620-840 g<br \/> aktiver Hund: 750-980 g<\/p>\n<p class=\"NurText\">Die empfohlene Futtermenge gilt pro Tier und Tag. Das Produkt kann trocken oder mit etwas Wasser gemischt gef\u00fcttert werden. Der Hund sollte immer ausreichend frisches Wasser zur Verf\u00fcgung haben. Jeder Hund ist anders. Die Rasse, das Alter, Temperament und Aktivit\u00e4t des einzelnen Hundes sollte deshalb ber\u00fccksichtigt werden. Im Falle einer \u00c4nderung der F\u00fctterung unbedingt langsam \u00fcber 2 Wochen \u00e4ndern.<\/p>\n","protected":false},"excerpt":{"rendered":"<p>Pet-Star Basic Dinner &#8211; Allround Dog Food Die schmackhafte Vollwertkost f\u00fcr Ihren Hund Alleinfuttermittel f\u00fcr Hunde jeden Alters Zusammensetzung: Rind-\/Schweinemehl 28%, Getreide (Mais\/Weizen) 59,22%, H\u00fchnerfett 9%, H\u00fchnerleberbr\u00fche 3%, Mineralien-\/Vitamin-Mischung 0,25%, Salz 0,2% Technologische Zusatzstoffe: Antioxidantien, Konservierungsmittel &#8211; Schimmelpilzblocker Analytische Bestandteile: Feuchtigkeit 9,00 %, Rohprotein 21,00 %, Fette 10,00 %, Fasern 2,80 %, Kalzium 1,60 %, [&hellip;]<\/p>\n","protected":false},"featured_media":33940,"comment_status":"closed","ping_status":"open","template":"","meta":[],"product_cat":[13903],"product_tag":[],"class_list":{"0":"post-45201","1":"product","2":"type-product","3":"status-publish","4":"has-post-thumbnail","6":"product_cat-pet-star","8":"first","9":"instock","10":"taxable","11":"shipping-taxable","12":"purchasable","13":"product-type-simple"},"_links":{"self":[{"href":"https:\/\/all-pets.de\/shop\/wp-json\/wp\/v2\/product\/45201","targetHints":{"allow":["GET"]}}],"collection":[{"href":"https:\/\/all-pets.de\/shop\/wp-json\/wp\/v2\/product"}],"about":[{"href":"https:\/\/all-pets.de\/shop\/wp-json\/wp\/v2\/types\/product"}],"replies":[{"embeddable":true,"href":"https:\/\/all-pets.de\/shop\/wp-json\/wp\/v2\/comments?post=45201"}],"wp:featuredmedia":[{"embeddable":true,"href":"https:\/\/all-pets.de\/shop\/wp-json\/wp\/v2\/media\/33940"}],"wp:attachment":[{"href":"https:\/\/all-pets.de\/shop\/wp-json\/wp\/v2\/media?parent=45201"}],"wp:term":[{"taxonomy":"product_cat","embeddable":true,"href":"https:\/\/all-pets.de\/shop\/wp-json\/wp\/v2\/product_cat?post=45201"},{"taxonomy":"product_tag","embeddable":true,"href":"https:\/\/all-pets.de\/shop\/wp-json\/wp\/v2\/product_tag?post=45201"}],"curies":[{"name":"wp","href":"https:\/\/api.w.org\/{rel}","templated":true}]}}