{"id":45203,"date":"2023-12-12T10:47:45","date_gmt":"2023-12-12T09:47:45","guid":{"rendered":"https:\/\/pet-shopping.de\/shop\/produkt\/gimcat-skin-coat-tabs-40-g\/"},"modified":"2023-12-12T10:47:50","modified_gmt":"2023-12-12T09:47:50","slug":"gimcat-skin-coat-tabs-40-g","status":"publish","type":"product","link":"https:\/\/all-pets.de\/shop\/produkt\/gimcat-skin-coat-tabs-40-g\/","title":{"rendered":"GimCat Skin &#038; Coat Tabs 40 g"},"content":{"rendered":"<div class=\"entry-body\">\n<p>GimCat Skin &#038; Coat Tabs unterst\u00fctzen ein sichtbar gl\u00e4nzenderes und ges\u00fcnderes Haarkleid, einen schnelleren Fellwechsel, geschmeidigere Haut und festere Krallen. Sie wirken positiv auf den Haut- und Fellstoffwechsel, beugen Mangelerscheinungen vor und regulieren bereits bestehende Biotin- und Zink-Unterversorgung.<\/p>\n<\/div>\n<ul>\n<li>ohne Zuckerzusatz<\/li>\n<li>Getreidefrei<\/li>\n<\/ul>\n<div>Zusammensetzung:<\/p>\n<div class=\"accordion-content ui-accordion-content ui-helper-reset ui-widget-content ui-corner-bottom ui-accordion-content-active\" role=\"tabpanel\" style=\"display: block\" id=\"ui-id-4\" aria-labelledby=\"ui-id-3\" aria-hidden=\"false\">\n<div class=\"accordion-content ui-accordion-content ui-helper-reset ui-widget-content ui-corner-bottom ui-accordion-content-active\" role=\"tabpanel\" style=\"display: block\" id=\"ui-id-4\" aria-labelledby=\"ui-id-3\" aria-hidden=\"false\">\n<p>Milch und Molkereierzeugnisse, Hefen, \u00d6le und Fette.<\/p>\n<\/div>\n<\/div>\n<p class=\"accordion-content ui-accordion-content ui-helper-reset ui-widget-content ui-corner-bottom ui-accordion-content-active\" role=\"tabpanel\" style=\"display: block\" aria-labelledby=\"ui-id-3\" aria-hidden=\"false\">Analyse:<\/p>\n<table>\n<tbody>\n<tr>\n<th>Proteine<\/th>\n<td>23,5 %<\/td>\n<\/tr>\n<tr>\n<th>Fettgehalt<\/th>\n<td>13,0 %<\/td>\n<\/tr>\n<tr>\n<th>Rohasche<\/th>\n<td>6,5 %<\/td>\n<\/tr>\n<tr>\n<th>Rohfaser<\/th>\n<td>14,5 %<\/td>\n<\/tr>\n<tr>\n<th>Feuchtigkeit<\/th>\n<td>5,0 %<\/td>\n<\/tr>\n<\/tbody>\n<\/table>\n<p class=\"accordion-content ui-accordion-content ui-helper-reset ui-widget-content ui-corner-bottom ui-accordion-content-active\" role=\"tabpanel\" style=\"display: block\" aria-labelledby=\"ui-id-3\" aria-hidden=\"false\">\u00a0<\/p>\n<p class=\"accordion-content ui-accordion-content ui-helper-reset ui-widget-content ui-corner-bottom ui-accordion-content-active\" role=\"tabpanel\" style=\"display: block\" aria-labelledby=\"ui-id-3\" aria-hidden=\"false\">Zusatzstoffe pro kg:<\/p>\n<div class=\"accordion-content ui-accordion-content ui-helper-reset ui-widget-content ui-corner-bottom ui-accordion-content-active\" role=\"tabpanel\" style=\"display: block\" id=\"ui-id-8\" aria-labelledby=\"ui-id-7\" aria-hidden=\"false\">\n<div class=\"accordion-content ui-accordion-content ui-helper-reset ui-widget-content ui-corner-bottom ui-accordion-content-active\" role=\"tabpanel\" style=\"display: block\" id=\"ui-id-8\" aria-labelledby=\"ui-id-7\" aria-hidden=\"false\">\n<p>Vitamin D3 1.147 IE Vitamin E 260 mg Vitamin K3 1 mg Vitamin B1 (Thiamin) 27 mg Vitamin B2 (Riboflavin) 20 mg Vitamin B6 (Pyridoxin) 13 mg Vitamin B12 (Cobalamin) 93 mcg Vitamin C 100 mg Biotin 41.799 mcg Niacin 937 mg Fols\u00e4ure 18 mg Calcium-D-Pantothenat 150 mg Cholinchlorid 2.660 mg Zink als Zinksulfat, Monohydrat 99,0 mg<\/p>\n<\/div>\n<\/div>\n<p class=\"accordion-content ui-accordion-content ui-helper-reset ui-widget-content ui-corner-bottom ui-accordion-content-active\" role=\"tabpanel\" style=\"display: block\" aria-labelledby=\"ui-id-7\" aria-hidden=\"false\">F\u00fctterungsempfehlung:<\/p>\n<div class=\"accordion-content ui-accordion-content ui-helper-reset ui-widget-content ui-corner-bottom ui-accordion-content-active\" role=\"tabpanel\" style=\"display: block\" id=\"ui-id-2\" aria-labelledby=\"ui-id-1\" aria-hidden=\"false\">\n<div class=\"accordion-content ui-accordion-content ui-helper-reset ui-widget-content ui-corner-bottom ui-accordion-content-active\" role=\"tabpanel\" style=\"display: block\" id=\"ui-id-2\" aria-labelledby=\"ui-id-1\" aria-hidden=\"false\">\n<p>T\u00e4glich 4 &#8211; 6 St\u00fcck<\/p>\n<\/div>\n<\/div>\n<p class=\"accordion-content ui-accordion-content ui-helper-reset ui-widget-content ui-corner-bottom ui-accordion-content-active\" role=\"tabpanel\" style=\"display: block\" aria-labelledby=\"ui-id-7\" aria-hidden=\"false\">\u00a0<\/p>\n<p class=\"accordion-content ui-accordion-content ui-helper-reset ui-widget-content ui-corner-bottom ui-accordion-content-active\" role=\"tabpanel\" style=\"display: block\" aria-labelledby=\"ui-id-3\" aria-hidden=\"false\">\u00a0<\/p>\n<\/div>\n","protected":false},"excerpt":{"rendered":"<p>GimCat Skin &#038; Coat Tabs unterst\u00fctzen ein sichtbar gl\u00e4nzenderes und ges\u00fcnderes Haarkleid, einen schnelleren Fellwechsel, geschmeidigere Haut und festere Krallen. Sie wirken positiv auf den Haut- und Fellstoffwechsel, beugen Mangelerscheinungen vor und regulieren bereits bestehende Biotin- und Zink-Unterversorgung. ohne Zuckerzusatz Getreidefrei Zusammensetzung: Milch und Molkereierzeugnisse, Hefen, \u00d6le und Fette. Analyse: Proteine 23,5 % Fettgehalt 13,0 [&hellip;]<\/p>\n","protected":false},"featured_media":34889,"comment_status":"closed","ping_status":"open","template":"","meta":[],"product_cat":[13785],"product_tag":[],"class_list":{"0":"post-45203","1":"product","2":"type-product","3":"status-publish","4":"has-post-thumbnail","6":"product_cat-gimcat","8":"first","9":"instock","10":"taxable","11":"shipping-taxable","12":"purchasable","13":"product-type-simple"},"_links":{"self":[{"href":"https:\/\/all-pets.de\/shop\/wp-json\/wp\/v2\/product\/45203","targetHints":{"allow":["GET"]}}],"collection":[{"href":"https:\/\/all-pets.de\/shop\/wp-json\/wp\/v2\/product"}],"about":[{"href":"https:\/\/all-pets.de\/shop\/wp-json\/wp\/v2\/types\/product"}],"replies":[{"embeddable":true,"href":"https:\/\/all-pets.de\/shop\/wp-json\/wp\/v2\/comments?post=45203"}],"wp:featuredmedia":[{"embeddable":true,"href":"https:\/\/all-pets.de\/shop\/wp-json\/wp\/v2\/media\/34889"}],"wp:attachment":[{"href":"https:\/\/all-pets.de\/shop\/wp-json\/wp\/v2\/media?parent=45203"}],"wp:term":[{"taxonomy":"product_cat","embeddable":true,"href":"https:\/\/all-pets.de\/shop\/wp-json\/wp\/v2\/product_cat?post=45203"},{"taxonomy":"product_tag","embeddable":true,"href":"https:\/\/all-pets.de\/shop\/wp-json\/wp\/v2\/product_tag?post=45203"}],"curies":[{"name":"wp","href":"https:\/\/api.w.org\/{rel}","templated":true}]}}