{"id":45204,"date":"2023-12-12T10:47:45","date_gmt":"2023-12-12T09:47:45","guid":{"rendered":"https:\/\/pet-shopping.de\/shop\/produkt\/trixie-futterspender-tannenzapfen\/"},"modified":"2023-12-12T10:47:50","modified_gmt":"2023-12-12T09:47:50","slug":"trixie-futterspender-tannenzapfen","status":"publish","type":"product","link":"https:\/\/all-pets.de\/shop\/produkt\/trixie-futterspender-tannenzapfen\/","title":{"rendered":"Trixie Futterspender Tannenzapfen"},"content":{"rendered":"<ul>\n<li>Polyesterharz\/Metall<\/li>\n<li>viele kleine Zapfenschuppen zum Bef\u00fcllen von Streufutter, Fruchtst\u00fcckchen und N\u00fcssen<\/li>\n<li>zum Aufh\u00e4ngen<\/li>\n<li>wetterfest<\/li>\n<li>Ma\u00dfe: ca. 19 x 23 x 19 cm<\/li>\n<li>Farbe: braun\/wei\u00df<\/li>\n<\/ul>\n","protected":false},"excerpt":{"rendered":"<p>Polyesterharz\/Metall viele kleine Zapfenschuppen zum Bef\u00fcllen von Streufutter, Fruchtst\u00fcckchen und N\u00fcssen zum Aufh\u00e4ngen wetterfest Ma\u00dfe: ca. 19 x 23 x 19 cm Farbe: braun\/wei\u00df<\/p>\n","protected":false},"featured_media":45205,"comment_status":"closed","ping_status":"open","template":"","meta":[],"product_cat":[13813],"product_tag":[],"class_list":{"0":"post-45204","1":"product","2":"type-product","3":"status-publish","4":"has-post-thumbnail","6":"product_cat-futterhaeuser-nistkaesten","8":"first","9":"instock","10":"taxable","11":"shipping-taxable","12":"purchasable","13":"product-type-simple"},"_links":{"self":[{"href":"https:\/\/all-pets.de\/shop\/wp-json\/wp\/v2\/product\/45204","targetHints":{"allow":["GET"]}}],"collection":[{"href":"https:\/\/all-pets.de\/shop\/wp-json\/wp\/v2\/product"}],"about":[{"href":"https:\/\/all-pets.de\/shop\/wp-json\/wp\/v2\/types\/product"}],"replies":[{"embeddable":true,"href":"https:\/\/all-pets.de\/shop\/wp-json\/wp\/v2\/comments?post=45204"}],"wp:featuredmedia":[{"embeddable":true,"href":"https:\/\/all-pets.de\/shop\/wp-json\/wp\/v2\/media\/45205"}],"wp:attachment":[{"href":"https:\/\/all-pets.de\/shop\/wp-json\/wp\/v2\/media?parent=45204"}],"wp:term":[{"taxonomy":"product_cat","embeddable":true,"href":"https:\/\/all-pets.de\/shop\/wp-json\/wp\/v2\/product_cat?post=45204"},{"taxonomy":"product_tag","embeddable":true,"href":"https:\/\/all-pets.de\/shop\/wp-json\/wp\/v2\/product_tag?post=45204"}],"curies":[{"name":"wp","href":"https:\/\/api.w.org\/{rel}","templated":true}]}}