{"id":45210,"date":"2023-12-12T10:47:45","date_gmt":"2023-12-12T09:47:45","guid":{"rendered":"https:\/\/pet-shopping.de\/shop\/produkt\/trixie-kuscheltunnel-fuer-frettchen\/"},"modified":"2023-12-12T10:47:51","modified_gmt":"2023-12-12T09:47:51","slug":"trixie-kuscheltunnel-fuer-frettchen","status":"publish","type":"product","link":"https:\/\/all-pets.de\/shop\/produkt\/trixie-kuscheltunnel-fuer-frettchen\/","title":{"rendered":"Trixie Kuscheltunnel f\u00fcr Frettchen"},"content":{"rendered":"<div class=\"mb-3 row\">\n<div class=\"col\">\n<div class=\"description\">\n<ul>\n<li>Baumwolle\/Lammfell-Optik (Polyester)<\/li>\n<li>zum Einh\u00e4ngen<\/li>\n<li>diverse Farben (Eine Farbwahl ist leider nicht m\u00f6glich, da die Farbe je nach Lagerbestand gew\u00e4hlt wird.)<\/li>\n<li>per Handw\u00e4sche zu reinigen<\/li>\n<li>geeinget z.B. f\u00fcr Frettchen, Ratten<\/li>\n<li>Ma\u00dfe: ca. \u00f8 14 \u00d7 45 cm<\/li>\n<\/ul>\n<\/div>\n<\/div>\n<\/div>\n","protected":false},"excerpt":{"rendered":"<p>Baumwolle\/Lammfell-Optik (Polyester) zum Einh\u00e4ngen diverse Farben (Eine Farbwahl ist leider nicht m\u00f6glich, da die Farbe je nach Lagerbestand gew\u00e4hlt wird.) per Handw\u00e4sche zu reinigen geeinget z.B. f\u00fcr Frettchen, Ratten Ma\u00dfe: ca. \u00f8 14 \u00d7 45 cm<\/p>\n","protected":false},"featured_media":45211,"comment_status":"closed","ping_status":"open","template":"","meta":[],"product_cat":[13905],"product_tag":[],"class_list":{"0":"post-45210","1":"product","2":"type-product","3":"status-publish","4":"has-post-thumbnail","6":"product_cat-betten-haengematten-ausstattung-zubehoer-tunnel-hoehlen-brueckenkleintierwelt","8":"first","9":"instock","10":"taxable","11":"shipping-taxable","12":"purchasable","13":"product-type-simple"},"_links":{"self":[{"href":"https:\/\/all-pets.de\/shop\/wp-json\/wp\/v2\/product\/45210","targetHints":{"allow":["GET"]}}],"collection":[{"href":"https:\/\/all-pets.de\/shop\/wp-json\/wp\/v2\/product"}],"about":[{"href":"https:\/\/all-pets.de\/shop\/wp-json\/wp\/v2\/types\/product"}],"replies":[{"embeddable":true,"href":"https:\/\/all-pets.de\/shop\/wp-json\/wp\/v2\/comments?post=45210"}],"wp:featuredmedia":[{"embeddable":true,"href":"https:\/\/all-pets.de\/shop\/wp-json\/wp\/v2\/media\/45211"}],"wp:attachment":[{"href":"https:\/\/all-pets.de\/shop\/wp-json\/wp\/v2\/media?parent=45210"}],"wp:term":[{"taxonomy":"product_cat","embeddable":true,"href":"https:\/\/all-pets.de\/shop\/wp-json\/wp\/v2\/product_cat?post=45210"},{"taxonomy":"product_tag","embeddable":true,"href":"https:\/\/all-pets.de\/shop\/wp-json\/wp\/v2\/product_tag?post=45210"}],"curies":[{"name":"wp","href":"https:\/\/api.w.org\/{rel}","templated":true}]}}