{"id":45214,"date":"2023-12-12T10:47:46","date_gmt":"2023-12-12T09:47:46","guid":{"rendered":"https:\/\/pet-shopping.de\/shop\/produkt\/trixie-futterspender-eichel\/"},"modified":"2023-12-12T10:47:51","modified_gmt":"2023-12-12T09:47:51","slug":"trixie-futterspender-eichel","status":"publish","type":"product","link":"https:\/\/all-pets.de\/shop\/produkt\/trixie-futterspender-eichel\/","title":{"rendered":"Trixie Futterspender Eichel"},"content":{"rendered":"<ul>\n<li>Polyesterharz\/Metall<\/li>\n<li>von oben zu bef\u00fcllen mit N\u00fcssen und grobem Streufutter<\/li>\n<li>mit abnehmbarem Deckel<\/li>\n<li>zum Aufh\u00e4ngen<\/li>\n<li>wetterfest<\/li>\n<li>Ma\u00dfe: ca. 14 x 22 cm (Durchmesser x H\u00f6he)<\/li>\n<li>Fassungsverm\u00f6gen: ca. 700 ml<\/li>\n<li>Farbe: braun\/wei\u00df<\/li>\n<\/ul>\n","protected":false},"excerpt":{"rendered":"<p>Polyesterharz\/Metall von oben zu bef\u00fcllen mit N\u00fcssen und grobem Streufutter mit abnehmbarem Deckel zum Aufh\u00e4ngen wetterfest Ma\u00dfe: ca. 14 x 22 cm (Durchmesser x H\u00f6he) Fassungsverm\u00f6gen: ca. 700 ml Farbe: braun\/wei\u00df<\/p>\n","protected":false},"featured_media":45215,"comment_status":"closed","ping_status":"open","template":"","meta":[],"product_cat":[13813],"product_tag":[],"class_list":{"0":"post-45214","1":"product","2":"type-product","3":"status-publish","4":"has-post-thumbnail","6":"product_cat-futterhaeuser-nistkaesten","8":"first","9":"instock","10":"taxable","11":"shipping-taxable","12":"purchasable","13":"product-type-simple"},"_links":{"self":[{"href":"https:\/\/all-pets.de\/shop\/wp-json\/wp\/v2\/product\/45214","targetHints":{"allow":["GET"]}}],"collection":[{"href":"https:\/\/all-pets.de\/shop\/wp-json\/wp\/v2\/product"}],"about":[{"href":"https:\/\/all-pets.de\/shop\/wp-json\/wp\/v2\/types\/product"}],"replies":[{"embeddable":true,"href":"https:\/\/all-pets.de\/shop\/wp-json\/wp\/v2\/comments?post=45214"}],"wp:featuredmedia":[{"embeddable":true,"href":"https:\/\/all-pets.de\/shop\/wp-json\/wp\/v2\/media\/45215"}],"wp:attachment":[{"href":"https:\/\/all-pets.de\/shop\/wp-json\/wp\/v2\/media?parent=45214"}],"wp:term":[{"taxonomy":"product_cat","embeddable":true,"href":"https:\/\/all-pets.de\/shop\/wp-json\/wp\/v2\/product_cat?post=45214"},{"taxonomy":"product_tag","embeddable":true,"href":"https:\/\/all-pets.de\/shop\/wp-json\/wp\/v2\/product_tag?post=45214"}],"curies":[{"name":"wp","href":"https:\/\/api.w.org\/{rel}","templated":true}]}}