{"id":45222,"date":"2023-12-12T10:47:53","date_gmt":"2023-12-12T09:47:53","guid":{"rendered":"https:\/\/pet-shopping.de\/shop\/produkt\/designed-by-lotte-holz-katzennapf-set-linga\/"},"modified":"2023-12-12T10:47:54","modified_gmt":"2023-12-12T09:47:54","slug":"designed-by-lotte-holz-katzennapf-set-linga","status":"publish","type":"product","link":"https:\/\/all-pets.de\/shop\/produkt\/designed-by-lotte-holz-katzennapf-set-linga\/","title":{"rendered":"Designed by Lotte Holz Katzennapf-Set Linga"},"content":{"rendered":"<div class=\"data item content\" id=\"product.info.description\" data-role=\"content\" aria-labelledby=\"tab-label-product.info.description\" role=\"tabpanel\" aria-hidden=\"false\">\n<div class=\"product attribute description\">\n<div class=\"value\">\n<p>Cooles Abendessen f\u00fcr trendbewusste Katzen! Der Designed by Lotte Napfst\u00e4nder Linga ist aus dem beliebten Mangoholz und robusten Metallelementen hergestellt. So passt er perfekt zum industriellen Lifestyle-Trend. Die zugeh\u00f6rigen Edelstahln\u00e4pfe verf\u00fcgen \u00fcber eine Anti-Rutsch-Schicht, die das Klappern der N\u00e4pfe verhindert. Ihre Form ist speziell auf die Vorlieben und Bed\u00fcrfnisse von Katzen ausgerichtet. Schutzf\u00fc\u00dfe vermeiden Kratzer auf dem Fu\u00dfboden.<\/p>\n<p>Gr\u00f6\u00dfenangaben: ca. 31 x 16 x 10 cm (2 x 160ml)<\/p>\n<\/div>\n<\/div>\n<\/div>\n","protected":false},"excerpt":{"rendered":"<p>Cooles Abendessen f\u00fcr trendbewusste Katzen! Der Designed by Lotte Napfst\u00e4nder Linga ist aus dem beliebten Mangoholz und robusten Metallelementen hergestellt. So passt er perfekt zum industriellen Lifestyle-Trend. Die zugeh\u00f6rigen Edelstahln\u00e4pfe verf\u00fcgen \u00fcber eine Anti-Rutsch-Schicht, die das Klappern der N\u00e4pfe verhindert. Ihre Form ist speziell auf die Vorlieben und Bed\u00fcrfnisse von Katzen ausgerichtet. Schutzf\u00fc\u00dfe vermeiden Kratzer [&hellip;]<\/p>\n","protected":false},"featured_media":24853,"comment_status":"closed","ping_status":"open","template":"","meta":[],"product_cat":[13740],"product_tag":[],"class_list":{"0":"post-45222","1":"product","2":"type-product","3":"status-publish","4":"has-post-thumbnail","6":"product_cat-futter-wassernaepfe","8":"first","9":"instock","10":"taxable","11":"shipping-taxable","12":"purchasable","13":"product-type-simple"},"_links":{"self":[{"href":"https:\/\/all-pets.de\/shop\/wp-json\/wp\/v2\/product\/45222","targetHints":{"allow":["GET"]}}],"collection":[{"href":"https:\/\/all-pets.de\/shop\/wp-json\/wp\/v2\/product"}],"about":[{"href":"https:\/\/all-pets.de\/shop\/wp-json\/wp\/v2\/types\/product"}],"replies":[{"embeddable":true,"href":"https:\/\/all-pets.de\/shop\/wp-json\/wp\/v2\/comments?post=45222"}],"wp:featuredmedia":[{"embeddable":true,"href":"https:\/\/all-pets.de\/shop\/wp-json\/wp\/v2\/media\/24853"}],"wp:attachment":[{"href":"https:\/\/all-pets.de\/shop\/wp-json\/wp\/v2\/media?parent=45222"}],"wp:term":[{"taxonomy":"product_cat","embeddable":true,"href":"https:\/\/all-pets.de\/shop\/wp-json\/wp\/v2\/product_cat?post=45222"},{"taxonomy":"product_tag","embeddable":true,"href":"https:\/\/all-pets.de\/shop\/wp-json\/wp\/v2\/product_tag?post=45222"}],"curies":[{"name":"wp","href":"https:\/\/api.w.org\/{rel}","templated":true}]}}